{"id":6129,"date":"2025-08-20T09:04:05","date_gmt":"2025-08-20T09:04:05","guid":{"rendered":"https:\/\/ankercanis.com\/?page_id=6129"},"modified":"2025-09-01T19:08:58","modified_gmt":"2025-09-01T19:08:58","slug":"ankercanis-free-spirit","status":"publish","type":"page","link":"https:\/\/ankercanis.com\/pl\/ankercanis-free-spirit\/","title":{"rendered":"AnkerCanis Free Spirit"},"content":{"rendered":"<div data-elementor-type=\"wp-page\" data-elementor-id=\"6129\" class=\"elementor elementor-6129\">\n\t\t\t\t<div class=\"elementor-element elementor-element-3f9746e2 e-flex e-con-boxed e-con e-parent\" data-id=\"3f9746e2\" data-element_type=\"container\" data-e-type=\"container\">\n\t\t\t\t\t<div class=\"e-con-inner\">\n\t\t\t\t<div class=\"elementor-element elementor-element-4ef5acbe elementor-widget elementor-widget-text-editor\" data-id=\"4ef5acbe\" data-element_type=\"widget\" data-e-type=\"widget\" data-widget_type=\"text-editor.default\">\n\t\t\t\t\t\t\t\t\t\n<p>\u00a0<\/p>\n\n<p>\u00a0<\/p>\n\n<p>\u00a0<\/p>\n\t\t\t\t\t\t\t\t<\/div>\n\t\t\t\t\t<\/div>\n\t\t\t\t<\/div>\n\t\t<div class=\"elementor-element elementor-element-d024dcb e-flex e-con-boxed e-con e-parent\" data-id=\"d024dcb\" data-element_type=\"container\" data-e-type=\"container\">\n\t\t\t\t\t<div class=\"e-con-inner\">\n\t\t<div class=\"elementor-element elementor-element-978e201 e-con-full e-flex e-con e-child\" data-id=\"978e201\" data-element_type=\"container\" data-e-type=\"container\">\n\t\t\t\t<div class=\"elementor-element elementor-element-06c751f elementor-widget__width-initial elementor-widget elementor-widget-text-editor\" data-id=\"06c751f\" data-element_type=\"widget\" data-e-type=\"widget\" data-widget_type=\"text-editor.default\">\n\t\t\t\t\t\t\t\t\t<p><\/p>\n<p style=\"text-align: center;\"><strong>AnkerCanis Free Spirit \u2013 Mila<br \/>05\/05\/2022<\/strong><\/p>\n<p><\/p>\t\t\t\t\t\t\t\t<\/div>\n\t\t\t\t<div class=\"elementor-element elementor-element-2fb2777 elementor-widget elementor-widget-text-editor\" data-id=\"2fb2777\" data-element_type=\"widget\" data-e-type=\"widget\" data-widget_type=\"text-editor.default\">\n\t\t\t\t\t\t\t\t\t<p style=\"text-align: center;\"><a href=\"https:\/\/ankercanis.com\/pl\/litters\/d-litter\/yellow-girl\/\"><span style=\"text-decoration: underline;\">Mili strona Breed Archive<\/span><\/a><\/p>\n<p style=\"text-align: center;\"><span style=\"text-decoration: underline;\">Resultaty test\u00f3w zdrowotnych:<\/span><\/p>\t\t\t\t\t\t\t\t<\/div>\n\t\t<div class=\"elementor-element elementor-element-d84a7c6 e-con-full e-flex e-con e-child\" data-id=\"d84a7c6\" data-element_type=\"container\" data-e-type=\"container\">\n\t\t<div class=\"elementor-element elementor-element-103392e e-con-full e-flex e-con e-child\" data-id=\"103392e\" data-element_type=\"container\" data-e-type=\"container\">\n\t\t\t\t<div class=\"elementor-element elementor-element-d1d48df elementor-widget elementor-widget-text-editor\" data-id=\"d1d48df\" data-element_type=\"widget\" data-e-type=\"widget\" data-widget_type=\"text-editor.default\">\n\t\t\t\t\t\t\t\t\t<p><strong>\u0141okcie: 0\/0<br \/>Biodra: 4\/6<br \/>Oczy:\u00a0<span style=\"color: #ff0000;\">Affected<\/span><br \/>SDCA1: N\/N (czysta), SDCA2: N\/N (czysta), CJM: N\/N (czysta), DM: N\/N (czysta); CACA: N\/N (czysta)<\/strong><\/p>\t\t\t\t\t\t\t\t<\/div>\n\t\t\t\t<div class=\"elementor-element elementor-element-5eef608 elementor-arrows-position-outside elementor-widget__width-initial elementor-pagination-position-outside elementor-widget elementor-widget-image-carousel\" data-id=\"5eef608\" data-element_type=\"widget\" data-e-type=\"widget\" data-settings=\"{&quot;slides_to_show&quot;:&quot;1&quot;,&quot;navigation&quot;:&quot;both&quot;,&quot;autoplay&quot;:&quot;yes&quot;,&quot;pause_on_hover&quot;:&quot;yes&quot;,&quot;pause_on_interaction&quot;:&quot;yes&quot;,&quot;autoplay_speed&quot;:5000,&quot;infinite&quot;:&quot;yes&quot;,&quot;effect&quot;:&quot;slide&quot;,&quot;speed&quot;:500}\" data-widget_type=\"image-carousel.default\">\n\t\t\t\t\t\t\t<div class=\"elementor-image-carousel-wrapper swiper\" role=\"region\" aria-roledescription=\"carousel\" aria-label=\"Image Carousel\" dir=\"ltr\">\n\t\t\t<div class=\"elementor-image-carousel swiper-wrapper\" aria-live=\"off\">\n\t\t\t\t\t\t\t\t<div class=\"swiper-slide\" role=\"group\" aria-roledescription=\"slide\" aria-label=\"1 z 2\"><figure class=\"swiper-slide-inner\"><img decoding=\"async\" class=\"swiper-slide-image\" src=\"https:\/\/ankercanis.com\/wp-content\/uploads\/2025\/08\/20230101_132414000_iOS-300x225.jpg\" alt=\"20230101_132414000_iOS\" \/><\/figure><\/div><div class=\"swiper-slide\" role=\"group\" aria-roledescription=\"slide\" aria-label=\"2 z 2\"><figure class=\"swiper-slide-inner\"><img decoding=\"async\" class=\"swiper-slide-image\" src=\"https:\/\/ankercanis.com\/wp-content\/uploads\/2025\/08\/20230101_132423000_iOS-139x300.jpg\" alt=\"20230101_132423000_iOS\" \/><\/figure><\/div>\t\t\t<\/div>\n\t\t\t\t\t\t\t\t\t\t\t\t<div class=\"elementor-swiper-button elementor-swiper-button-prev\" role=\"button\" tabindex=\"0\">\n\t\t\t\t\t\t<svg aria-hidden=\"true\" class=\"e-font-icon-svg e-eicon-chevron-left\" viewbox=\"0 0 1000 1000\" xmlns=\"http:\/\/www.w3.org\/2000\/svg\"><path d=\"M646 125C629 125 613 133 604 142L308 442C296 454 292 471 292 487 292 504 296 521 308 533L604 854C617 867 629 875 646 875 663 875 679 871 692 858 704 846 713 829 713 812 713 796 708 779 692 767L438 487 692 225C700 217 708 204 708 187 708 171 704 154 692 142 675 129 663 125 646 125Z\"><\/path><\/svg>\t\t\t\t\t<\/div>\n\t\t\t\t\t<div class=\"elementor-swiper-button elementor-swiper-button-next\" role=\"button\" tabindex=\"0\">\n\t\t\t\t\t\t<svg aria-hidden=\"true\" class=\"e-font-icon-svg e-eicon-chevron-right\" viewbox=\"0 0 1000 1000\" xmlns=\"http:\/\/www.w3.org\/2000\/svg\"><path d=\"M696 533C708 521 713 504 713 487 713 471 708 454 696 446L400 146C388 133 375 125 354 125 338 125 325 129 313 142 300 154 292 171 292 187 292 204 296 221 308 233L563 492 304 771C292 783 288 800 288 817 288 833 296 850 308 863 321 871 338 875 354 875 371 875 388 867 400 854L696 533Z\"><\/path><\/svg>\t\t\t\t\t<\/div>\n\t\t\t\t\n\t\t\t\t\t\t\t\t\t<div class=\"swiper-pagination\"><\/div>\n\t\t\t\t\t\t\t\t\t<\/div>\n\t\t\t\t\t\t<\/div>\n\t\t\t\t<div class=\"elementor-element elementor-element-3e721ee elementor-widget elementor-widget-text-editor\" data-id=\"3e721ee\" data-element_type=\"widget\" data-e-type=\"widget\" data-widget_type=\"text-editor.default\">\n\t\t\t\t\t\t\t\t\t<p><strong>Mila zosta\u0142a naszym wyborem z miotu F. Z powodu pozytywnego wyniku testu na HC (wrodzona katarakta), zosta\u0142a wycofana z naszego programu hodowlanego. Mila ma teraz nowego brata i cieszy si\u0119 pe\u0142ni\u0105 \u017cycia.<\/strong><\/p>\t\t\t\t\t\t\t\t<\/div>\n\t\t\t\t<div class=\"elementor-element elementor-element-13e318e elementor-widget elementor-widget-image-gallery\" data-id=\"13e318e\" data-element_type=\"widget\" data-e-type=\"widget\" data-widget_type=\"image-gallery.default\">\n\t\t\t\t\t\t\t<div class=\"elementor-image-gallery\">\n\t\t\t<div id='gallery-1' class='gallery galleryid-6129 gallery-columns-1 gallery-size-full'><figure class='gallery-item'>\n\t\t\t<div class='gallery-icon landscape'>\n\t\t\t\t<a data-elementor-open-lightbox=\"yes\" data-elementor-lightbox-slideshow=\"13e318e\" data-elementor-lightbox-title=\"freespirit\" data-e-action-hash=\"#elementor-action%3Aaction%3Dlightbox%26settings%3DeyJpZCI6ODI3NSwidXJsIjoiaHR0cHM6XC9cL2Fua2VyY2FuaXMuY29tXC93cC1jb250ZW50XC91cGxvYWRzXC8yMDI1XC8wOFwvZnJlZXNwaXJpdC5wbmciLCJzbGlkZXNob3ciOiIxM2UzMThlIn0%3D\" href='https:\/\/ankercanis.com\/wp-content\/uploads\/2025\/08\/freespirit.png'><img fetchpriority=\"high\" decoding=\"async\" width=\"1018\" height=\"834\" src=\"https:\/\/ankercanis.com\/wp-content\/uploads\/2025\/08\/freespirit.png\" class=\"attachment-full size-full\" alt=\"\" srcset=\"https:\/\/ankercanis.com\/wp-content\/uploads\/2025\/08\/freespirit.png 1018w, https:\/\/ankercanis.com\/wp-content\/uploads\/2025\/08\/freespirit-300x246.png 300w, https:\/\/ankercanis.com\/wp-content\/uploads\/2025\/08\/freespirit-768x629.png 768w\" sizes=\"(max-width: 1018px) 100vw, 1018px\" \/><\/a>\n\t\t\t<\/div><\/figure>\n\t\t<\/div>\n\t\t<\/div>\n\t\t\t\t\t\t<\/div>\n\t\t\t\t<\/div>\n\t\t\t\t<\/div>\n\t\t\t\t<\/div>\n\t\t\t\t\t<\/div>\n\t\t\t\t<\/div>\n\t\t\t\t<\/div>","protected":false},"excerpt":{"rendered":"<p>\u00a0 \u00a0 \u00a0 AnkerCanis Free Spirit \u2013 MilaDOB: 05\/05\/2022 Mila&#8217;s page Health testing results: Elbows: 0\/0Hips: 4\/6Eyes:\u00a0AffectedSDCA1: N\/N (clear), SDCA2: N\/N (clear), CJM: N\/N (clear), DM: N\/N (clear); CACA: N\/N (clear) Mila was our pick from F litter. Due to testing positive for HC, she had been removed from our breeding programme. Mila now has&#8230;<\/p>","protected":false},"author":1,"featured_media":0,"parent":0,"menu_order":0,"comment_status":"closed","ping_status":"closed","template":"","meta":{"_kad_post_transparent":"","_kad_post_title":"","_kad_post_layout":"","_kad_post_sidebar_id":"","_kad_post_content_style":"","_kad_post_vertical_padding":"","_kad_post_feature":"","_kad_post_feature_position":"","_kad_post_header":false,"_kad_post_footer":false,"_kad_post_classname":"","footnotes":""},"class_list":["post-6129","page","type-page","status-publish","hentry"],"_links":{"self":[{"href":"https:\/\/ankercanis.com\/pl\/wp-json\/wp\/v2\/pages\/6129","targetHints":{"allow":["GET"]}}],"collection":[{"href":"https:\/\/ankercanis.com\/pl\/wp-json\/wp\/v2\/pages"}],"about":[{"href":"https:\/\/ankercanis.com\/pl\/wp-json\/wp\/v2\/types\/page"}],"author":[{"embeddable":true,"href":"https:\/\/ankercanis.com\/pl\/wp-json\/wp\/v2\/users\/1"}],"replies":[{"embeddable":true,"href":"https:\/\/ankercanis.com\/pl\/wp-json\/wp\/v2\/comments?post=6129"}],"version-history":[{"count":19,"href":"https:\/\/ankercanis.com\/pl\/wp-json\/wp\/v2\/pages\/6129\/revisions"}],"predecessor-version":[{"id":11029,"href":"https:\/\/ankercanis.com\/pl\/wp-json\/wp\/v2\/pages\/6129\/revisions\/11029"}],"wp:attachment":[{"href":"https:\/\/ankercanis.com\/pl\/wp-json\/wp\/v2\/media?parent=6129"}],"curies":[{"name":"wp","href":"https:\/\/api.w.org\/{rel}","templated":true}]}}