{"id":6127,"date":"2025-08-20T09:03:20","date_gmt":"2025-08-20T09:03:20","guid":{"rendered":"https:\/\/ankercanis.com\/?page_id=6127"},"modified":"2025-09-01T19:10:28","modified_gmt":"2025-09-01T19:10:28","slug":"ankercanis-enchanted-2","status":"publish","type":"page","link":"https:\/\/ankercanis.com\/pl\/our-dogs-2\/retired-from-breeding\/ankercanis-enchanted-2\/","title":{"rendered":"AnkerCanis Enchanted"},"content":{"rendered":"<div data-elementor-type=\"wp-page\" data-elementor-id=\"6127\" class=\"elementor elementor-6127\">\n\t\t\t\t<div class=\"elementor-element elementor-element-55fe476e e-flex e-con-boxed e-con e-parent\" data-id=\"55fe476e\" data-element_type=\"container\" data-e-type=\"container\">\n\t\t\t\t\t<div class=\"e-con-inner\">\n\t\t\t\t<div class=\"elementor-element elementor-element-6429503 elementor-widget elementor-widget-text-editor\" data-id=\"6429503\" data-element_type=\"widget\" data-e-type=\"widget\" data-widget_type=\"text-editor.default\">\n\t\t\t\t\t\t\t\t\t\n<p>.<\/p>\n\n<p>\u00a0<\/p>\n\t\t\t\t\t\t\t\t<\/div>\n\t\t\t\t\t<\/div>\n\t\t\t\t<\/div>\n\t\t<div class=\"elementor-element elementor-element-0a670d7 e-flex e-con-boxed e-con e-parent\" data-id=\"0a670d7\" data-element_type=\"container\" data-e-type=\"container\">\n\t\t\t\t\t<div class=\"e-con-inner\">\n\t\t<div class=\"elementor-element elementor-element-59e102d e-con-full e-flex e-con e-child\" data-id=\"59e102d\" data-element_type=\"container\" data-e-type=\"container\">\n\t\t\t\t<div class=\"elementor-element elementor-element-08e8713 elementor-widget__width-initial elementor-widget elementor-widget-text-editor\" data-id=\"08e8713\" data-element_type=\"widget\" data-e-type=\"widget\" data-widget_type=\"text-editor.default\">\n\t\t\t\t\t\t\t\t\t<p><\/p>\n<p style=\"text-align: center;\"><strong>AnkerCanis Enchanted \u2013 Nyx<\/strong><br \/><strong>22\/02\/2022<\/strong><\/p>\n<p><\/p>\t\t\t\t\t\t\t\t<\/div>\n\t\t\t\t<div class=\"elementor-element elementor-element-68aa407 elementor-widget elementor-widget-text-editor\" data-id=\"68aa407\" data-element_type=\"widget\" data-e-type=\"widget\" data-widget_type=\"text-editor.default\">\n\t\t\t\t\t\t\t\t\t<p style=\"text-align: center;\"><a href=\"https:\/\/ankercanis.com\/pl\/litters\/e-litter\/green-5\/\"><span style=\"text-decoration: underline;\">Nyx strona Breed Archive<\/span><\/a><\/p>\n<p style=\"text-align: center;\"><span style=\"text-decoration: underline;\">Resultaty test\u00f3w zdrowotnych:<\/span><\/p>\t\t\t\t\t\t\t\t<\/div>\n\t\t\t\t<div class=\"elementor-element elementor-element-ea59c51 elementor-widget elementor-widget-text-editor\" data-id=\"ea59c51\" data-element_type=\"widget\" data-e-type=\"widget\" data-widget_type=\"text-editor.default\">\n\t\t\t\t\t\t\t\t\t<p><strong>Oczy:\u00a0<span style=\"color: #ff0000;\">Affected<\/span><\/strong><\/p>\t\t\t\t\t\t\t\t<\/div>\n\t\t<div class=\"elementor-element elementor-element-58c3acc e-con-full e-flex e-con e-child\" data-id=\"58c3acc\" data-element_type=\"container\" data-e-type=\"container\">\n\t\t<div class=\"elementor-element elementor-element-d645540 e-con-full e-flex e-con e-child\" data-id=\"d645540\" data-element_type=\"container\" data-e-type=\"container\">\n\t\t\t\t<div class=\"elementor-element elementor-element-26598f2 elementor-arrows-position-outside elementor-widget__width-initial elementor-pagination-position-outside elementor-widget elementor-widget-image-carousel\" data-id=\"26598f2\" data-element_type=\"widget\" data-e-type=\"widget\" data-settings=\"{&quot;slides_to_show&quot;:&quot;1&quot;,&quot;navigation&quot;:&quot;both&quot;,&quot;autoplay&quot;:&quot;yes&quot;,&quot;pause_on_hover&quot;:&quot;yes&quot;,&quot;pause_on_interaction&quot;:&quot;yes&quot;,&quot;autoplay_speed&quot;:5000,&quot;infinite&quot;:&quot;yes&quot;,&quot;effect&quot;:&quot;slide&quot;,&quot;speed&quot;:500}\" data-widget_type=\"image-carousel.default\">\n\t\t\t\t\t\t\t<div class=\"elementor-image-carousel-wrapper swiper\" role=\"region\" aria-roledescription=\"carousel\" aria-label=\"Image Carousel\" dir=\"ltr\">\n\t\t\t<div class=\"elementor-image-carousel swiper-wrapper\" aria-live=\"off\">\n\t\t\t\t\t\t\t\t<div class=\"swiper-slide\" role=\"group\" aria-roledescription=\"slide\" aria-label=\"1 z 2\" data-no-translation-aria-label=\"\"><figure class=\"swiper-slide-inner\"><img decoding=\"async\" class=\"swiper-slide-image\" src=\"https:\/\/ankercanis.com\/wp-content\/uploads\/2025\/08\/PHOTO-2022-09-13-09-14-00-225x300.jpg\" alt=\"PHOTO-2022-09-13-09-14-00\" \/><\/figure><\/div><div class=\"swiper-slide\" role=\"group\" aria-roledescription=\"slide\" aria-label=\"2 z 2\" data-no-translation-aria-label=\"\"><figure class=\"swiper-slide-inner\"><img decoding=\"async\" class=\"swiper-slide-image\" src=\"https:\/\/ankercanis.com\/wp-content\/uploads\/2025\/08\/photo-2022-12-20-08-37-29-1-169x300.jpg\" alt=\"photo-2022-12-20-08-37-29 (1)\" \/><\/figure><\/div>\t\t\t<\/div>\n\t\t\t\t\t\t\t\t\t\t\t\t<div class=\"elementor-swiper-button elementor-swiper-button-prev\" role=\"button\" tabindex=\"0\">\n\t\t\t\t\t\t<svg aria-hidden=\"true\" class=\"e-font-icon-svg e-eicon-chevron-left\" viewbox=\"0 0 1000 1000\" xmlns=\"http:\/\/www.w3.org\/2000\/svg\"><path d=\"M646 125C629 125 613 133 604 142L308 442C296 454 292 471 292 487 292 504 296 521 308 533L604 854C617 867 629 875 646 875 663 875 679 871 692 858 704 846 713 829 713 812 713 796 708 779 692 767L438 487 692 225C700 217 708 204 708 187 708 171 704 154 692 142 675 129 663 125 646 125Z\"><\/path><\/svg>\t\t\t\t\t<\/div>\n\t\t\t\t\t<div class=\"elementor-swiper-button elementor-swiper-button-next\" role=\"button\" tabindex=\"0\">\n\t\t\t\t\t\t<svg aria-hidden=\"true\" class=\"e-font-icon-svg e-eicon-chevron-right\" viewbox=\"0 0 1000 1000\" xmlns=\"http:\/\/www.w3.org\/2000\/svg\"><path d=\"M696 533C708 521 713 504 713 487 713 471 708 454 696 446L400 146C388 133 375 125 354 125 338 125 325 129 313 142 300 154 292 171 292 187 292 204 296 221 308 233L563 492 304 771C292 783 288 800 288 817 288 833 296 850 308 863 321 871 338 875 354 875 371 875 388 867 400 854L696 533Z\"><\/path><\/svg>\t\t\t\t\t<\/div>\n\t\t\t\t\n\t\t\t\t\t\t\t\t\t<div class=\"swiper-pagination\"><\/div>\n\t\t\t\t\t\t\t\t\t<\/div>\n\t\t\t\t\t\t<\/div>\n\t\t\t\t<div class=\"elementor-element elementor-element-88d716f elementor-widget elementor-widget-text-editor\" data-id=\"88d716f\" data-element_type=\"widget\" data-e-type=\"widget\" data-widget_type=\"text-editor.default\">\n\t\t\t\t\t\t\t\t\t<p>Nyx by\u0142a naszym wyborem z miotu E. Pierwotnie mieszka\u0142a z kim\u015b innym i nazywa\u0142a si\u0119 Kiara, ale ten dom si\u0119 nie sprawdzi\u0142 i wr\u00f3ci\u0142a do nas. Z powodu pozytywnego wyniku testu na HC (wrodzona katarakta), Nyx zosta\u0142a wycofana z naszego programu hodowlanego, ale nadal wiedzie super \u017cycie ze swoimi w\u0142a\u015bcicielami i ich dwiema ma\u0142ymi c\u00f3rkami. To kolejny bardzo czu\u0142y pies, kt\u00f3ry uwielbia prac\u0119 i bycie cz\u0119\u015bci\u0105 rodziny.<\/p>\t\t\t\t\t\t\t\t<\/div>\n\t\t\t\t<div class=\"elementor-element elementor-element-c06156d elementor-widget elementor-widget-image-gallery\" data-id=\"c06156d\" data-element_type=\"widget\" data-e-type=\"widget\" data-widget_type=\"image-gallery.default\">\n\t\t\t\t\t\t\t<div class=\"elementor-image-gallery\">\n\t\t\t<div id='gallery-1' class='gallery galleryid-6127 gallery-columns-1 gallery-size-full'><figure class='gallery-item'>\n\t\t\t<div class='gallery-icon landscape'>\n\t\t\t\t<a data-elementor-open-lightbox=\"yes\" data-elementor-lightbox-slideshow=\"c06156d\" data-elementor-lightbox-title=\"enchanted\" data-e-action-hash=\"#elementor-action%3Aaction%3Dlightbox%26settings%3DeyJpZCI6ODI4MSwidXJsIjoiaHR0cHM6XC9cL2Fua2VyY2FuaXMuY29tXC93cC1jb250ZW50XC91cGxvYWRzXC8yMDI1XC8wOFwvZW5jaGFudGVkLnBuZyIsInNsaWRlc2hvdyI6ImMwNjE1NmQifQ%3D%3D\" href='https:\/\/ankercanis.com\/wp-content\/uploads\/2025\/08\/enchanted.png'><img fetchpriority=\"high\" decoding=\"async\" width=\"1004\" height=\"826\" src=\"https:\/\/ankercanis.com\/wp-content\/uploads\/2025\/08\/enchanted.png\" class=\"attachment-full size-full\" alt=\"\" srcset=\"https:\/\/ankercanis.com\/wp-content\/uploads\/2025\/08\/enchanted.png 1004w, https:\/\/ankercanis.com\/wp-content\/uploads\/2025\/08\/enchanted-300x247.png 300w, https:\/\/ankercanis.com\/wp-content\/uploads\/2025\/08\/enchanted-768x632.png 768w\" sizes=\"(max-width: 1004px) 100vw, 1004px\" \/><\/a>\n\t\t\t<\/div><\/figure>\n\t\t<\/div>\n\t\t<\/div>\n\t\t\t\t\t\t<\/div>\n\t\t\t\t<\/div>\n\t\t\t\t<\/div>\n\t\t\t\t<\/div>\n\t\t\t\t\t<\/div>\n\t\t\t\t<\/div>\n\t\t\t\t<\/div>","protected":false},"excerpt":{"rendered":"<p>. \u00a0 AnkerCanis Enchanted \u2013 NyxDOB: 22\/02\/2022 Nyx&#8217;s page Health testing results: Eyes:\u00a0Affected Nyx was our pick from E litter. She was originally living with someone else and was called Kiara, but this home did not work out. Due to testing positive for HC, Nyx has been removed from our breeding programme, but she still&#8230;<\/p>","protected":false},"author":1,"featured_media":0,"parent":2013,"menu_order":0,"comment_status":"closed","ping_status":"closed","template":"","meta":{"_kad_post_transparent":"","_kad_post_title":"","_kad_post_layout":"","_kad_post_sidebar_id":"","_kad_post_content_style":"","_kad_post_vertical_padding":"","_kad_post_feature":"","_kad_post_feature_position":"","_kad_post_header":false,"_kad_post_footer":false,"_kad_post_classname":"","footnotes":""},"class_list":["post-6127","page","type-page","status-publish","hentry"],"_links":{"self":[{"href":"https:\/\/ankercanis.com\/pl\/wp-json\/wp\/v2\/pages\/6127","targetHints":{"allow":["GET"]}}],"collection":[{"href":"https:\/\/ankercanis.com\/pl\/wp-json\/wp\/v2\/pages"}],"about":[{"href":"https:\/\/ankercanis.com\/pl\/wp-json\/wp\/v2\/types\/page"}],"author":[{"embeddable":true,"href":"https:\/\/ankercanis.com\/pl\/wp-json\/wp\/v2\/users\/1"}],"replies":[{"embeddable":true,"href":"https:\/\/ankercanis.com\/pl\/wp-json\/wp\/v2\/comments?post=6127"}],"version-history":[{"count":16,"href":"https:\/\/ankercanis.com\/pl\/wp-json\/wp\/v2\/pages\/6127\/revisions"}],"predecessor-version":[{"id":11032,"href":"https:\/\/ankercanis.com\/pl\/wp-json\/wp\/v2\/pages\/6127\/revisions\/11032"}],"up":[{"embeddable":true,"href":"https:\/\/ankercanis.com\/pl\/wp-json\/wp\/v2\/pages\/2013"}],"wp:attachment":[{"href":"https:\/\/ankercanis.com\/pl\/wp-json\/wp\/v2\/media?parent=6127"}],"curies":[{"name":"wp","href":"https:\/\/api.w.org\/{rel}","templated":true}]}}