{"id":6111,"date":"2025-08-20T08:48:26","date_gmt":"2025-08-20T08:48:26","guid":{"rendered":"https:\/\/ankercanis.com\/?page_id=6111"},"modified":"2026-03-03T12:21:41","modified_gmt":"2026-03-03T12:21:41","slug":"ankercanis-gamora","status":"publish","type":"page","link":"https:\/\/ankercanis.com\/pl\/our-dogs-2\/on-breeding-contract\/ankercanis-gamora\/","title":{"rendered":"AnkerCanis Gamora"},"content":{"rendered":"<div data-elementor-type=\"wp-page\" data-elementor-id=\"6111\" class=\"elementor elementor-6111\">\n\t\t\t\t<div class=\"elementor-element elementor-element-7b30994f e-flex e-con-boxed e-con e-parent\" data-id=\"7b30994f\" data-element_type=\"container\" data-e-type=\"container\">\n\t\t\t\t\t<div class=\"e-con-inner\">\n\t\t<div class=\"elementor-element elementor-element-6b9d650 e-con-full e-flex e-con e-child\" data-id=\"6b9d650\" data-element_type=\"container\" data-e-type=\"container\">\n\t\t<div class=\"elementor-element elementor-element-22566f3 e-con-full e-flex e-con e-child\" data-id=\"22566f3\" data-element_type=\"container\" data-e-type=\"container\">\n\t\t\t\t<div class=\"elementor-element elementor-element-93fb0aa elementor-widget__width-initial elementor-widget elementor-widget-text-editor\" data-id=\"93fb0aa\" data-element_type=\"widget\" data-e-type=\"widget\" data-widget_type=\"text-editor.default\">\n\t\t\t\t\t\t\t\t\t<p><\/p>\n<p style=\"text-align: center;\"><strong>AnkerCanis Gamora \u2013 Coco<\/strong><br><strong>26\/04\/2023<\/strong><\/p>\n<p><\/p>\t\t\t\t\t\t\t\t<\/div>\n\t\t\t\t<div class=\"elementor-element elementor-element-5bafbbd elementor-widget elementor-widget-text-editor\" data-id=\"5bafbbd\" data-element_type=\"widget\" data-e-type=\"widget\" data-widget_type=\"text-editor.default\">\n\t\t\t\t\t\t\t\t\t<p style=\"text-align: center;\"><a href=\"https:\/\/ankercanis.com\/pl\/litters\/g-itter\/yellow-girl-2\/\"><span style=\"text-decoration: underline;\">Coco&#8217;s page<\/span><\/a><\/p>\n<p style=\"text-align: center;\"><span style=\"text-decoration: underline;\">Resultaty test\u00f3w zdrowotnych:<\/span><\/p>\t\t\t\t\t\t\t\t<\/div>\n\t\t\t\t<div class=\"elementor-element elementor-element-0a14a98 elementor-widget elementor-widget-text-editor\" data-id=\"0a14a98\" data-element_type=\"widget\" data-e-type=\"widget\" data-widget_type=\"text-editor.default\">\n\t\t\t\t\t\t\t\t\t<p>\u0141okcie: 0\/0<br \/>Hips: 3\/5<br \/>Oczy: Czyste<br \/>SDCA1: N\/N (clear), SDCA2: TBC<br \/>CJM: N\/N (czysta), DM: N\/N (czysta); CACA: N\/N (czysta)<\/p>\t\t\t\t\t\t\t\t<\/div>\n\t\t<div class=\"elementor-element elementor-element-0ab08d0 e-con-full e-flex e-con e-child\" data-id=\"0ab08d0\" data-element_type=\"container\" data-e-type=\"container\">\n\t\t<div class=\"elementor-element elementor-element-24bbf6b e-con-full e-flex e-con e-child\" data-id=\"24bbf6b\" data-element_type=\"container\" data-e-type=\"container\">\n\t\t\t\t<div class=\"elementor-element elementor-element-05fcc86 elementor-arrows-position-outside elementor-widget__width-initial elementor-pagination-position-outside elementor-widget elementor-widget-image-carousel\" data-id=\"05fcc86\" data-element_type=\"widget\" data-e-type=\"widget\" data-settings=\"{&quot;slides_to_show&quot;:&quot;1&quot;,&quot;navigation&quot;:&quot;both&quot;,&quot;autoplay&quot;:&quot;yes&quot;,&quot;pause_on_hover&quot;:&quot;yes&quot;,&quot;pause_on_interaction&quot;:&quot;yes&quot;,&quot;autoplay_speed&quot;:5000,&quot;infinite&quot;:&quot;yes&quot;,&quot;effect&quot;:&quot;slide&quot;,&quot;speed&quot;:500}\" data-widget_type=\"image-carousel.default\">\n\t\t\t\t\t\t\t<div class=\"elementor-image-carousel-wrapper swiper\" role=\"region\" aria-roledescription=\"carousel\" aria-label=\"Image Carousel\" dir=\"ltr\">\n\t\t\t<div class=\"elementor-image-carousel swiper-wrapper\" aria-live=\"off\">\n\t\t\t\t\t\t\t\t<div class=\"swiper-slide\" role=\"group\" aria-roledescription=\"slide\" aria-label=\"1 of 2\"><figure class=\"swiper-slide-inner\"><img decoding=\"async\" class=\"swiper-slide-image\" src=\"https:\/\/ankercanis.com\/wp-content\/uploads\/2025\/08\/1000021245-300x226.jpg\" alt=\"1000021245\" \/><\/figure><\/div><div class=\"swiper-slide\" role=\"group\" aria-roledescription=\"slide\" aria-label=\"2 of 2\"><figure class=\"swiper-slide-inner\"><img decoding=\"async\" class=\"swiper-slide-image\" src=\"https:\/\/ankercanis.com\/wp-content\/uploads\/2025\/08\/1000021247-226x300.jpg\" alt=\"1000021247\" \/><\/figure><\/div>\t\t\t<\/div>\n\t\t\t\t\t\t\t\t\t\t\t\t<div class=\"elementor-swiper-button elementor-swiper-button-prev\" role=\"button\" tabindex=\"0\">\n\t\t\t\t\t\t<svg aria-hidden=\"true\" class=\"e-font-icon-svg e-eicon-chevron-left\" viewbox=\"0 0 1000 1000\" xmlns=\"http:\/\/www.w3.org\/2000\/svg\"><path d=\"M646 125C629 125 613 133 604 142L308 442C296 454 292 471 292 487 292 504 296 521 308 533L604 854C617 867 629 875 646 875 663 875 679 871 692 858 704 846 713 829 713 812 713 796 708 779 692 767L438 487 692 225C700 217 708 204 708 187 708 171 704 154 692 142 675 129 663 125 646 125Z\"><\/path><\/svg>\t\t\t\t\t<\/div>\n\t\t\t\t\t<div class=\"elementor-swiper-button elementor-swiper-button-next\" role=\"button\" tabindex=\"0\">\n\t\t\t\t\t\t<svg aria-hidden=\"true\" class=\"e-font-icon-svg e-eicon-chevron-right\" viewbox=\"0 0 1000 1000\" xmlns=\"http:\/\/www.w3.org\/2000\/svg\"><path d=\"M696 533C708 521 713 504 713 487 713 471 708 454 696 446L400 146C388 133 375 125 354 125 338 125 325 129 313 142 300 154 292 171 292 187 292 204 296 221 308 233L563 492 304 771C292 783 288 800 288 817 288 833 296 850 308 863 321 871 338 875 354 875 371 875 388 867 400 854L696 533Z\"><\/path><\/svg>\t\t\t\t\t<\/div>\n\t\t\t\t\n\t\t\t\t\t\t\t\t\t<div class=\"swiper-pagination\"><\/div>\n\t\t\t\t\t\t\t\t\t<\/div>\n\t\t\t\t\t\t<\/div>\n\t\t\t\t<div class=\"elementor-element elementor-element-8b57915 elementor-widget elementor-widget-text-editor\" data-id=\"8b57915\" data-element_type=\"widget\" data-e-type=\"widget\" data-widget_type=\"text-editor.default\">\n\t\t\t\t\t\t\t\t\t<p>Coco pierwotnie nie by\u0142a w naszym programie hodowlanym, ale jej w\u0142a\u015bciciel chcia\u0142 kolejnego szczeniaka i nie mia\u0142 mo\u017cliwo\u015bci posiadania miotu, wi\u0119c podj\u0105\u0142 bardzo odpowiedzialn\u0105 decyzj\u0119 o wzi\u0119ciu szczeniaka od Coco, po tym jak u nas b\u0119dzie mia\u0142a miot. Coco jest siostr\u0105 Godivy.<\/p><p><span style=\"font-size: 25px; letter-spacing: 0.152px;\">Jest matk\u0105:<\/span><br style=\"font-size: 25px; letter-spacing: 0.152px;\"><span style=\"font-size: 25px; letter-spacing: 0.152px; text-decoration-line: underline; color: rgb(255, 0, 255);\"><a href=\"https:\/\/ankercanis.com\/pl\/litters\/l-litter-planned-winter-2025\/\" style=\"color: rgb(255, 0, 255); transition-property: all;\">Miot L<\/a><\/span><\/p>\t\t\t\t\t\t\t\t<\/div>\n\t\t\t\t<div class=\"elementor-element elementor-element-5b05f7a elementor-widget elementor-widget-image-gallery\" data-id=\"5b05f7a\" data-element_type=\"widget\" data-e-type=\"widget\" data-widget_type=\"image-gallery.default\">\n\t\t\t\t\t\t\t<div class=\"elementor-image-gallery\">\n\t\t\t<div id='gallery-1' class='gallery galleryid-6111 gallery-columns-1 gallery-size-full'><figure class='gallery-item'>\n\t\t\t<div class='gallery-icon landscape'>\n\t\t\t\t<a data-elementor-open-lightbox=\"yes\" data-elementor-lightbox-slideshow=\"5b05f7a\" data-elementor-lightbox-title=\"Screenshot 2026-03-03 122109\" data-e-action-hash=\"#elementor-action%3Aaction%3Dlightbox%26settings%3DeyJpZCI6MTMwMjAsInVybCI6Imh0dHBzOlwvXC9hbmtlcmNhbmlzLmNvbVwvd3AtY29udGVudFwvdXBsb2Fkc1wvMjAyNlwvMDNcL1NjcmVlbnNob3QtMjAyNi0wMy0wMy0xMjIxMDkucG5nIiwic2xpZGVzaG93IjoiNWIwNWY3YSJ9\" href='https:\/\/ankercanis.com\/wp-content\/uploads\/2026\/03\/Screenshot-2026-03-03-122109.png'><img fetchpriority=\"high\" decoding=\"async\" width=\"981\" height=\"902\" src=\"https:\/\/ankercanis.com\/wp-content\/uploads\/2026\/03\/Screenshot-2026-03-03-122109.png\" class=\"attachment-full size-full\" alt=\"\" srcset=\"https:\/\/ankercanis.com\/wp-content\/uploads\/2026\/03\/Screenshot-2026-03-03-122109.png 981w, https:\/\/ankercanis.com\/wp-content\/uploads\/2026\/03\/Screenshot-2026-03-03-122109-300x276.png 300w, https:\/\/ankercanis.com\/wp-content\/uploads\/2026\/03\/Screenshot-2026-03-03-122109-768x706.png 768w, https:\/\/ankercanis.com\/wp-content\/uploads\/2026\/03\/Screenshot-2026-03-03-122109-13x12.png 13w\" sizes=\"(max-width: 981px) 100vw, 981px\" \/><\/a>\n\t\t\t<\/div><\/figure>\n\t\t<\/div>\n\t\t<\/div>\n\t\t\t\t\t\t<\/div>\n\t\t\t\t<\/div>\n\t\t\t\t<\/div>\n\t\t\t\t<\/div>\n\t\t\t\t<\/div>\n\t\t\t\t\t<\/div>\n\t\t\t\t<\/div>\n\t\t\t\t<\/div>","protected":false},"excerpt":{"rendered":"<p>AnkerCanis Gamora \u2013 CocoDOB: 26\/04\/2023 Coco&#8217;s page Health testing results: Elbows: 0\/0Hips: 3\/5Eyes: ClearSDCA1: N\/N (clear), SDCA2: TBCCJM: N\/N (clear), DM: N\/N (clear); CACA: N\/N (clear) Coco wasn&#8217;t originally on our breeding programme, but her owner wanted another pup and wasn&#8217;t in any position to breed and made a very responsible decision to have Coco&#8217;s&#8230;<\/p>","protected":false},"author":1,"featured_media":0,"parent":1531,"menu_order":0,"comment_status":"closed","ping_status":"closed","template":"","meta":{"_kad_post_transparent":"","_kad_post_title":"","_kad_post_layout":"","_kad_post_sidebar_id":"","_kad_post_content_style":"","_kad_post_vertical_padding":"","_kad_post_feature":"","_kad_post_feature_position":"","_kad_post_header":false,"_kad_post_footer":false,"_kad_post_classname":"","footnotes":""},"class_list":["post-6111","page","type-page","status-publish","hentry"],"_links":{"self":[{"href":"https:\/\/ankercanis.com\/pl\/wp-json\/wp\/v2\/pages\/6111","targetHints":{"allow":["GET"]}}],"collection":[{"href":"https:\/\/ankercanis.com\/pl\/wp-json\/wp\/v2\/pages"}],"about":[{"href":"https:\/\/ankercanis.com\/pl\/wp-json\/wp\/v2\/types\/page"}],"author":[{"embeddable":true,"href":"https:\/\/ankercanis.com\/pl\/wp-json\/wp\/v2\/users\/1"}],"replies":[{"embeddable":true,"href":"https:\/\/ankercanis.com\/pl\/wp-json\/wp\/v2\/comments?post=6111"}],"version-history":[{"count":28,"href":"https:\/\/ankercanis.com\/pl\/wp-json\/wp\/v2\/pages\/6111\/revisions"}],"predecessor-version":[{"id":13023,"href":"https:\/\/ankercanis.com\/pl\/wp-json\/wp\/v2\/pages\/6111\/revisions\/13023"}],"up":[{"embeddable":true,"href":"https:\/\/ankercanis.com\/pl\/wp-json\/wp\/v2\/pages\/1531"}],"wp:attachment":[{"href":"https:\/\/ankercanis.com\/pl\/wp-json\/wp\/v2\/media?parent=6111"}],"curies":[{"name":"wp","href":"https:\/\/api.w.org\/{rel}","templated":true}]}}