{"id":5235,"date":"2025-07-30T20:18:48","date_gmt":"2025-07-30T19:18:48","guid":{"rendered":"https:\/\/ankercanismalinois.wordpress.com\/?page_id=244"},"modified":"2025-10-04T21:08:12","modified_gmt":"2025-10-04T21:08:12","slug":"breeding","status":"publish","type":"page","link":"https:\/\/ankercanis.com\/pl\/breeding\/","title":{"rendered":"Nowi w\u0142a\u015bciciele"},"content":{"rendered":"<div data-elementor-type=\"wp-page\" data-elementor-id=\"5235\" class=\"elementor elementor-5235\">\n\t\t\t\t<div class=\"elementor-element elementor-element-4efeb656 e-flex e-con-boxed e-con e-parent\" data-id=\"4efeb656\" data-element_type=\"container\" data-e-type=\"container\">\n\t\t\t\t\t<div class=\"e-con-inner\">\n\t\t\t\t<div class=\"elementor-element elementor-element-627e803 elementor-widget elementor-widget-text-editor\" data-id=\"627e803\" data-element_type=\"widget\" data-e-type=\"widget\" data-widget_type=\"text-editor.default\">\n\t\t\t\t\t\t\t\t\t<p>Owczarek belgijski Malinois nie jest typowym psem, kt\u00f3rego mo\u017cna trzyma\u0107 w domu jako pupila. Kr\u00f3tki spacer dwa razy dziennie po prostu mu nie wystarczy.<br \/>Potrzebuj\u0105 stymulacji umys\u0142owej, czasem jakiej\u015b pracy do wykonania lub aktywnego trybu \u017cycia.<br \/><a href=\"https:\/\/ankercanis.com\/pl\/useful-links\/\">List\u0119 sport\u00f3w, kt\u00f3re mo\u017cesz uprawia\u0107 z psem, znajdziesz tutaj. Nie wszystkie wymagaj\u0105 wysi\u0142ku fizycznego.<\/a><br \/>Zastan\u00f3w si\u0119 zanim skontaktujesz si\u0119 z nami w sprawie szczeniaka. <br \/>Nasze szczeni\u0119ta sprawdzaj\u0105 sie w agility, wojsku, obronie, tropieniu itp. Mamy r\u00f3wnie\u017c szczeni\u0119ta, kt\u00f3re s\u0105 pupilami domowymi, ale s\u0105 wyszkolone i maj\u0105 jakie\u015b zaj\u0119cie. Maliniaki to najlepsze psy rodzinne, je\u015bli codziennie maj\u0105 zapewnion\u0105 odpowiedni\u0105 dawk\u0119 stymulacji psychicznej i fizycznej. Kochaj\u0105 swoich opiekun\u00f3w i chc\u0105 ich zadowoli\u0107.<\/p>\n<p><!-- \/wp:paragraph --><!-- wp:paragraph --><\/p>\n<h3><strong>Rezerwacja szczeniaka AnkerCanis:<\/strong><\/h3>\n<p><!-- \/wp:paragraph --><!-- wp:paragraph --><\/p>\n<p>Po zapoznaniu si\u0119 z ras\u0105 (je\u015bli nie mia\u0142e\u015b wcze\u015bniej malinois), skontaktuj si\u0119 z nami. Przeprowadzimy z Tob\u0105 wst\u0119pn\u0105 rozmow\u0119 i zadamy wiele pyta\u0144. Niekt\u00f3rzy twierdz\u0105, \u017ce \u0142atwiej jest dosta\u0107 si\u0119 do British Intelligence ni\u017c zdoby\u0107 szczeniaka od nas. <br \/>Zapraszamy r\u00f3wnie\u017c do odwiedzin \u2013 obejrzenia naszych ps\u00f3w, obejrzenia domu, a tak\u017ce, je\u015bli to mo\u017cliwe, do rozmowy z nami osobi\u015bcie.<\/p>\n<p><!-- \/wp:paragraph --><!-- wp:paragraph --><\/p>\n<p>Je\u015bli to Ci\u0119 jeszcze nie odstraszy\u0142o \u2013 prosimy <a href=\"https:\/\/ankercanis.com\/pl\/contact-us\/\">skontaktuj si\u0119 z nami<\/a>Aby umie\u015bci\u0107 Ci\u0119 na li\u015bcie oczekuj\u0105cych, b\u0119dziemy potrzebowa\u0107 od Ciebie kilku danych, kt\u00f3re b\u0119dziemy przechowywa\u0107 w naszej dokumentacji. Dlatego bardzo wa\u017cne jest, aby\u015b informowa\u0142 nas o wszelkich zmianach adresu, adresu e-mail lub numeru telefonu kom\u00f3rkowego. Je\u015bli z jakiegokolwiek powodu nie mo\u017cesz przyj\u0105\u0107 szczeniaka lub zdecydujesz si\u0119 na innego hodowc\u0119, prosimy o jak najszybsze poinformowanie nas o tym.<\/p>\n<p><!-- \/wp:paragraph --><!-- wp:paragraph --><\/p>\n<p>Jednej rzeczy, kt\u00f3rej nigdy nie robimy to nie pozwolimy Ci na kupoienie dw\u00f3ch lub wi\u0119cej szczeni\u0105t w tym samym czasie. To niebezpieczna gra i b\u0119dziemy Ci\u0119 od tego odwodzi\u0107, nie sprzedaj\u0105c Ci wi\u0119cej ni\u017c jednego szczeniaka z tego samego miotu \u2013 Zesp\u00f3\u0142 Miotowy to realne zjawisko! Je\u015bli masz ju\u017c m\u0142odego szczeniaka, r\u00f3wnie\u017c radzimy poczeka\u0107. \u017baden dobry hodowca nie sprzeda Ci dw\u00f3ch szczeni\u0105t naraz. Mog\u0105 one nawi\u0105za\u0107 wi\u0119\u017a mi\u0119dzy sob\u0105, a nie z Tob\u0105. Minimalna r\u00f3\u017cnica wieku mi\u0119dzy psami to 12-18 miesi\u0119cy.<\/p>\n<p><!-- \/wp:paragraph --><!-- wp:paragraph --><\/p>\n<p>Je\u015bli uznamy, \u017ce nadajesz si\u0119 na przysz\u0142ego w\u0142a\u015bciciela jednego ze szczeni\u0105t AnkerCanis, poprosimy Ci\u0119 o uiszczenie bezzwrotnej op\u0142aty rezerwacyjnej w wysoko\u015bci 100 funt\u00f3w, kt\u00f3ra zostanie zaliczona na poczet ca\u0142kowitej ceny szczeni\u0119cia. Nie podj\u0119li\u015bmy tej decyzji pochopnie i rozwa\u017cali\u015bmy j\u0105 przez 2 lata, ale niestety wiele os\u00f3b tylko marnuje nesz czas.<\/p>\n<p><!-- \/wp:paragraph --><!-- wp:paragraph --><\/p>\n<p><!-- \/wp:paragraph --><!-- wp:paragraph --><\/p>\n<p>Po narodzinach szczeni\u0105t przejrzymy list\u0119 i skontaktujemy si\u0119 z ka\u017cdym w kolejno\u015bci na li\u015bcie oczekuj\u0105cych. Je\u015bli z tego miotu nie b\u0119dzie wystarczaj\u0105cej liczby szczeni\u0105t, automatycznie przeniesiesz si\u0119 na pocz\u0105tek listy oczekuj\u0105cych na kolejny miot. Oczywi\u015bcie powiadomimy Ci\u0119 o tym.<\/p>\n<p><!-- \/wp:paragraph --><!-- wp:paragraph --><\/p>\n<p>When puppies are 3 days old we will require a further payment (deposit) of \u00a3300. The deposit is non-refundable but transferable, which means that if your circumstances change and you can\u2019t take a pup at the moment, you will not lose your deposit. If it is only a temporary problem, and you want to be moved to the next litter&#8217;s waiting list (life happens and people get sick and we understand that), the deposit will transfer to next or further litter. However this transfer can only be done once. If the deposit is not paid, you will be removed from the waiting list and we will move to next person. It might sound harsh, but past experiences taught us that some people will just drag things and it causes unnecessary stress and we want to ensure our pups are going to homes that are waiting for them.<\/p>\n<p>Wszystkie szczeni\u0119ta b\u0119d\u0105 mia\u0142y przydomek hodowlany \u201eAnkerCanis\u201d, a nast\u0119pnie imi\u0119 zaczynaj\u0105ce si\u0119 na liter\u0119 miotu. Mo\u017cemy rozwa\u017cy\u0107 wyb\u00f3r imienia dla szczeni\u0119cia, ale czasami Kennel Club ma ograniczenia, kt\u00f3rych nie mo\u017cemy obej\u015b\u0107 i imi\u0119 mo\u017ce nie zosta\u0107 zaakceptowane.<\/p>\n<p>Od 4-go tygodnia \u017cycia mo\u017cesz odwiedza\u0107 szczeniaka i zach\u0119camy wszystkich do odwiedzin, je\u015bli jest to logistycznie mo\u017cliwe. Nie oczekujemy, \u017ce przyjedziesz, je\u015bli mieszkasz 5-6 godzin drogi \u2013 ale mieli\u015bmy osoby, kt\u00f3re podr\u00f3\u017cowa\u0142y tak daleko, \u017ceby sp\u0119dzi\u0107 kilka godzin ze szczeniakami. Aby unikn\u0105\u0107 rozprzestrzeniania si\u0119 zarazk\u00f3w i stresu dla matki, nie wpuszczamy \u017cadnych go\u015bci przed 4-tym tygodniem \u017cycia.<sup>th<\/sup> chyba \u017ce s\u0105 to cz\u0142onkowie rodziny lub bliscy przyjaciele, kt\u00f3rych suka zna.<\/p>\n<p>e\u015bli zostaniesz w\u0142a\u015bcicielem szczeniaka AnkerCanis, nie znikniemy, gdy tylko szczeniak zostanie Ci sprzedany. Utrzymujemy kontakt z w\u0142a\u015bcicielami z ka\u017cdego miotu, jaki mieli\u015bmy. Z niekt\u00f3rymi z nich nawi\u0105zali\u015bmy bliskie relacje. Dbamy r\u00f3wnie\u017c o to, aby w\u0142a\u015bciciele z tego samego miotu r\u00f3wnie\u017c pozostawali w kontakcie \u2013 to bardzo pomaga w udzielaniu wskaz\u00f3wek dotycz\u0105cych szkolenia i potencjalnych spotka\u0144.<\/p>\n<p><!-- \/wp:paragraph --><!-- wp:paragraph --><\/p>\n<p>Nie wyra\u017camy zgody na rozmna\u017canie naszych szczeni\u0105t bez przeprowadzenia wszystkich bada\u0144 lekarskich \u2013 jest to cz\u0119\u015b\u0107 umowy, kt\u00f3r\u0105 musisz podpisa\u0107.<\/p>\n<p><!-- \/wp:paragraph --><!-- wp:paragraph --><\/p>\n<h4><strong>Wyb\u00f3r szczeniaka:<\/strong><\/h4>\n<p><!-- \/wp:paragraph --><!-- wp:paragraph --><\/p>\n<p>Mamy ponad 45 lat do\u015bwiadczenia w posiadaniu ps\u00f3w i 25 lat do\u015bwiadczenia w hodowli, dlatego my wybierzemy dla Ciebie szczeniaka. Nigdy jeszcze si\u0119 nie pomylili\u015bmy.<\/p>\n<p><!-- \/wp:paragraph --><!-- wp:paragraph --><\/p>\n<h5><strong>Dzie\u0144, w kt\u00f3rym odbierasz szczeniaka:<\/strong><\/h5>\n<p><!-- \/wp:paragraph --><!-- wp:paragraph --><\/p>\n<p>Uwa\u017camy, \u017ce psy pracuj\u0105ce powinny opuszcza\u0107 matk\u0119 w wieku 8 tygodni (z naszego do\u015bwiadczenia wynika, \u017ce \u200b\u200bw przypadku maliniak\u00f3wpowinno to by\u0107 7 tygodni, ale prawo nakazuje 8 tygodni). Nie uwa\u017camy, aby szczeni\u0119ta zostawa\u0142y z matk\u0105 do 12. tygodnia \u017cycia, zw\u0142aszcza w przypadku maliniak\u00f3w, poniewa\u017c trac\u0105 one kluczowy czas na nawi\u0105zanie wi\u0119zi z w\u0142a\u015bcicielem (mi\u0119dzy 8. a 12. tygodniem \u017cycia), zanim rozpoczn\u0105 odpowiednie szkolenie w wieku 12-14 tygodni. To r\u00f3wnie\u017c bardzo wa\u017cny czas dla socjalizacji Twojego ma\u0142ego woreczka z\u0119b\u00f3w.<\/p>\n<p><!-- \/wp:paragraph --><!-- wp:paragraph --><\/p>\n<p>W dniu przekazania szczeniaka nale\u017cy ui\u015bci\u0107 pozosta\u0142\u0105 kwot\u0119. Aby pozna\u0107 pe\u0142n\u0105 cen\u0119, prosimy o  kontakt bezpo\u015bredni.<\/p>\n<p><!-- \/wp:paragraph --><!-- wp:paragraph --><\/p>\n<p>Je\u015bli mieszkasz za granic\u0105 i chcesz od nas szczeniaka, nie stanowi to problemu, o ile zostanie to wcze\u015bniej uzgodnione. Prosimy o zorganizowanie transportu i uiszczenie pe\u0142nej op\u0142aty w dniu odbioru. Preferujemy odbi\u00f3r szczeniaka osobi\u015bcie, ale rozumiemy, \u017ce nie zawsze jest to mo\u017cliwe. B\u0119dziesz musia\u0142 pokry\u0107 koszty wszelkich dokument\u00f3w i dodatkowych szczepie\u0144 (opr\u00f3cz pierwszego), takich jak drugie szczepienie, w\u015bcieklizna, paszport itp. B\u0119dziemy r\u00f3wnie\u017c pobiera\u0107 op\u0142at\u0119 w wysoko\u015bci 60 funt\u00f3w za ka\u017cdy rozpoczynaj\u0105cy si\u0119 tydzie\u0144 pobytu szczeniaka u nas od 8. tygodnia \u017cycia.<\/p>\n<p><!-- \/wp:paragraph --><!-- wp:paragraph --><\/p>\n<p><a href=\"https:\/\/ankercanis.com\/pl\/our-dogs-2\/on-breeding-contract\/\"><strong>Kontrakt hodowlany<\/strong><\/a><\/p>\n<p><!-- \/wp:paragraph --><!-- wp:paragraph --><\/p>\n<p>Zazwyczaj wybieramy suczk\u0119 z miotu, z kt\u00f3r\u0105 chcemy podpisa\u0107 umow\u0119 hodowlan\u0105. Jest to wa\u017cna cz\u0119\u015b\u0107 programu hodowlanego, kt\u00f3ra gwarantuje, \u017ce wyhodujemy najlepsze psy i utrzymamy nasze linie hodowlane. W takim przypadku szczeni\u0119 pozostanie zarejestrowane u nas, a rejestracja KC b\u0119dzie przechowywana do momentu uko\u0144czenia jednego lub dw\u00f3ch kry\u0107. Nast\u0119pnie szczeni\u0119 zostanie przeniesione wy\u0142\u0105cznie na Pa\u0144stwa nazwisko. Je\u015bli podpisuj\u0105 Pa\u0144stwo z nami umow\u0119 hodowlan\u0105, wymagana jest jedynie op\u0142ata rezerwacyjna i zaliczka, a nie pe\u0142na kwota. Pozosta\u0142e wymagania zostan\u0105 om\u00f3wione osobi\u015bcie.<\/p>\n<p><!-- \/wp:paragraph --><!-- wp:paragraph --><\/p>\n<p><strong style=\"letter-spacing: 0.008em;\"><em>Je\u017celi okoliczno\u015bci ulegn\u0105 zmianie i nie b\u0119d\u0105 Pa\u0144stwo mogli zatrzyma\u0107 szczeniaka kt\u00f3rego od nas kupili\u015bcie, zastrzegamy sobie prawo do jego zwrotu (prosimy zapozna\u0107 si\u0119 z umow\u0105).<\/em><\/strong><\/p>\n<p><!-- \/wp:paragraph --><!-- wp:paragraph --><\/p>\n<h5><strong>Co otrzymasz wraz ze szczeniakiem AnkerCanis?<\/strong><\/h5>\n<p><!-- \/wp:paragraph --><!-- wp:list --><\/p>\n<ul class=\"wp-block-list\">\n<li style=\"list-style-type: none;\">\n<ul class=\"wp-block-list\"><!-- wp:list-item --><\/ul>\n<\/li>\n<\/ul>\n<ul class=\"wp-block-list\">\n<li style=\"list-style-type: none;\">\n<ul class=\"wp-block-list\">\n<li>Rejestracj\u0119 KC<\/li>\n<\/ul>\n<\/li>\n<\/ul>\n<p><!-- \/wp:list-item --><!-- wp:list-item --><\/p>\n<ul class=\"wp-block-list\">\n<li style=\"list-style-type: none;\">\n<ul class=\"wp-block-list\">\n<li>5 tygodni bezp\u0142atnego ubezpieczenia<\/li>\n<\/ul>\n<\/li>\n<\/ul>\n<p><!-- \/wp:list-item --><!-- wp:list-item --><\/p>\n<ul class=\"wp-block-list\">\n<li style=\"list-style-type: none;\">\n<ul class=\"wp-block-list\">\n<li>Pakiet dla szczeniaka zawieraj\u0105cy wszystkie wa\u017cne informacje na temat wszystiego co by\u0142 o zrobione ze szczeniakiem od urodzenia (odrobaczanie, socjalizacja, piel\u0119gnacja itp.)<\/li>\n<\/ul>\n<\/li>\n<\/ul>\n<p><!-- \/wp:list-item --><!-- wp:list-item --><\/p>\n<ul class=\"wp-block-list\">\n<li style=\"list-style-type: none;\">\n<ul class=\"wp-block-list\">\n<li>Vet check certificate from between 7-8 weeks of age with current puppy weight<\/li>\n<\/ul>\n<\/li>\n<\/ul>\n<p><!-- \/wp:list-item --><!-- wp:list-item --><\/p>\n<ul class=\"wp-block-list\">\n<li style=\"list-style-type: none;\">\n<ul class=\"wp-block-list\">\n<li>Pierwsze szczepienie i kart\u0119 szczepie\u0144<\/li>\n<\/ul>\n<\/li>\n<\/ul>\n<p><!-- \/wp:list-item --><!-- wp:list-item --><\/p>\n<ul class=\"wp-block-list\">\n<li style=\"list-style-type: none;\">\n<ul class=\"wp-block-list\">\n<li>Mikroczip i zmian\u0119 w\u0142a\u015bciciela wykonane przez nas<\/li>\n<\/ul>\n<\/li>\n<\/ul>\n<p><!-- \/wp:list-item --><!-- wp:list-item --><\/p>\n<ul class=\"wp-block-list\">\n<li style=\"list-style-type: none;\">\n<ul class=\"wp-block-list\">\n<li>Do\u017cywotni\u0105 gwarancj\u0119, \u017ce \u200b\u200bpozostaniemy w kontakcie<\/li>\n<\/ul>\n<\/li>\n<\/ul>\n<p><!-- \/wp:list-item --><!-- wp:list-item --><\/p>\n<ul class=\"wp-block-list\">\n<li style=\"list-style-type: none;\">\n<ul class=\"wp-block-list\">\n<li>Kilka opakowa\u0144 surowego mi\u0119sa, kt\u00f3rym karmiono szczeni\u0119ta od momentu odstawienia od matki (na tydzie\u0144)<\/li>\n<\/ul>\n<\/li>\n<\/ul>\n<p><!-- \/wp:list-item --><!-- wp:list-item --><\/p>\n<ul class=\"wp-block-list\">\n<li style=\"list-style-type: none;\">\n<ul class=\"wp-block-list\">\n<li>Zabawki, kocyk z gniazda itp.<\/li>\n<\/ul>\n<\/li>\n<\/ul>\n<p><!-- \/wp:list-item --><!-- wp:list-item --><\/p>\n<ul class=\"wp-block-list\">\n<li style=\"list-style-type: none;\">\n<ul class=\"wp-block-list\">\n<li>Umow\u0119, kt\u00f3ra b\u0119dzie obowi\u0105zywa\u0107 nas oboje<\/li>\n<\/ul>\n<\/li>\n<\/ul>\n<p><!-- \/wp:list-item --><\/p>\n<p><!-- \/wp:list --><!-- wp:paragraph --><\/p>\n<p>Wszystkie szczeni\u0119ta (chyba \u017ce maj\u0105 umow\u0119 hodowlan\u0105) maj\u0105 <strong>zakaz hodowli.<\/strong> Zakaz b\u0119dzie zdj\u0119ty po wykonaniu wszystkich wymaganych bada\u0144 lekarskich.<\/p>\n<p><!-- \/wp:paragraph --><!-- wp:paragraph --><\/p>\n<p>Je\u015bli kupisz u nas szczeniaka, <span style=\"text-decoration: underline;\"><strong>NIE MO\u017bESZ GO ODSPRZEDA\u0106<\/strong><\/span> w \u017cadnych okoliczno\u015bciach. Umowa, kt\u00f3r\u0105 z nami podpiszesz, b\u0119dzie stanowi\u0142a, \u017ce \u200b\u200bprzyjmiemy psa z powrotem w ka\u017cdym wieku i znajdziemy mu nowy dom. Chcemy mie\u0107 pewno\u015b\u0107, \u017ce przyszli w\u0142a\u015bciciele podejm\u0105 decyzj\u0119 o posiadaniu u nas szczeniaka z pe\u0142n\u0105 \u015bwiadomo\u015bci\u0105, ile pracy to wymaga i \u017ce jest to decyzja na ca\u0142e \u017cycie.<\/p>\n<p><!-- \/wp:paragraph --><\/p>\t\t\t\t\t\t\t\t<\/div>\n\t\t\t\t\t<\/div>\n\t\t\t\t<\/div>\n\t\t\t\t<\/div>","protected":false},"excerpt":{"rendered":"<p>The Belgian shepherd, Malinois are not your typical dog that you can just have in the house as a pet. A short walk twice a day just won&#8217;t suffice this breed.They need mental stimulation, sometimes a job to do or an active lifestyle.You can see a list of sports you can do with a dog&#8230;<\/p>","protected":false},"author":2,"featured_media":0,"parent":0,"menu_order":0,"comment_status":"closed","ping_status":"closed","template":"","meta":{"_kad_post_transparent":"","_kad_post_title":"","_kad_post_layout":"","_kad_post_sidebar_id":"","_kad_post_content_style":"","_kad_post_vertical_padding":"","_kad_post_feature":"","_kad_post_feature_position":"","_kad_post_header":false,"_kad_post_footer":false,"_kad_post_classname":"","footnotes":""},"class_list":["post-5235","page","type-page","status-publish","hentry"],"_links":{"self":[{"href":"https:\/\/ankercanis.com\/pl\/wp-json\/wp\/v2\/pages\/5235","targetHints":{"allow":["GET"]}}],"collection":[{"href":"https:\/\/ankercanis.com\/pl\/wp-json\/wp\/v2\/pages"}],"about":[{"href":"https:\/\/ankercanis.com\/pl\/wp-json\/wp\/v2\/types\/page"}],"author":[{"embeddable":true,"href":"https:\/\/ankercanis.com\/pl\/wp-json\/wp\/v2\/users\/2"}],"replies":[{"embeddable":true,"href":"https:\/\/ankercanis.com\/pl\/wp-json\/wp\/v2\/comments?post=5235"}],"version-history":[{"count":24,"href":"https:\/\/ankercanis.com\/pl\/wp-json\/wp\/v2\/pages\/5235\/revisions"}],"predecessor-version":[{"id":11597,"href":"https:\/\/ankercanis.com\/pl\/wp-json\/wp\/v2\/pages\/5235\/revisions\/11597"}],"wp:attachment":[{"href":"https:\/\/ankercanis.com\/pl\/wp-json\/wp\/v2\/media?parent=5235"}],"curies":[{"name":"wp","href":"https:\/\/api.w.org\/{rel}","templated":true}]}}