{"id":5231,"date":"2025-08-16T15:42:25","date_gmt":"2025-08-16T14:42:25","guid":{"rendered":"https:\/\/ankercanismalinois.wordpress.com\/?page_id=42"},"modified":"2026-04-01T20:17:58","modified_gmt":"2026-04-01T20:17:58","slug":"litters","status":"publish","type":"page","link":"https:\/\/ankercanis.com\/pl\/litters\/","title":{"rendered":"Mioty"},"content":{"rendered":"<div data-elementor-type=\"wp-page\" data-elementor-id=\"5231\" class=\"elementor elementor-5231\">\n\t\t\t\t<div class=\"elementor-element elementor-element-7950abdb e-flex e-con-boxed e-con e-parent\" data-id=\"7950abdb\" data-element_type=\"container\" data-e-type=\"container\">\n\t\t\t\t\t<div class=\"e-con-inner\">\n\t\t\t\t<div class=\"elementor-element elementor-element-186e993c elementor-widget elementor-widget-text-editor\" data-id=\"186e993c\" data-element_type=\"widget\" data-e-type=\"widget\" data-widget_type=\"text-editor.default\">\n\t\t\t\t\t\t\t\t\t<p>Staramy si\u0119 nie mie\u0107 wi\u0119cej ni\u017c 2-3 mioty rocznie, aby mie\u0107 pewno\u015b\u0107, \u017ce zapewniamy wszystkim szczeni\u0119tom ca\u0142\u0105 mi\u0142o\u015b\u0107 i uwag\u0119, jakiej potrzebuj\u0105.<br>Zawsze zostawiamy suczki na <a href=\"https:\/\/ankercanis.com\/pl\/our-dogs-2\/on-breeding-contract\/\">breeding contracts<\/a>.<\/p>\n<p>Szczeni\u0119ta maj\u0105 u nas najlepszy start, jaki mog\u0105 sobie wyobrazi\u0107. Kiedy nas opuszczaj\u0105 ka\u017cde szczeni\u0119 otrzymuje:<\/p>\n<ul>\n<li>Ksi\u0105\u017ceczk\u0119 wsparcia<\/li>\n<li>Rejestracj\u0119 KC<\/li>\n<li>5cio tygodniowe bezp\u0142atne ubezpieczenie<\/li>\n<li>Czip<\/li>\n<li>Odrobaczenie<\/li>\n<li>Pierwsze szczepienie<\/li>\n<li>Zabawki i kocyk z gniazda, aby mog\u0142y poczu\u0107 zapach swoich braci i si\u00f3str oraz mamy<\/li>\n<\/ul>\n<p><!-- \/wp:paragraph --><!-- wp:paragraph --><\/p>\n<p>Mamy list\u0119 oczekuj\u0105cych na ka\u017cdy miot, a niekt\u00f3re osoby czekaj\u0105 na odpowiedniego szczeniaka nawet ponad 2 lata. Dlatego je\u015bli jeste\u015b zainteresowany, przeczytaj sekcj\u0119 \u201e<b><a href=\"https:\/\/ankercanis.com\/pl\/breeding-2\/\"><span style=\"text-decoration: underline;\">Hodowla<\/span><\/a>\/ <span style=\"text-decoration: underline;\"><a href=\"https:\/\/ankercanis.com\/pl\/breeding\/\">Nowi w\u0142a\u015bciciele<\/a><\/span>&#8216;<\/b> i w\u00f3wczas <a href=\"https:\/\/ankercanis.com\/pl\/contact-us\/\">skontaktuj si\u0119 z nami<\/a> Na rozmow\u0119 wst\u0119pn\u0105.<\/p>\n<p><!-- \/wp:paragraph --><!-- wp:paragraph --><\/p>\n<h5><span style=\"text-decoration: underline; color: #00ffff;\">Planowane mioty:<\/span><\/h5>\n<p>Pocz\u0105tkowe plany mog\u0105 ulec zmianie ze wzgl\u0119du na por\u0119 roku u samicy lub inne nieprzewidziane okoliczno\u015bci. Planowane daty miot\u00f3w to potencjalne daty urodzenia&nbsp;<span style=\"text-decoration: underline;\">NIE<\/span> planowane daty odbioru. Szczeni\u0119ta trafi\u0105 do nowych dom\u00f3w, gdy uko\u0144cz\u0105 8 tygodni.<\/p>\n<p><!-- \/wp:paragraph --><!-- wp:paragraph {\"textColor\":\"vivid-cyan-blue\"} --><\/p>\n<p><strong>Ojciec kt\u00f3rego planujemy u\u017cy\u0107 na dany miot, mo\u017ce si\u0119 zmieni\u0107 w ostatniej chwili w przypadku wyst\u0105pienia szczeg\u00f3lnych\/nieuniknionych okoliczno\u015bci. Strona internetowa b\u0119dzie odpowiednio aktualizowana.<\/strong><\/p>\n<p><!-- \/wp:paragraph --><!-- wp:paragraph --><\/p>\n<p><a href=\"https:\/\/ankercanis.com\/pl\/litters\/a-litter\/\"><strong>Miot A<\/strong><\/a> \u2013 urodzony 28.08.2018. 70% linii u\u017cytkowych, 30% linii wystawowych.&nbsp;<span style=\"letter-spacing: 0.152px;\">Wsp\u00f3\u0142czynnik inbredu (COI)<\/span><span style=\"letter-spacing: 0.152px;\">&nbsp;0.50%.&nbsp;<\/span><span style=\"letter-spacing: 0.008em;\">Urodzi\u0142o si\u0119 12 szczeni\u0105t (3 urodzi\u0142y si\u0119 martwe \u2013 2 suczki i 1 piesek). Prze\u017cy\u0142o 9 szczeni\u0105t \u2013 8 piesk\u00f3w i 1 suczka. Wszystkie szczeni\u0119ta, kt\u00f3re prze\u017cy\u0142y, by\u0142y zdrowe i znalaz\u0142y wspania\u0142e domy.<\/span><\/p>\n<p><!-- \/wp:paragraph --><!-- wp:paragraph --><\/p>\n<p><a href=\"https:\/\/ankercanis.com\/pl\/litters\/b-litter\/\"><strong>Miot B<\/strong><\/a> - urodzony 03.11.2019. 50% linii u\u017cytkowych, 50% linii wystawowych.&nbsp;<span style=\"letter-spacing: 0.152px;\">Wsp\u00f3\u0142czynnik inbredu (COI)<\/span>&nbsp;0,00%. Urodzi\u0142o si\u0119 10 szczeni\u0105t \u2013 5 piesk\u00f3w i 5 suczek, wszystkie \u0142adne i zdrowe. Jeden piesek urodzi\u0142 si\u0119 bez oddechu, ale uda\u0142o nam si\u0119 go przywr\u00f3ci\u0107 do \u017cycia :). Wszystkie maj\u0105 wspania\u0142e domy.<\/p>\n<p><!-- \/wp:paragraph --><!-- wp:paragraph --><\/p>\n<p><a href=\"https:\/\/ankercanis.com\/pl\/litters\/c-litter\/\"><strong>Miot C<\/strong><\/a> - urodzony 30.12.2020. 70% linii u\u017cytkowych, 30% linii wystawowych.&nbsp;<span style=\"letter-spacing: 0.152px;\">Wsp\u00f3\u0142czynnik inbredu (COI) 0,50%&nbsp;<\/span><span style=\"letter-spacing: 0.008em;\">W sumie urodzi\u0142o si\u0119 11 szczeni\u0105t (2 martwe \u2013 1 piesek i 1 suczka, a 1 suczka zmar\u0142a w wieku 3 dni). Prze\u017cy\u0142o 8 szczeni\u0105t \u2013 4 psy i 4 suczki. Wszystkie szczeni\u0119ta s\u0105 ju\u017c w nowych domach.<\/span><\/p>\n<p><!-- \/wp:paragraph --><!-- wp:paragraph --><\/p>\n<p><a href=\"https:\/\/ankercanis.com\/pl\/litters\/d-litter\/\"><strong>Miot D<\/strong><\/a> - urodzony 05.02.2022. 75% linii u\u017cytkowych, 25% linii wystawowych.&nbsp;<span style=\"letter-spacing: 0.152px;\">Wsp\u00f3\u0142czynnik inbredu (COI) 0,30%&nbsp;<\/span><span style=\"letter-spacing: 0.008em;\">There were 10 pups &#8211; 9 girls and 1 boy, all nice and healthy and similar birth weight. All pups have new homes :).<\/span><\/p>\n<p><!-- \/wp:paragraph --><!-- wp:paragraph --><\/p>\n<p><a href=\"https:\/\/ankercanis.com\/pl\/litters\/e-litter\/\"><strong>Miot E<\/strong><\/a> - urodzony 22.02.2022. 50% linii u\u017cytkowych, 50% linii wystawowych.&nbsp;<span style=\"letter-spacing: 0.152px;\">Wsp\u00f3\u0142czynnik inbredu (COI)  0,00%.&nbsp;<\/span><span style=\"letter-spacing: 0.008em;\">By\u0142o 11 szczeni\u0105t, niestety z powodu cesarskiego ci\u0119cia prze\u017cy\u0142o tylko 6 \u2013 3 pieski i 3 suczki. Wszystkie szczeni\u0119ta s\u0105 ju\u017c w nowych domach. To by\u0142 ostatni miot Belle.<\/span><\/p>\n<p><!-- \/wp:paragraph --><!-- wp:paragraph --><\/p>\n<p><a href=\"https:\/\/ankercanis.com\/pl\/litters\/f-litter-planned\/\"><strong>Miot F<\/strong><\/a> - urodzony 05.05.2022. 60% linii u\u017cytkowych, 40% linii wystawowych.&nbsp;<span style=\"letter-spacing: 0.152px;\">Wsp\u00f3\u0142czynnik inbredu (COI)  0,00%.&nbsp;<\/span><span style=\"letter-spacing: 0.008em;\">Urodzi\u0142o si\u0119 9 szczeni\u0105t \u2013 6 piesk\u00f3w i 3 suczki. Wszystkie szczeni\u0119ta s\u0105 ju\u017c w nowych domach.<\/span><\/p>\n<p><!-- \/wp:paragraph --><!-- wp:paragraph --><\/p>\n<p><a href=\"https:\/\/ankercanis.com\/pl\/litters\/g-itter\/\"><strong>Miot G <\/strong><\/a>- urodzony 26.04.2023. 50% linii u\u017cytkowych, 50% linii wystawowych.&nbsp;<span style=\"letter-spacing: 0.152px;\">Wsp\u00f3\u0142czynnik inbredu (COI)  0,00%.&nbsp;<\/span><span style=\"letter-spacing: 0.008em;\">Urodzi\u0142o si\u0119 9 szczeni\u0105t \u2013 6 piesk\u00f3w i 3 suczki. Wszystkie szczeni\u0119ta s\u0105 ju\u017c w nowych domach.<\/span><\/p>\n<p><!-- \/wp:paragraph --><!-- wp:paragraph --><\/p>\n<p><strong>Miot H1 <\/strong>\u2013 urodzony 25.12.2023. 87% linii u\u017cytkowych, 13% linii wystawowych.&nbsp;<span style=\"letter-spacing: 0.152px;\">Wsp\u00f3\u0142czynnik inbredu (COI) 0,00%.<\/span><span style=\"letter-spacing: 0.008em;\">To powinien by\u0107 miot u\u017cytkowy z rodowodem IGP i championami poszukiwa\u0144 po obu stronach. Niestety, z tego miotu urodzi\u0142o si\u0119 tylko jedno martwe szczeni\u0119 (piesek). To by\u0142o nasze pierwsze krycie za granic\u0105.<\/span><\/p>\n<p><!-- \/wp:paragraph --><!-- wp:paragraph --><\/p>\n<p><a href=\"https:\/\/ankercanis.com\/pl\/litters\/h-litter\/\"><strong>Miot H2 <\/strong><\/a>\u2013 urodzony 11.04.2024&nbsp;<span style=\"letter-spacing: 0.152px;\">12.5 linii u\u017cytkowych i&nbsp;<\/span><span style=\"letter-spacing: 0.008em;\">87.5% linii wystawowych.<\/span><span style=\"letter-spacing: 0.152px;\">Wsp\u00f3\u0142czynnik inbredu (COI) 0,28%.<\/span><span style=\"letter-spacing: 0.008em;\">Urodzi\u0142o si\u0119 6 szczeni\u0105t \u2013 5 piesk\u00f3w i 1 suczka. To by\u0142o nasze drugie krycie za granic\u0105. Wszystkie szczeni\u0119ta s\u0105 ju\u017c w nowych domach.<\/span><\/p>\n<p><!-- \/wp:paragraph --><!-- wp:paragraph --><\/p>\n<p><a href=\"https:\/\/ankercanis.com\/pl\/i-litter\/\"><strong>Miot I <\/strong><\/a>- urodzony 14.03.2025. 87% linii u\u017cytkowych, 13% linii wystawowych. W<span style=\"letter-spacing: 0.152px;\">sp\u00f3\u0142czynnik inbredu (COI) 0,10%.&nbsp;<\/span><span style=\"letter-spacing: 0.008em;\">By\u0142y tylko 2 suczki. Wszystkie szczeni\u0119ta s\u0105 ju\u017c w nowych domach.<\/span><\/p>\n<p><!-- \/wp:paragraph --><!-- wp:paragraph --><\/p>\n<p><a href=\"https:\/\/ankercanis.com\/pl\/litters\/j-litter\/\"><strong>Miot J <\/strong><\/a>- urodzony 30.03.2025. 60% linii u\u017cytkowych, 40% linii wystawowych.&nbsp;<span style=\"letter-spacing: 0.152px;\">Wsp\u00f3\u0142czynnik inbredu (COI)  0,00%.&nbsp;<\/span><span style=\"letter-spacing: 0.008em;\">By\u0142y 2 suczki i 1 piesek, kt\u00f3ry niestety zmar\u0142 6. dnia. To by\u0142 ostatni miot Ivy. Wszystkie szczeni\u0119ta s\u0105 ju\u017c w nowych domach.<\/span><\/p>\n<p><!-- \/wp:paragraph --><!-- wp:paragraph --><\/p>\n<p><a href=\"https:\/\/ankercanis.com\/pl\/litters\/k-litter-planned-spring-2025\/\"><strong>Miot K <\/strong><\/a>- urodzony 15.09.2025. 75% linii u\u017cytkowych, 25% linii wystawowych.&nbsp;<span style=\"letter-spacing: 0.152px;\">Wsp\u00f3\u0142czynnik inbredu (COI) 0,30%&nbsp;<\/span><span style=\"letter-spacing: 0.008em;\">This is our third breeding abroad. We had 5 boys and 4 girls. All pups are in their new homes.<\/span><\/p>\n<p><!-- \/wp:paragraph --><!-- wp:paragraph --><\/p>\n<p><a href=\"https:\/\/ankercanis.com\/pl\/litters\/l-litter-planned-winter-2025\/\"><strong>Miot L<\/strong><\/a> &#8211; planned Winter 2026 (Dam: AnkerCanis Harmony, Sire: Alcosetha Utax). Inbreeding coefficient (COI) 3.08%. Planned to be 100% show lines. There are few spaces available.<\/p>\n<p><a style=\"letter-spacing: 0.152px; background-color: #0a0c23;\" href=\"https:\/\/ankercanis.com\/pl\/litters\/l-litter-planned-winter-2025\/\"><strong>Miot M<\/strong><\/a><span style=\"letter-spacing: 0.008em;\"><b>&nbsp;<\/b>&#8211; planned Winter 2026 (Dam: AnkerCanis Godiva, Sire: Cortes von Paccharun). This will be repeated K litter. Inbreeding coefficient (COI) 0.30%. <\/span><span style=\"letter-spacing: 0.152px;\">75% working lines, 25% show lines lines.&nbsp;<\/span><span style=\"letter-spacing: 0.152px;\">Inbreeding coefficient (COI) 0.30%<\/span><span style=\"letter-spacing: 0.008em;\">.&nbsp;<\/span><span style=\"letter-spacing: 0.152px;\">There are few spaces available.<\/span><\/p>\n<p><!-- \/wp:paragraph --><!-- wp:paragraph --><\/p>\n<p><a style=\"letter-spacing: 0.152px; background-color: #0a0c23;\" href=\"https:\/\/ankercanis.com\/pl\/litters\/l-litter-planned-winter-2025\/\"><strong>Miot N<\/strong><\/a><span style=\"letter-spacing: 0.152px;\">&nbsp;<\/span>&#8211; planned Winter 2026. 75% working lines, 25% show lines lines. (Dam: AnkerCanis Gamora, Sire: TBA). Inbreeding coefficient (COI) \u2026 .&nbsp;<span style=\"letter-spacing: 0.152px;\">There are few spaces available.<\/span><\/p>\n<p><!-- \/wp:paragraph --><!-- wp:paragraph --><\/p>\n<p><b style=\"letter-spacing: 0.008em;\">Miot O<\/b><span style=\"letter-spacing: 0.008em;\"> &#8211;&nbsp;<\/span><span style=\"letter-spacing: 0.008em;\">planned Spring\/Summer 2027 (<\/span><span style=\"letter-spacing: 0.008em;\">Matka:<\/span><span style=\"letter-spacing: 0.008em;\">&nbsp;AnkerCanis Just for You,&nbsp;<\/span><span style=\"letter-spacing: 0.008em;\">Ojciec<\/span><span style=\"letter-spacing: 0.008em;\">: do potwierdzenia).&nbsp;<\/span><span style=\"letter-spacing: 0.152px;\">Nie przyjmujemy jeszcze rezerwacji.<\/span><\/p>\n<p><span style=\"letter-spacing: 0.008em;\"><b>Miot P <\/b>&#8211;<b>&nbsp;<\/b>planned end of 2028 (<\/span><span style=\"letter-spacing: 0.008em;\">Matka:<\/span><span style=\"letter-spacing: 0.008em;\"> AnkerCanis Khalesi, <\/span><span style=\"letter-spacing: 0.008em;\">Ojciec<\/span><span style=\"letter-spacing: 0.008em;\">: do potwierdzenia).&nbsp;<\/span><span style=\"letter-spacing: 0.152px;\">Nie przyjmujemy jeszcze rezerwacji.<\/span><\/p>\n<p><!-- \/wp:paragraph --><!-- wp:paragraph --><\/p>\n<p><!-- \/wp:paragraph --><\/p>\t\t\t\t\t\t\t\t<\/div>\n\t\t\t\t\t<\/div>\n\t\t\t\t<\/div>\n\t\t\t\t<\/div>","protected":false},"excerpt":{"rendered":"<p>We aim to breed no more than 2-3 litters a year to ensure that we are giving all pups all the love and attention they need.We have females from our litters left on breeding contracts. Pups are getting the best start they can with us. When leaving, each puppy gets; Puppy pack KC registration 5&#8230;<\/p>","protected":false},"author":3,"featured_media":0,"parent":0,"menu_order":0,"comment_status":"closed","ping_status":"closed","template":"","meta":{"_kad_post_transparent":"","_kad_post_title":"","_kad_post_layout":"","_kad_post_sidebar_id":"","_kad_post_content_style":"","_kad_post_vertical_padding":"","_kad_post_feature":"","_kad_post_feature_position":"","_kad_post_header":false,"_kad_post_footer":false,"_kad_post_classname":"","footnotes":""},"class_list":["post-5231","page","type-page","status-publish","hentry"],"_links":{"self":[{"href":"https:\/\/ankercanis.com\/pl\/wp-json\/wp\/v2\/pages\/5231","targetHints":{"allow":["GET"]}}],"collection":[{"href":"https:\/\/ankercanis.com\/pl\/wp-json\/wp\/v2\/pages"}],"about":[{"href":"https:\/\/ankercanis.com\/pl\/wp-json\/wp\/v2\/types\/page"}],"author":[{"embeddable":true,"href":"https:\/\/ankercanis.com\/pl\/wp-json\/wp\/v2\/users\/3"}],"replies":[{"embeddable":true,"href":"https:\/\/ankercanis.com\/pl\/wp-json\/wp\/v2\/comments?post=5231"}],"version-history":[{"count":123,"href":"https:\/\/ankercanis.com\/pl\/wp-json\/wp\/v2\/pages\/5231\/revisions"}],"predecessor-version":[{"id":13048,"href":"https:\/\/ankercanis.com\/pl\/wp-json\/wp\/v2\/pages\/5231\/revisions\/13048"}],"wp:attachment":[{"href":"https:\/\/ankercanis.com\/pl\/wp-json\/wp\/v2\/media?parent=5231"}],"curies":[{"name":"wp","href":"https:\/\/api.w.org\/{rel}","templated":true}]}}