{"id":5229,"date":"2025-07-24T19:17:08","date_gmt":"2025-07-24T18:17:08","guid":{"rendered":"https:\/\/ankercanismalinois.wordpress.com\/?page_id=39"},"modified":"2025-11-20T21:29:15","modified_gmt":"2025-11-20T21:29:15","slug":"about-us","status":"publish","type":"page","link":"https:\/\/ankercanis.com\/pl\/about-us\/","title":{"rendered":"O nas"},"content":{"rendered":"<div data-elementor-type=\"wp-page\" data-elementor-id=\"5229\" class=\"elementor elementor-5229\">\n\t\t\t\t<div class=\"elementor-element elementor-element-136e4649 e-con-full e-flex e-con e-parent\" data-id=\"136e4649\" data-element_type=\"container\" data-e-type=\"container\">\n\t\t<div class=\"elementor-element elementor-element-1287b60 e-con-full e-flex e-con e-child\" data-id=\"1287b60\" data-element_type=\"container\" data-e-type=\"container\">\n\t\t\t\t<div class=\"elementor-element elementor-element-9a02f98 elementor-arrows-position-outside elementor-widget__width-initial elementor-pagination-position-outside elementor-widget elementor-widget-image-carousel\" data-id=\"9a02f98\" data-element_type=\"widget\" data-e-type=\"widget\" data-settings=\"{&quot;slides_to_show&quot;:&quot;1&quot;,&quot;effect&quot;:&quot;fade&quot;,&quot;speed&quot;:453,&quot;navigation&quot;:&quot;both&quot;,&quot;autoplay&quot;:&quot;yes&quot;,&quot;pause_on_hover&quot;:&quot;yes&quot;,&quot;pause_on_interaction&quot;:&quot;yes&quot;,&quot;autoplay_speed&quot;:5000,&quot;infinite&quot;:&quot;yes&quot;}\" data-widget_type=\"image-carousel.default\">\n\t\t\t\t\t\t\t<div class=\"elementor-image-carousel-wrapper swiper\" role=\"region\" aria-roledescription=\"carousel\" aria-label=\"Image Carousel\" dir=\"ltr\">\n\t\t\t<div class=\"elementor-image-carousel swiper-wrapper\" aria-live=\"off\">\n\t\t\t\t\t\t\t\t<div class=\"swiper-slide\" role=\"group\" aria-roledescription=\"slide\" aria-label=\"1 z 14\"><figure class=\"swiper-slide-inner\"><img decoding=\"async\" class=\"swiper-slide-image\" src=\"https:\/\/ankercanis.com\/wp-content\/uploads\/2025\/08\/20180911-300x225.jpg\" alt=\"20180911\" \/><\/figure><\/div><div class=\"swiper-slide\" role=\"group\" aria-roledescription=\"slide\" aria-label=\"2 z 14\"><figure class=\"swiper-slide-inner\"><img decoding=\"async\" class=\"swiper-slide-image\" src=\"https:\/\/ankercanis.com\/wp-content\/uploads\/2025\/08\/0fd6a11b-4a3f-4918-8fde-4520cbda9419-1-225x300.jpg\" alt=\"0fd6a11b-4a3f-4918-8fde-4520cbda9419\" \/><\/figure><\/div><div class=\"swiper-slide\" role=\"group\" aria-roledescription=\"slide\" aria-label=\"3 z 14\"><figure class=\"swiper-slide-inner\"><img decoding=\"async\" class=\"swiper-slide-image\" src=\"https:\/\/ankercanis.com\/wp-content\/uploads\/2025\/08\/20250723_183139000_ios-4-225x300.webp\" alt=\"20250723_183139000_ios-4\" \/><\/figure><\/div><div class=\"swiper-slide\" role=\"group\" aria-roledescription=\"slide\" aria-label=\"4 z 14\"><figure class=\"swiper-slide-inner\"><img decoding=\"async\" class=\"swiper-slide-image\" src=\"https:\/\/ankercanis.com\/wp-content\/uploads\/2025\/08\/IMG_2319-225x300.jpg\" alt=\"IMG_2319\" \/><\/figure><\/div><div class=\"swiper-slide\" role=\"group\" aria-roledescription=\"slide\" aria-label=\"5 z 14\"><figure class=\"swiper-slide-inner\"><img decoding=\"async\" class=\"swiper-slide-image\" src=\"https:\/\/ankercanis.com\/wp-content\/uploads\/2025\/08\/20180913_b-300x225.jpg\" alt=\"20180913_b\" \/><\/figure><\/div><div class=\"swiper-slide\" role=\"group\" aria-roledescription=\"slide\" aria-label=\"6 z 14\"><figure class=\"swiper-slide-inner\"><img decoding=\"async\" class=\"swiper-slide-image\" src=\"https:\/\/ankercanis.com\/wp-content\/uploads\/2025\/08\/20180913_c-225x300.jpg\" alt=\"20180913_c\" \/><\/figure><\/div><div class=\"swiper-slide\" role=\"group\" aria-roledescription=\"slide\" aria-label=\"7 z 14\"><figure class=\"swiper-slide-inner\"><img decoding=\"async\" class=\"swiper-slide-image\" src=\"https:\/\/ankercanis.com\/wp-content\/uploads\/2025\/08\/20180917_a-225x300.jpg\" alt=\"20180917_a\" \/><\/figure><\/div><div class=\"swiper-slide\" role=\"group\" aria-roledescription=\"slide\" aria-label=\"8 z 14\"><figure class=\"swiper-slide-inner\"><img decoding=\"async\" class=\"swiper-slide-image\" src=\"https:\/\/ankercanis.com\/wp-content\/uploads\/2025\/08\/20180918_a-225x300.jpg\" alt=\"20180918_a\" \/><\/figure><\/div><div class=\"swiper-slide\" role=\"group\" aria-roledescription=\"slide\" aria-label=\"9 z 14\"><figure class=\"swiper-slide-inner\"><img decoding=\"async\" class=\"swiper-slide-image\" src=\"https:\/\/ankercanis.com\/wp-content\/uploads\/2025\/08\/Ivy-Silver-Citizenship-Scheme-225x300.jpg\" alt=\"Ivy Silver Citizenship Scheme\" \/><\/figure><\/div><div class=\"swiper-slide\" role=\"group\" aria-roledescription=\"slide\" aria-label=\"10 z 14\"><figure class=\"swiper-slide-inner\"><img decoding=\"async\" class=\"swiper-slide-image\" src=\"https:\/\/ankercanis.com\/wp-content\/uploads\/2025\/08\/d98a49a3-c3c4-4e4f-b2e8-9fc64def0339-225x300.jpg\" alt=\"d98a49a3-c3c4-4e4f-b2e8-9fc64def0339\" \/><\/figure><\/div><div class=\"swiper-slide\" role=\"group\" aria-roledescription=\"slide\" aria-label=\"11 z 14\"><figure class=\"swiper-slide-inner\"><img decoding=\"async\" class=\"swiper-slide-image\" src=\"https:\/\/ankercanis.com\/wp-content\/uploads\/2025\/08\/IMG_2016-225x300.jpg\" alt=\"IMG_2016\" \/><\/figure><\/div><div class=\"swiper-slide\" role=\"group\" aria-roledescription=\"slide\" aria-label=\"12 z 14\"><figure class=\"swiper-slide-inner\"><img decoding=\"async\" class=\"swiper-slide-image\" src=\"https:\/\/ankercanis.com\/wp-content\/uploads\/2025\/08\/IMG_2431-225x300.jpg\" alt=\"IMG_2431\" \/><\/figure><\/div><div class=\"swiper-slide\" role=\"group\" aria-roledescription=\"slide\" aria-label=\"13 z 14\"><figure class=\"swiper-slide-inner\"><img decoding=\"async\" class=\"swiper-slide-image\" src=\"https:\/\/ankercanis.com\/wp-content\/uploads\/2025\/08\/IMG_2466-300x225.jpg\" alt=\"IMG_2466\" \/><\/figure><\/div><div class=\"swiper-slide\" role=\"group\" aria-roledescription=\"slide\" aria-label=\"14 z 14\"><figure class=\"swiper-slide-inner\"><img decoding=\"async\" class=\"swiper-slide-image\" src=\"https:\/\/ankercanis.com\/wp-content\/uploads\/2025\/08\/three-20190623-225x300.jpg\" alt=\"three 20190623\" \/><\/figure><\/div>\t\t\t<\/div>\n\t\t\t\t\t\t\t\t\t\t\t\t<div class=\"elementor-swiper-button elementor-swiper-button-prev\" role=\"button\" tabindex=\"0\">\n\t\t\t\t\t\t<svg aria-hidden=\"true\" class=\"e-font-icon-svg e-eicon-chevron-left\" viewbox=\"0 0 1000 1000\" xmlns=\"http:\/\/www.w3.org\/2000\/svg\"><path d=\"M646 125C629 125 613 133 604 142L308 442C296 454 292 471 292 487 292 504 296 521 308 533L604 854C617 867 629 875 646 875 663 875 679 871 692 858 704 846 713 829 713 812 713 796 708 779 692 767L438 487 692 225C700 217 708 204 708 187 708 171 704 154 692 142 675 129 663 125 646 125Z\"><\/path><\/svg>\t\t\t\t\t<\/div>\n\t\t\t\t\t<div class=\"elementor-swiper-button elementor-swiper-button-next\" role=\"button\" tabindex=\"0\">\n\t\t\t\t\t\t<svg aria-hidden=\"true\" class=\"e-font-icon-svg e-eicon-chevron-right\" viewbox=\"0 0 1000 1000\" xmlns=\"http:\/\/www.w3.org\/2000\/svg\"><path d=\"M696 533C708 521 713 504 713 487 713 471 708 454 696 446L400 146C388 133 375 125 354 125 338 125 325 129 313 142 300 154 292 171 292 187 292 204 296 221 308 233L563 492 304 771C292 783 288 800 288 817 288 833 296 850 308 863 321 871 338 875 354 875 371 875 388 867 400 854L696 533Z\"><\/path><\/svg>\t\t\t\t\t<\/div>\n\t\t\t\t\n\t\t\t\t\t\t\t\t\t<div class=\"swiper-pagination\"><\/div>\n\t\t\t\t\t\t\t\t\t<\/div>\n\t\t\t\t\t\t<\/div>\n\t\t\t\t<\/div>\n\t\t\t\t<div class=\"elementor-element elementor-element-3a1ef3ed elementor-widget elementor-widget-text-editor\" data-id=\"3a1ef3ed\" data-element_type=\"widget\" data-e-type=\"widget\" data-widget_type=\"text-editor.default\">\n\t\t\t\t\t\t\t\t\t<p>Jeste\u015bmy zajestowan\u0105 w angielskim KC hodowl\u0105 Owczark\u00f3w Belgijskich Malinois z siedzib\u0105 w Northampton w hrabstwie Northamptonshire w Wielkiej Brytanii. Do zako\u0144czenia programu byli\u015bmy r\u00f3wnie\u017c zarejestrowani jako Hodowca z Certyfikatem Zaufania (Assured Breeder) i nadal utrzymujemy te same standardy, mimo \u017ce program ju\u017c nie istnieje. <br>Z dum\u0105 mo\u017cemy powiedzie\u0107, \u017ce przeprowadzamy szczeg\u00f3\u0142owe testy zdrowotne naszych ps\u00f3w.<\/p>\n<ul>\n<li>Biodra<\/li>\n<li>\u0141okcie<\/li>\n<li>Test oczu BVA na katarakt\u0119 i inne choroby&nbsp;<\/li>\n<li>Testy genetyczne (SDCA1, SDCA2, CJM, DM, CACA)&nbsp;<\/li>\n<\/ul>\n<p><!-- \/wp:paragraph --><!-- wp:paragraph --><\/p>\n<p>Przeprowadzamy r\u00f3wnie\u017c <a href=\"https:\/\/ankercanis.com\/pl\/breeding-2\/ens\/\">ENS &amp; ESI<\/a> z naszymi szczeniakami.<br>Posiadali\u015bmy 5* licencj\u0119 wydan\u0105 przez rad\u0119 hrabstwa Nuneaton i Bedworth (Z3710\/5\/21), gdzie mieszkali\u015bmy, i jeste\u015bmy cz\u0142onkami stowarzyszenia <a href=\"https:\/\/www.bsdaofgb.co.uk\/\">Belgian Shepherd Dog Association of Great Britain.<\/a><\/p>\n<p>Jeste\u015bmy teraz r\u00f3wnie\u017c dumnym cz\u0142onkiem Kennel Club Breeder Mentoring i Canine Midwifery Programme, w kt\u00f3rym bierzemy udzia\u0142 jako mentorzy.<\/p>\n<p>Mamy teraz 4* licencj\u0119 wydan\u0105 przez Rad\u0119 West Northamptonshire (obni\u017cka z powodu przeprowadzni do nowego hrabstwa, ale mamy nadziej\u0119, \u017ce otrzymaj\u0105 dokumenty od naszej poprzedniej rady i podnios\u0105 kategori\u0119 do 5*).<\/p>\n<p><!-- \/wp:paragraph --><!-- wp:paragraph --><\/p>\n<p>Jeste\u015bmy w\u0142a\u015bcicielami ps\u00f3w od 1980 roku i mamy wieloletnie do\u015bwiadczenie w hodowli. Malinoisy zawita\u0142y w naszym domu w 2016 roku, po ponad 8 latach oczekiwania na odpowiedni moment.<\/p>\n<p><!-- \/wp:paragraph --><!-- wp:paragraph --><\/p>\n<p><a href=\"https:\/\/www.thekennelclub.org.uk\/search\/breeder-profile\/?assuredBreederId=952a01ef-f7b8-e911-a82d-002248008902\">Nasz profil KC&nbsp;<\/a><br><a href=\"https:\/\/belgianshepherd.breedarchive.com\/breeder\/view\/aneta-lent-5390e64e-daa8-47e1-8dc3-fb789dc612ef\">Our Breed Archive profile<\/a><br><a href=\"https:\/\/www.facebook.com\/ankermalinoisuk\/?locale=en_GB\">Nasz profil na Facebook<\/a><\/p>\n<p><!-- \/wp:paragraph --><\/p>\t\t\t\t\t\t\t\t<\/div>\n\t\t\t\t<\/div>\n\t\t\t\t<\/div>","protected":false},"excerpt":{"rendered":"<p>We are KC registered breeders of Belgian Shepherds Malinois, based in Northampton; Northamptonshire, UK. Until the end of scheme we were also registered as an Assured Breeder and we still maintain those standards, despite the scheme no longer existing. We are proud to say that we heath test our dogs extensively: Hips Elbows BVA eye&#8230;<\/p>","protected":false},"author":2,"featured_media":0,"parent":0,"menu_order":0,"comment_status":"closed","ping_status":"closed","template":"","meta":{"_kad_post_transparent":"","_kad_post_title":"","_kad_post_layout":"left","_kad_post_sidebar_id":"sidebar-primary","_kad_post_content_style":"default","_kad_post_vertical_padding":"","_kad_post_feature":"","_kad_post_feature_position":"","_kad_post_header":false,"_kad_post_footer":false,"_kad_post_classname":"","footnotes":""},"class_list":["post-5229","page","type-page","status-publish","hentry"],"_links":{"self":[{"href":"https:\/\/ankercanis.com\/pl\/wp-json\/wp\/v2\/pages\/5229","targetHints":{"allow":["GET"]}}],"collection":[{"href":"https:\/\/ankercanis.com\/pl\/wp-json\/wp\/v2\/pages"}],"about":[{"href":"https:\/\/ankercanis.com\/pl\/wp-json\/wp\/v2\/types\/page"}],"author":[{"embeddable":true,"href":"https:\/\/ankercanis.com\/pl\/wp-json\/wp\/v2\/users\/2"}],"replies":[{"embeddable":true,"href":"https:\/\/ankercanis.com\/pl\/wp-json\/wp\/v2\/comments?post=5229"}],"version-history":[{"count":25,"href":"https:\/\/ankercanis.com\/pl\/wp-json\/wp\/v2\/pages\/5229\/revisions"}],"predecessor-version":[{"id":12465,"href":"https:\/\/ankercanis.com\/pl\/wp-json\/wp\/v2\/pages\/5229\/revisions\/12465"}],"wp:attachment":[{"href":"https:\/\/ankercanis.com\/pl\/wp-json\/wp\/v2\/media?parent=5229"}],"curies":[{"name":"wp","href":"https:\/\/api.w.org\/{rel}","templated":true}]}}