{"id":4078,"date":"2025-07-15T14:49:38","date_gmt":"2025-07-15T13:49:38","guid":{"rendered":"https:\/\/ankercanismalinois.wordpress.com\/?page_id=4078"},"modified":"2026-02-18T20:39:17","modified_gmt":"2026-02-18T20:39:17","slug":"behaviour-consultations","status":"publish","type":"page","link":"https:\/\/ankercanis.com\/pl\/services\/behaviour-consultations\/","title":{"rendered":"Konsultacje behawiorystyczne"},"content":{"rendered":"<p>Aneta &#8211; owner of AnkerCanis.<\/p>\n\n\n\n<p>Przez ca\u0142e \u017cycie mia\u0142am psy i zawsze sama je szkoli\u0142am. Mia\u0142am wiele r\u00f3\u017cnych ras, zaczynaj\u0105c od ma\u0142ych miesza\u0144c\u00f3w chihuahua, ma\u0142ych terier\u00f3w, jamnik\u00f3w, chart\u00f3w afga\u0144skich, border collie itd. Pomaga\u0142am wielu ludziom w szkoleniu ich ps\u00f3w, ale nie mog\u0119 powiedzie\u0107, \u017ce wiem wszystko. Pope\u0142ni\u0142am w \u017cyciu wiele b\u0142\u0119d\u00f3w i jestem pewna, \u017ce \u200b\u200bpope\u0142ni\u0119 ich jeszcze wi\u0119cej. Ka\u017cdy pies uczy mnie czego\u015b innego, a moje metody szkolenia zmienia\u0142y si\u0119 z czasem.<\/p>\n\n\n\n<p>Cz\u0119sto s\u0142ysz\u0119 pytanie \u2013 czy dwa psy s\u0105 takie same? Moja odpowied\u017a brzmi \u2013 nie. Ka\u017cdy pies jest indywidualno\u015bci\u0105 i wiele czynnik\u00f3w kszta\u0142tuje jego charakter, cz\u0119sto jeszcze przed narodzinami.<\/p>\n\n\n\n<p>Are two dogs the same breed the same? The answer is still &#8211; No. I own Belgian Malinois since 2016. I breed since 2018, and I haven&#8217;t met two dogs that are the same. They have very similar needs but are not the same.<\/p>\n\n\n\n<p>The dog I purchased last taught me a lot. She was not socialised as a pup, extremely reactive and I believe sold to me because I had experience. My training methods did not work, I was going nowhere. And I wanted to give up. But I was still pushing forward. This is why I decided to learn more and signed myself for Level 4 Advanced Dog Behaviourist course which I now completed. I can now offer my services as fully qualified Dog Behaviourist and a Trainer.<\/p>\n\n\n\n<p>Je\u017celi masz jakie\u015b pytania, nie wahaj si\u0119 skontaktowa\u0107 ze mn\u0105 poprzez stron\u0119.<\/p>","protected":false},"excerpt":{"rendered":"<p>Aneta &#8211; owner of AnkerCanis. I own dogs all my life and always trained them myself. I owned many different breeds throughout my life, starting with little Chihuahua mixes, Little terriers, Dachshund, Afghan Hound, Border collie etc. I helped many people train their dogs, but in no means I know everything. I made many mistakes&#8230;<\/p>","protected":false},"author":3,"featured_media":0,"parent":1515,"menu_order":0,"comment_status":"closed","ping_status":"closed","template":"","meta":{"_kad_post_transparent":"","_kad_post_title":"","_kad_post_layout":"","_kad_post_sidebar_id":"","_kad_post_content_style":"","_kad_post_vertical_padding":"","_kad_post_feature":"","_kad_post_feature_position":"","_kad_post_header":false,"_kad_post_footer":false,"_kad_post_classname":"","footnotes":""},"class_list":["post-4078","page","type-page","status-publish","hentry"],"_links":{"self":[{"href":"https:\/\/ankercanis.com\/pl\/wp-json\/wp\/v2\/pages\/4078","targetHints":{"allow":["GET"]}}],"collection":[{"href":"https:\/\/ankercanis.com\/pl\/wp-json\/wp\/v2\/pages"}],"about":[{"href":"https:\/\/ankercanis.com\/pl\/wp-json\/wp\/v2\/types\/page"}],"author":[{"embeddable":true,"href":"https:\/\/ankercanis.com\/pl\/wp-json\/wp\/v2\/users\/3"}],"replies":[{"embeddable":true,"href":"https:\/\/ankercanis.com\/pl\/wp-json\/wp\/v2\/comments?post=4078"}],"version-history":[{"count":4,"href":"https:\/\/ankercanis.com\/pl\/wp-json\/wp\/v2\/pages\/4078\/revisions"}],"predecessor-version":[{"id":12989,"href":"https:\/\/ankercanis.com\/pl\/wp-json\/wp\/v2\/pages\/4078\/revisions\/12989"}],"up":[{"embeddable":true,"href":"https:\/\/ankercanis.com\/pl\/wp-json\/wp\/v2\/pages\/1515"}],"wp:attachment":[{"href":"https:\/\/ankercanis.com\/pl\/wp-json\/wp\/v2\/media?parent=4078"}],"curies":[{"name":"wp","href":"https:\/\/api.w.org\/{rel}","templated":true}]}}