{"id":3919,"date":"2025-07-30T20:30:33","date_gmt":"2025-07-30T19:30:33","guid":{"rendered":"https:\/\/ankercanismalinois.wordpress.com\/?page_id=3919"},"modified":"2026-02-12T20:44:19","modified_gmt":"2026-02-12T20:44:19","slug":"infinity-aka-arya","status":"publish","type":"page","link":"https:\/\/ankercanis.com\/pl\/our-dogs-2\/infinity-aka-arya\/","title":{"rendered":"AnkerCanis Infinity"},"content":{"rendered":"<div data-elementor-type=\"wp-page\" data-elementor-id=\"3919\" class=\"elementor elementor-3919\">\n\t\t\t\t<div class=\"elementor-element elementor-element-45203ab e-flex e-con-boxed e-con e-parent\" data-id=\"45203ab\" data-element_type=\"container\" data-e-type=\"container\">\n\t\t\t\t\t<div class=\"e-con-inner\">\n\t\t<div class=\"elementor-element elementor-element-31dba56 e-con-full e-flex e-con e-child\" data-id=\"31dba56\" data-element_type=\"container\" data-e-type=\"container\">\n\t\t\t\t<div class=\"elementor-element elementor-element-e476012 elementor-widget__width-initial elementor-widget elementor-widget-text-editor\" data-id=\"e476012\" data-element_type=\"widget\" data-e-type=\"widget\" data-widget_type=\"text-editor.default\">\n\t\t\t\t\t\t\t\t\t<p><\/p>\n<p style=\"text-align: center;\"><strong>AnkerCanis Infinity \u2013 Arya<\/strong><br \/>15\/03\/2025<\/p>\n<p><\/p>\t\t\t\t\t\t\t\t<\/div>\n\t\t\t\t<div class=\"elementor-element elementor-element-388813d elementor-widget elementor-widget-text-editor\" data-id=\"388813d\" data-element_type=\"widget\" data-e-type=\"widget\" data-widget_type=\"text-editor.default\">\n\t\t\t\t\t\t\t\t\t<p style=\"text-align: center;\"><a href=\"https:\/\/ankercanis.com\/pl\/litters\/i-litter\/girl-2-2\/\"><span style=\"text-decoration: underline;\">Aryi strona Breed Archive<\/span><\/a><\/p>\n<p style=\"text-align: center;\"><span style=\"text-decoration: underline;\">Resultaty test\u00f3w zdrowotnych:<\/span><\/p>\t\t\t\t\t\t\t\t<\/div>\n\t\t\t\t<div class=\"elementor-element elementor-element-5dd9330 elementor-widget elementor-widget-text-editor\" data-id=\"5dd9330\" data-element_type=\"widget\" data-e-type=\"widget\" data-widget_type=\"text-editor.default\">\n\t\t\t\t\t\t\t\t\t<p>Niestety, Arya zosta\u0142a wycofana z programu hodowlanego z powodu braku wszystkich z\u0119b\u00f3w (ma ich 40 zamiast 42). Jeste\u015bmy absolutnie za\u0142amani, ale poniewa\u017c jest to niezgodne ze standardami rasy, podj\u0119li\u015bmy decyzj\u0119 o jej wycofaniu ze hodowli.<\/p>\n<p>Arya NIE szuka nowego domu, pozostanie tam, gdzie by\u0142a i zostanie wysterylizowana, gdy osi\u0105gnie odpowiedni wiek.<\/p>\n<p>Niestety, poniewa\u017c jej siostra jest za du\u017ca, linie te wygin\u0105 w naszej hodowli \ud83d\ude41<\/p>\t\t\t\t\t\t\t\t<\/div>\n\t\t<div class=\"elementor-element elementor-element-55efef0 e-con-full e-flex e-con e-child\" data-id=\"55efef0\" data-element_type=\"container\" data-e-type=\"container\">\n\t\t<div class=\"elementor-element elementor-element-1ef8474 e-con-full e-flex e-con e-child\" data-id=\"1ef8474\" data-element_type=\"container\" data-e-type=\"container\">\n\t\t\t\t<div class=\"elementor-element elementor-element-c5ad9bf elementor-widget elementor-widget-image-gallery\" data-id=\"c5ad9bf\" data-element_type=\"widget\" data-e-type=\"widget\" data-widget_type=\"image-gallery.default\">\n\t\t\t\t\t\t\t<div class=\"elementor-image-gallery\">\n\t\t\t<div id='gallery-1' class='gallery galleryid-3919 gallery-columns-1 gallery-size-full'><figure class='gallery-item'>\n\t\t\t<div class='gallery-icon landscape'>\n\t\t\t\t<a data-elementor-open-lightbox=\"yes\" data-elementor-lightbox-slideshow=\"c5ad9bf\" data-elementor-lightbox-title=\"INFINITY\" data-e-action-hash=\"#elementor-action%3Aaction%3Dlightbox%26settings%3DeyJpZCI6ODI0OCwidXJsIjoiaHR0cHM6XC9cL2Fua2VyY2FuaXMuY29tXC93cC1jb250ZW50XC91cGxvYWRzXC8yMDI1XC8wOFwvSU5GSU5JVFkucG5nIiwic2xpZGVzaG93IjoiYzVhZDliZiJ9\" href='https:\/\/ankercanis.com\/wp-content\/uploads\/2025\/08\/INFINITY.png'><img fetchpriority=\"high\" decoding=\"async\" width=\"1011\" height=\"822\" src=\"https:\/\/ankercanis.com\/wp-content\/uploads\/2025\/08\/INFINITY.png\" class=\"attachment-full size-full\" alt=\"\" srcset=\"https:\/\/ankercanis.com\/wp-content\/uploads\/2025\/08\/INFINITY.png 1011w, https:\/\/ankercanis.com\/wp-content\/uploads\/2025\/08\/INFINITY-300x244.png 300w, https:\/\/ankercanis.com\/wp-content\/uploads\/2025\/08\/INFINITY-768x624.png 768w\" sizes=\"(max-width: 1011px) 100vw, 1011px\" \/><\/a>\n\t\t\t<\/div><\/figure>\n\t\t<\/div>\n\t\t<\/div>\n\t\t\t\t\t\t<\/div>\n\t\t\t\t<\/div>\n\t\t\t\t<\/div>\n\t\t\t\t<\/div>\n\t\t\t\t\t<\/div>\n\t\t\t\t<\/div>\n\t\t\t\t<\/div>","protected":false},"excerpt":{"rendered":"<p>AnkerCanis Infinity \u2013 AryaDOB: 15.03.2025 Arya&#8217;s page Health testing results: Unfortunately Arya had been removed from the breeding programme due to not developing all her teeth (she has 40 instead of 42). We are absolutely gutted but as this is outside the breed standards we made the decision to retire her. Arya is NOT looking&#8230;<\/p>","protected":false},"author":3,"featured_media":0,"parent":1501,"menu_order":0,"comment_status":"closed","ping_status":"closed","template":"","meta":{"_kad_post_transparent":"","_kad_post_title":"","_kad_post_layout":"","_kad_post_sidebar_id":"","_kad_post_content_style":"","_kad_post_vertical_padding":"","_kad_post_feature":"","_kad_post_feature_position":"","_kad_post_header":false,"_kad_post_footer":false,"_kad_post_classname":"","footnotes":""},"class_list":["post-3919","page","type-page","status-publish","hentry"],"_links":{"self":[{"href":"https:\/\/ankercanis.com\/pl\/wp-json\/wp\/v2\/pages\/3919","targetHints":{"allow":["GET"]}}],"collection":[{"href":"https:\/\/ankercanis.com\/pl\/wp-json\/wp\/v2\/pages"}],"about":[{"href":"https:\/\/ankercanis.com\/pl\/wp-json\/wp\/v2\/types\/page"}],"author":[{"embeddable":true,"href":"https:\/\/ankercanis.com\/pl\/wp-json\/wp\/v2\/users\/3"}],"replies":[{"embeddable":true,"href":"https:\/\/ankercanis.com\/pl\/wp-json\/wp\/v2\/comments?post=3919"}],"version-history":[{"count":11,"href":"https:\/\/ankercanis.com\/pl\/wp-json\/wp\/v2\/pages\/3919\/revisions"}],"predecessor-version":[{"id":12972,"href":"https:\/\/ankercanis.com\/pl\/wp-json\/wp\/v2\/pages\/3919\/revisions\/12972"}],"up":[{"embeddable":true,"href":"https:\/\/ankercanis.com\/pl\/wp-json\/wp\/v2\/pages\/1501"}],"wp:attachment":[{"href":"https:\/\/ankercanis.com\/pl\/wp-json\/wp\/v2\/media?parent=3919"}],"curies":[{"name":"wp","href":"https:\/\/api.w.org\/{rel}","templated":true}]}}