{"id":3816,"date":"2024-09-27T12:33:05","date_gmt":"2024-09-27T11:33:05","guid":{"rendered":"https:\/\/ankercanismalinois.wordpress.com\/?page_id=3816"},"modified":"2025-08-21T20:04:04","modified_gmt":"2025-08-21T20:04:04","slug":"i-litter-ankercanis-eddard-aka-tyr","status":"publish","type":"page","link":"https:\/\/ankercanis.com\/pl\/studs\/i-litter-ankercanis-eddard-aka-tyr\/","title":{"rendered":"Miot I - Noras"},"content":{"rendered":"<p>Noras Laukiene Orchideja; DOB: 2020.01.2020.<\/p>\n\n\n\n<p>Elbows 0\/2, hips 5\/4, Eyes \u2013 clear; SDCA1, SDCA2, CJM, DM, DLocus Dilution (N\/N) \u2013 clear.<\/p>\n\n\n\n<p>Noras to bardzo przyjazny pies, kt\u00f3rego jego rodzina sprowadzi\u0142a z Litwy. Jego ojciec jako pierwszy w swoim kraju uzyska\u0142 IPO3.<\/p>\n\n\n\n<figure class=\"wp-block-image size-large\"><img decoding=\"async\" src=\"https:\/\/ankercanismalinois.wordpress.com\/wp-content\/uploads\/2025\/05\/image-2.png?w=773\" alt=\"\" class=\"wp-image-3934\" \/><\/figure>","protected":false},"excerpt":{"rendered":"<p>Noras Laukiene Orchideja; DOB: 2020.01.2020. Elbows 0\/2, hips 5\/4, Eyes \u2013 clear; SDCA1, SDCA2, CJM, DM, DLocus Dilution (N\/N) \u2013 clear. Noras is a very friendly dog imported by his family from Lituania. His dad was first in his country to get IPO3.<\/p>","protected":false},"author":3,"featured_media":0,"parent":1502,"menu_order":0,"comment_status":"closed","ping_status":"closed","template":"","meta":{"_kad_post_transparent":"","_kad_post_title":"","_kad_post_layout":"","_kad_post_sidebar_id":"","_kad_post_content_style":"","_kad_post_vertical_padding":"","_kad_post_feature":"","_kad_post_feature_position":"","_kad_post_header":false,"_kad_post_footer":false,"_kad_post_classname":"","footnotes":""},"class_list":["post-3816","page","type-page","status-publish","hentry"],"_links":{"self":[{"href":"https:\/\/ankercanis.com\/pl\/wp-json\/wp\/v2\/pages\/3816","targetHints":{"allow":["GET"]}}],"collection":[{"href":"https:\/\/ankercanis.com\/pl\/wp-json\/wp\/v2\/pages"}],"about":[{"href":"https:\/\/ankercanis.com\/pl\/wp-json\/wp\/v2\/types\/page"}],"author":[{"embeddable":true,"href":"https:\/\/ankercanis.com\/pl\/wp-json\/wp\/v2\/users\/3"}],"replies":[{"embeddable":true,"href":"https:\/\/ankercanis.com\/pl\/wp-json\/wp\/v2\/comments?post=3816"}],"version-history":[{"count":2,"href":"https:\/\/ankercanis.com\/pl\/wp-json\/wp\/v2\/pages\/3816\/revisions"}],"predecessor-version":[{"id":7866,"href":"https:\/\/ankercanis.com\/pl\/wp-json\/wp\/v2\/pages\/3816\/revisions\/7866"}],"up":[{"embeddable":true,"href":"https:\/\/ankercanis.com\/pl\/wp-json\/wp\/v2\/pages\/1502"}],"wp:attachment":[{"href":"https:\/\/ankercanis.com\/pl\/wp-json\/wp\/v2\/media?parent=3816"}],"curies":[{"name":"wp","href":"https:\/\/api.w.org\/{rel}","templated":true}]}}