{"id":3483,"date":"2025-07-15T14:36:26","date_gmt":"2025-07-15T13:36:26","guid":{"rendered":"https:\/\/ankercanismalinois.wordpress.com\/?page_id=3483"},"modified":"2026-04-11T21:45:22","modified_gmt":"2026-04-11T21:45:22","slug":"dogs-for-rehoming","status":"publish","type":"page","link":"https:\/\/ankercanis.com\/pl\/dogs-for-rehoming\/","title":{"rendered":"Psy do adopcji"},"content":{"rendered":"<div data-elementor-type=\"wp-page\" data-elementor-id=\"3483\" class=\"elementor elementor-3483\">\n\t\t\t\t<div class=\"elementor-element elementor-element-40bd208e e-flex e-con-boxed e-con e-parent\" data-id=\"40bd208e\" data-element_type=\"container\" data-e-type=\"container\">\n\t\t\t\t\t<div class=\"e-con-inner\">\n\t\t\t\t<div class=\"elementor-element elementor-element-53da0091 elementor-widget elementor-widget-text-editor\" data-id=\"53da0091\" data-element_type=\"widget\" data-e-type=\"widget\" data-widget_type=\"text-editor.default\">\n\t\t\t\t\t\t\t\t\t<p><span style=\"color: #f2bfbf;\"><strong>To strona jest po\u015bwi\u0119cona psom, kt\u00f3re wr\u00f3ci\u0142y do \u200b\u200bnas i zosta\u0142y adoptowane. Czasami mo\u017cemy publikowa\u0107 posty o psach ze schroniska, gdy poproszono nas o pomoc w znalezieniu dla nich nowego domu.<\/strong><\/span><\/p>\n<p style=\"text-align: center;\"><span style=\"color: #00ffff;\"><strong>Je\u015bli jeste\u015b zainteresowany adopcj\u0105 starszego psa, skontaktuj si\u0119 z nami, a pomo\u017cemy Ci znale\u017a\u0107 odpowiedniego czworono\u017cnego przyjaciela!<\/strong><\/span><\/p>\n<ul>\n<li><span style=\"letter-spacing: 0.008em;\"><a style=\"text-decoration-line: underline;\" href=\"https:\/\/ankercanis.com\/pl\/litters\/k-litter-planned-spring-2025\/k-blue\/\"><strong>AnkerCanis Khal aka Rip<\/strong><\/a><span style=\"font-weight: bold;\">&nbsp;&#8211;&nbsp;<\/span><\/span><span style=\"letter-spacing: 0.008em;\">Rip wr\u00f3ci\u0142 do nas, poniewa\u017c w\u0142a\u015bciciele nie stosowali si\u0119 do zalece\u0144 dotycz\u0105cych szkolenia, nie socjalizowali go w kluczowym momencie i nie zaspokajali jego potrzeb. Mia\u0142 wielu trener\u00f3w w bardzo kr\u00f3tkim czasie i by\u0142 kompletnie niesp\u00f3jny. Z tego powodu Rip sta\u0142 si\u0119 reaktywny. Podj\u0119li\u015bmy decyzj\u0119, \u017ce dla jego w\u0142asnego dobra nie wr\u00f3ci do w\u0142a\u015bcicieli. Kiedy zaufa w\u0142a\u015bcicielom, jest uroczym psem, ale nieufny wobec obcych. Wkr\u00f3tce b\u0119dzie gotowy do znalezienia nowego, pracuj\u0105cego domu. Zainteresowanych prosimy o kontakt.<\/span><\/li>\n<\/ul>\n<hr>\n<ul>\n<li><span style=\"letter-spacing: 0.008em;\"><a style=\"text-decoration-line: underline;\" href=\"https:\/\/ankercanis.com\/pl\/litters\/albus-aka-uncas-purple\/\"><strong>AnkerCanis Albus aka Uncas<\/strong><\/a><span style=\"font-weight: bold;\">&nbsp;&#8211;&nbsp;<\/span><\/span><span style=\"letter-spacing: 0.008em;\">Uncas to nasz fioletowy piesek z miotu A. Odebrali\u015bmy go 9 listopada 2025 roku. Wr\u00f3ci\u0142 do nas nie z w\u0142asnej winy \u2013 jest bardzo dobrze wyszkolony, chodzi bez smyczy, nie reaguje na psy ani ludzi, jest wspania\u0142ym towarzyszem i bardzo przyjazny. Dobrze podr\u00f3\u017cuje samochodem, w swoim obecnym domu nie korzysta z klatki. Jest \u0142agodny w stosunku do dzieci i kot\u00f3w. Ignoruje inne psy, nawet je\u015bli s\u0105 wobec niego agresywne. Uncas znalazl nowy dom na koncu listopada 2025 roku.<\/span><\/li>\n<\/ul>\n<hr>\n<p><!-- \/wp:paragraph --><!-- wp:paragraph --><\/p>\n<ul>\n<li><strong><a href=\"https:\/\/ankercanis.com\/pl\/litters\/h-litter\/green-boy-2\/\">AnkerCanis Houdini aka Merlin<\/a> (wcze\u015bniej Freddie) \u2013 Adoptowany.<\/strong>Merlin wr\u00f3ci\u0142 do nas pocz\u0105tkowo na szkolenie chodzenia na smyczy na pocz\u0105tku pa\u017adziernika 2024 roku. Po przyje\u017adzie by\u0142 przera\u017cony absolutnie wszystkim. Nie jest to weso\u0142y szczeniak, kt\u00f3rego odda\u0142am w wieku 8 tygodni. Po tygodniu pracy z nim nie mia\u0142 \u017cadnych problem\u00f3w z chodzeniem na smyczy, ale ba\u0142 si\u0119 nawet za\u0142o\u017cy\u0107 obro\u017c\u0119 i absolutnie czegokolwiek. Podj\u0119to decyzj\u0119, \u017ce zostaje z nami i zostanie przeszkolony i nie wr\u00f3ci do swoich w\u0142a\u015bcicieli. Zmienili\u015bmy mu imi\u0119, aby nie kojarzy\u0142 si\u0119 ze starym \u017cyciem, zmieniono mu obro\u017c\u0119, smycz i wszystko inne, a my zacz\u0119li\u015bmy z nim intensywnie pracowa\u0107. To taki kochany piesek, bardzo przyjazny i kochaj\u0105cy dzieci. Merlin trafi\u0142 do nowego domu w listopadzie 2024 roku i \u017cyje pe\u0142ni\u0105 \u017cycia.<\/li>\n<\/ul>\n<hr>\n<p><!-- \/wp:paragraph --><!-- wp:paragraph --><\/p>\n<ul>\n<li><strong><a href=\"https:\/\/ankercanis.com\/pl\/litters\/d-litter\/light-blue-boy\/\">AnkerCanis Finch aka Dave<\/a> (poprzednio Apollo) \u2013 Adoptowany<\/strong>. Apollo wr\u00f3ci\u0142 pod koniec sierpnia 2023 roku i ostatecznie znalaz\u0142 nowy dom w marcu 2024 roku. Dave wr\u00f3ci\u0142 do nas w wieku prawie 16 miesi\u0119cy po bardzo nieprzewidzianych okoliczno\u015bciach (by\u0142 bardzo kochanym i zadbanym psem w swoim pierwszym domu). Niestety, potem dwukrotnie go adoptowano, ale bezskutecznie, i ostatecznie trafi\u0142 do domu tymczasowego. Znalaz\u0142 nowy dom w marcu 2024 roku. Niestety, historia Dave'a nie zako\u0144czy\u0142a si\u0119 dobrze, poniewa\u017c wygl\u0105da na to, \u017ce cierpia\u0142 na zesp\u00f3\u0142 stresu pourazowego (PTSD) i zacz\u0105\u0142 by\u0107 bardziej agresywny, bez mo\u017cliwo\u015bci zmiany zachowania. Niestety, 27.06.2024 roku zosta\u0142 u\u015bpiony. Dowiedzieli\u015bmy si\u0119 o tym po fakcie i nie mogli\u015bmy nic zrobi\u0107.<\/li>\n<\/ul>\n<hr>\n<p><!-- \/wp:paragraph --><!-- wp:paragraph --><\/p>\n<ul>\n<li><strong><a href=\"https:\/\/ankercanis.com\/pl\/litters\/d-litter\/purple-boy\/\">AnkerCanis Falco aka Merlin<\/a> \u2013 Adoptowany<\/strong>Merlin wr\u00f3ci\u0142 do nas w listopadzie 2022 roku i zosta\u0142 adoptowany w lutym 2023 roku. Merlin wr\u00f3ci\u0142 do nas w wieku 6 miesi\u0119cy, po tym jak jego w\u0142a\u015bciciel zachorowa\u0142 i by\u0142 w stanie poradzi\u0107 sobie z wymagaj\u0105cym, dorastaj\u0105cym psem. Powiedziano nam, \u017ce ma pewne problemy z agresj\u0105 w stosunku do innych ps\u00f3w. Po bli\u017cszym przyjrzeniu si\u0119 i pracy okaza\u0142o si\u0119, \u017ce pies by\u0142 trenowany troch\u0119 za wcze\u015bnie i nie by\u0142 wystarczaj\u0105co socjalizowany. Na spacerach ba\u0142 si\u0119 wszystkiego, co nieznane (kosz na psie odchody, du\u017cy plastikowy kubek COSTA itp.). Znalaz\u0142 nowy dom w lutym 2023 roku i jest tam bardzo szcz\u0119\u015bliwy.<\/li>\n<\/ul>\n<p><!-- \/wp:paragraph --><\/p>\t\t\t\t\t\t\t\t<\/div>\n\t\t\t\t\t<\/div>\n\t\t\t\t<\/div>\n\t\t\t\t<\/div>","protected":false},"excerpt":{"rendered":"<p>This is the page for dogs that came back and had been rehomed. We might occasionally post dogs that are in rescue that we were asked to help with rehoming. If you are interested to rehome an older dog, please contact us and we will help you to find a suitable four legged friend! AnkerCanis&#8230;<\/p>","protected":false},"author":3,"featured_media":0,"parent":0,"menu_order":0,"comment_status":"closed","ping_status":"closed","template":"","meta":{"_kad_post_transparent":"","_kad_post_title":"","_kad_post_layout":"","_kad_post_sidebar_id":"","_kad_post_content_style":"","_kad_post_vertical_padding":"","_kad_post_feature":"","_kad_post_feature_position":"","_kad_post_header":false,"_kad_post_footer":false,"_kad_post_classname":"","footnotes":""},"class_list":["post-3483","page","type-page","status-publish","hentry"],"_links":{"self":[{"href":"https:\/\/ankercanis.com\/pl\/wp-json\/wp\/v2\/pages\/3483","targetHints":{"allow":["GET"]}}],"collection":[{"href":"https:\/\/ankercanis.com\/pl\/wp-json\/wp\/v2\/pages"}],"about":[{"href":"https:\/\/ankercanis.com\/pl\/wp-json\/wp\/v2\/types\/page"}],"author":[{"embeddable":true,"href":"https:\/\/ankercanis.com\/pl\/wp-json\/wp\/v2\/users\/3"}],"replies":[{"embeddable":true,"href":"https:\/\/ankercanis.com\/pl\/wp-json\/wp\/v2\/comments?post=3483"}],"version-history":[{"count":100,"href":"https:\/\/ankercanis.com\/pl\/wp-json\/wp\/v2\/pages\/3483\/revisions"}],"predecessor-version":[{"id":13072,"href":"https:\/\/ankercanis.com\/pl\/wp-json\/wp\/v2\/pages\/3483\/revisions\/13072"}],"wp:attachment":[{"href":"https:\/\/ankercanis.com\/pl\/wp-json\/wp\/v2\/media?parent=3483"}],"curies":[{"name":"wp","href":"https:\/\/api.w.org\/{rel}","templated":true}]}}