{"id":3273,"date":"2025-08-04T17:50:14","date_gmt":"2025-08-04T16:50:14","guid":{"rendered":"https:\/\/ankercanismalinois.wordpress.com\/?page_id=3273"},"modified":"2026-01-22T19:09:32","modified_gmt":"2026-01-22T19:09:32","slug":"j-litter","status":"publish","type":"page","link":"https:\/\/ankercanis.com\/pl\/litters\/j-litter\/","title":{"rendered":"Miot J"},"content":{"rendered":"<div data-elementor-type=\"wp-page\" data-elementor-id=\"3273\" class=\"elementor elementor-3273\">\n\t\t\t\t<div class=\"elementor-element elementor-element-20042e3 e-flex e-con-boxed e-con e-parent\" data-id=\"20042e3\" data-element_type=\"container\" data-e-type=\"container\">\n\t\t\t\t\t<div class=\"e-con-inner\">\n\t\t<div class=\"elementor-element elementor-element-cfce3e8 e-con-full e-flex e-con e-child\" data-id=\"cfce3e8\" data-element_type=\"container\" data-e-type=\"container\">\n\t\t\t\t<div class=\"elementor-element elementor-element-0bb6b8b elementor-widget elementor-widget-text-editor\" data-id=\"0bb6b8b\" data-element_type=\"widget\" data-e-type=\"widget\" data-widget_type=\"text-editor.default\">\n\t\t\t\t\t\t\t\t\t<p><\/p>\n<p>Matka: <a href=\"https:\/\/ankercanis.com\/pl\/our-dogs-2\/ivy-2\/\">Inspired by Nature Alta Escuela<\/a><br>Ojciec: <a href=\"https:\/\/ankercanis.com\/pl\/studs\/j-litter-zeke\/\">Goldmali Quicksilver<\/a><br>Wsp\u00f3\u0142czynnik inbredu 0,0%<br>This litter is 60% working, 40% show lines<\/p>\n<p><\/p>\n<figure class=\"wp-block-image size-large\"><img decoding=\"async\" class=\"wp-image-1528\" src=\"https:\/\/ankercanis.com\/wp-content\/uploads\/2021\/01\/img_2332.jpg?w=640\" alt=\"\"><\/figure>\n<p><\/p>\t\t\t\t\t\t\t\t<\/div>\n\t\t\t\t<div class=\"elementor-element elementor-element-c026ae0 elementor-widget elementor-widget-image-gallery\" data-id=\"c026ae0\" data-element_type=\"widget\" data-e-type=\"widget\" data-widget_type=\"image-gallery.default\">\n\t\t\t\t\t\t\t<div class=\"elementor-image-gallery\">\n\t\t\t<div id='gallery-1' class='gallery galleryid-3273 gallery-columns-1 gallery-size-medium_large'><figure class='gallery-item'>\n\t\t\t<div class='gallery-icon landscape'>\n\t\t\t\t<a data-elementor-open-lightbox=\"yes\" data-elementor-lightbox-slideshow=\"c026ae0\" data-elementor-lightbox-title=\"jped\" data-e-action-hash=\"#elementor-action%3Aaction%3Dlightbox%26settings%3DeyJpZCI6ODg0MiwidXJsIjoiaHR0cHM6XC9cL2Fua2VyY2FuaXMuY29tXC93cC1jb250ZW50XC91cGxvYWRzXC8yMDI1XC8wOFwvanBlZC5wbmciLCJzbGlkZXNob3ciOiJjMDI2YWUwIn0%3D\" href='https:\/\/ankercanis.com\/wp-content\/uploads\/2025\/08\/jped.png'><img fetchpriority=\"high\" decoding=\"async\" width=\"768\" height=\"394\" src=\"https:\/\/ankercanis.com\/wp-content\/uploads\/2025\/08\/jped-768x394.png\" class=\"attachment-medium_large size-medium_large\" alt=\"\" srcset=\"https:\/\/ankercanis.com\/wp-content\/uploads\/2025\/08\/jped-768x394.png 768w, https:\/\/ankercanis.com\/wp-content\/uploads\/2025\/08\/jped-300x154.png 300w, https:\/\/ankercanis.com\/wp-content\/uploads\/2025\/08\/jped.png 864w\" sizes=\"(max-width: 768px) 100vw, 768px\" \/><\/a>\n\t\t\t<\/div><\/figure>\n\t\t<\/div>\n\t\t<\/div>\n\t\t\t\t\t\t<\/div>\n\t\t\t\t<div class=\"elementor-element elementor-element-b3ddecf elementor-widget elementor-widget-text-editor\" data-id=\"b3ddecf\" data-element_type=\"widget\" data-e-type=\"widget\" data-widget_type=\"text-editor.default\">\n\t\t\t\t\t\t\t\t\t<p><\/p>\n<p><!-- \/wp:paragraph --><!-- wp:image {\"id\":3697,\"sizeSlug\":\"large\",\"linkDestination\":\"none\"} --><\/p>\n<figure class=\"wp-block-image size-large\"><img decoding=\"async\" class=\"wp-image-3697\" src=\"https:\/\/ankercanis.com\/wp-content\/uploads\/2024\/06\/c-litter-1.png?w=932\" alt=\"\">Szczeni\u0119ta urodzi\u0142y si\u0119 31.03.2025 r. \u2013 2 suczki i 1 piesek nagle zmar\u0142y w wieku 6 dni. Suczki rosn\u0105 i maj\u0105 si\u0119 bardzo dobrze. Obie s\u0105 ju\u017c w nowych domach.<br>Wi\u0119ksze szczeni\u0119ta pochodz\u0105 z <a href=\"https:\/\/ankercanis.com\/pl\/i-litter\/\">Miot I<\/a>.<\/figure>\n<p><!-- \/wp:image --><!-- wp:paragraph --><\/p>\n<p><!-- \/wp:paragraph --><!-- wp:image {\"id\":1527,\"sizeSlug\":\"large\",\"linkDestination\":\"none\"} --><\/p>\n<p><!-- \/wp:image --><!-- wp:image {\"id\":1528,\"sizeSlug\":\"large\",\"linkDestination\":\"none\"} --><\/p>\n<figure class=\"wp-block-image size-large\"><\/figure>\t\t\t\t\t\t\t\t<\/div>\n\t\t\t\t<div class=\"elementor-element elementor-element-0e46b99 elementor-widget elementor-widget-image-gallery\" data-id=\"0e46b99\" data-element_type=\"widget\" data-e-type=\"widget\" data-widget_type=\"image-gallery.default\">\n\t\t\t\t\t\t\t<div class=\"elementor-image-gallery\">\n\t\t\t<div id='gallery-2' class='gallery galleryid-3273 gallery-columns-2 gallery-size-medium'><figure class='gallery-item'>\n\t\t\t<div class='gallery-icon portrait'>\n\t\t\t\t<a data-elementor-open-lightbox=\"yes\" data-elementor-lightbox-slideshow=\"0e46b99\" data-elementor-lightbox-title=\"image-6\" data-e-action-hash=\"#elementor-action%3Aaction%3Dlightbox%26settings%3DeyJpZCI6ODg0NCwidXJsIjoiaHR0cHM6XC9cL2Fua2VyY2FuaXMuY29tXC93cC1jb250ZW50XC91cGxvYWRzXC8yMDI1XC8wOFwvaW1hZ2UtNi53ZWJwIiwic2xpZGVzaG93IjoiMGU0NmI5OSJ9\" href='https:\/\/ankercanis.com\/wp-content\/uploads\/2025\/08\/image-6.webp'><img decoding=\"async\" width=\"197\" height=\"300\" src=\"https:\/\/ankercanis.com\/wp-content\/uploads\/2025\/08\/image-6-197x300.webp\" class=\"attachment-medium size-medium\" alt=\"\" srcset=\"https:\/\/ankercanis.com\/wp-content\/uploads\/2025\/08\/image-6-197x300.webp 197w, https:\/\/ankercanis.com\/wp-content\/uploads\/2025\/08\/image-6.webp 460w\" sizes=\"(max-width: 197px) 100vw, 197px\" \/><\/a>\n\t\t\t<\/div><\/figure><figure class='gallery-item'>\n\t\t\t<div class='gallery-icon portrait'>\n\t\t\t\t<a data-elementor-open-lightbox=\"yes\" data-elementor-lightbox-slideshow=\"0e46b99\" data-elementor-lightbox-title=\"image-5\" data-e-action-hash=\"#elementor-action%3Aaction%3Dlightbox%26settings%3DeyJpZCI6ODg0MywidXJsIjoiaHR0cHM6XC9cL2Fua2VyY2FuaXMuY29tXC93cC1jb250ZW50XC91cGxvYWRzXC8yMDI1XC8wOFwvaW1hZ2UtNS53ZWJwIiwic2xpZGVzaG93IjoiMGU0NmI5OSJ9\" href='https:\/\/ankercanis.com\/wp-content\/uploads\/2025\/08\/image-5.webp'><img decoding=\"async\" width=\"227\" height=\"300\" src=\"https:\/\/ankercanis.com\/wp-content\/uploads\/2025\/08\/image-5-227x300.webp\" class=\"attachment-medium size-medium\" alt=\"\" srcset=\"https:\/\/ankercanis.com\/wp-content\/uploads\/2025\/08\/image-5-227x300.webp 227w, https:\/\/ankercanis.com\/wp-content\/uploads\/2025\/08\/image-5.webp 625w\" sizes=\"(max-width: 227px) 100vw, 227px\" \/><\/a>\n\t\t\t<\/div><\/figure><figure class='gallery-item'>\n\t\t\t<div class='gallery-icon portrait'>\n\t\t\t\t<a data-elementor-open-lightbox=\"yes\" data-elementor-lightbox-slideshow=\"0e46b99\" data-elementor-lightbox-title=\"image-9\" data-e-action-hash=\"#elementor-action%3Aaction%3Dlightbox%26settings%3DeyJpZCI6ODg0NSwidXJsIjoiaHR0cHM6XC9cL2Fua2VyY2FuaXMuY29tXC93cC1jb250ZW50XC91cGxvYWRzXC8yMDI1XC8wOFwvaW1hZ2UtOS53ZWJwIiwic2xpZGVzaG93IjoiMGU0NmI5OSJ9\" href='https:\/\/ankercanis.com\/wp-content\/uploads\/2025\/08\/image-9.webp'><img loading=\"lazy\" decoding=\"async\" width=\"210\" height=\"300\" src=\"https:\/\/ankercanis.com\/wp-content\/uploads\/2025\/08\/image-9-210x300.webp\" class=\"attachment-medium size-medium\" alt=\"\" srcset=\"https:\/\/ankercanis.com\/wp-content\/uploads\/2025\/08\/image-9-210x300.webp 210w, https:\/\/ankercanis.com\/wp-content\/uploads\/2025\/08\/image-9.webp 478w\" sizes=\"(max-width: 210px) 100vw, 210px\" \/><\/a>\n\t\t\t<\/div><\/figure><figure class='gallery-item'>\n\t\t\t<div class='gallery-icon portrait'>\n\t\t\t\t<a data-elementor-open-lightbox=\"yes\" data-elementor-lightbox-slideshow=\"0e46b99\" data-elementor-lightbox-title=\"image-18\" data-e-action-hash=\"#elementor-action%3Aaction%3Dlightbox%26settings%3DeyJpZCI6ODg0NiwidXJsIjoiaHR0cHM6XC9cL2Fua2VyY2FuaXMuY29tXC93cC1jb250ZW50XC91cGxvYWRzXC8yMDI1XC8wOFwvaW1hZ2UtMTgud2VicCIsInNsaWRlc2hvdyI6IjBlNDZiOTkifQ%3D%3D\" href='https:\/\/ankercanis.com\/wp-content\/uploads\/2025\/08\/image-18.webp'><img loading=\"lazy\" decoding=\"async\" width=\"237\" height=\"300\" src=\"https:\/\/ankercanis.com\/wp-content\/uploads\/2025\/08\/image-18-237x300.webp\" class=\"attachment-medium size-medium\" alt=\"\" srcset=\"https:\/\/ankercanis.com\/wp-content\/uploads\/2025\/08\/image-18-237x300.webp 237w, https:\/\/ankercanis.com\/wp-content\/uploads\/2025\/08\/image-18.webp 634w\" sizes=\"(max-width: 237px) 100vw, 237px\" \/><\/a>\n\t\t\t<\/div><\/figure><figure class='gallery-item'>\n\t\t\t<div class='gallery-icon portrait'>\n\t\t\t\t<a data-elementor-open-lightbox=\"yes\" data-elementor-lightbox-slideshow=\"0e46b99\" data-elementor-lightbox-title=\"image-23\" data-e-action-hash=\"#elementor-action%3Aaction%3Dlightbox%26settings%3DeyJpZCI6ODg0NywidXJsIjoiaHR0cHM6XC9cL2Fua2VyY2FuaXMuY29tXC93cC1jb250ZW50XC91cGxvYWRzXC8yMDI1XC8wOFwvaW1hZ2UtMjMud2VicCIsInNsaWRlc2hvdyI6IjBlNDZiOTkifQ%3D%3D\" href='https:\/\/ankercanis.com\/wp-content\/uploads\/2025\/08\/image-23.webp'><img loading=\"lazy\" decoding=\"async\" width=\"229\" height=\"300\" src=\"https:\/\/ankercanis.com\/wp-content\/uploads\/2025\/08\/image-23-229x300.webp\" class=\"attachment-medium size-medium\" alt=\"\" srcset=\"https:\/\/ankercanis.com\/wp-content\/uploads\/2025\/08\/image-23-229x300.webp 229w, https:\/\/ankercanis.com\/wp-content\/uploads\/2025\/08\/image-23.webp 627w\" sizes=\"(max-width: 229px) 100vw, 229px\" \/><\/a>\n\t\t\t<\/div><\/figure><figure class='gallery-item'>\n\t\t\t<div class='gallery-icon portrait'>\n\t\t\t\t<a data-elementor-open-lightbox=\"yes\" data-elementor-lightbox-slideshow=\"0e46b99\" data-elementor-lightbox-title=\"image-27\" data-e-action-hash=\"#elementor-action%3Aaction%3Dlightbox%26settings%3DeyJpZCI6ODg0OCwidXJsIjoiaHR0cHM6XC9cL2Fua2VyY2FuaXMuY29tXC93cC1jb250ZW50XC91cGxvYWRzXC8yMDI1XC8wOFwvaW1hZ2UtMjcud2VicCIsInNsaWRlc2hvdyI6IjBlNDZiOTkifQ%3D%3D\" href='https:\/\/ankercanis.com\/wp-content\/uploads\/2025\/08\/image-27.webp'><img loading=\"lazy\" decoding=\"async\" width=\"241\" height=\"300\" src=\"https:\/\/ankercanis.com\/wp-content\/uploads\/2025\/08\/image-27-241x300.webp\" class=\"attachment-medium size-medium\" alt=\"\" srcset=\"https:\/\/ankercanis.com\/wp-content\/uploads\/2025\/08\/image-27-241x300.webp 241w, https:\/\/ankercanis.com\/wp-content\/uploads\/2025\/08\/image-27.webp 643w\" sizes=\"(max-width: 241px) 100vw, 241px\" \/><\/a>\n\t\t\t<\/div><\/figure><figure class='gallery-item'>\n\t\t\t<div class='gallery-icon landscape'>\n\t\t\t\t<a data-elementor-open-lightbox=\"yes\" data-elementor-lightbox-slideshow=\"0e46b99\" data-elementor-lightbox-title=\"image-28\" data-e-action-hash=\"#elementor-action%3Aaction%3Dlightbox%26settings%3DeyJpZCI6ODg0OSwidXJsIjoiaHR0cHM6XC9cL2Fua2VyY2FuaXMuY29tXC93cC1jb250ZW50XC91cGxvYWRzXC8yMDI1XC8wOFwvaW1hZ2UtMjgud2VicCIsInNsaWRlc2hvdyI6IjBlNDZiOTkifQ%3D%3D\" href='https:\/\/ankercanis.com\/wp-content\/uploads\/2025\/08\/image-28.webp'><img loading=\"lazy\" decoding=\"async\" width=\"300\" height=\"224\" src=\"https:\/\/ankercanis.com\/wp-content\/uploads\/2025\/08\/image-28-300x224.webp\" class=\"attachment-medium size-medium\" alt=\"\" srcset=\"https:\/\/ankercanis.com\/wp-content\/uploads\/2025\/08\/image-28-300x224.webp 300w, https:\/\/ankercanis.com\/wp-content\/uploads\/2025\/08\/image-28-768x574.webp 768w, https:\/\/ankercanis.com\/wp-content\/uploads\/2025\/08\/image-28.webp 1023w\" sizes=\"(max-width: 300px) 100vw, 300px\" \/><\/a>\n\t\t\t<\/div><\/figure><figure class='gallery-item'>\n\t\t\t<div class='gallery-icon portrait'>\n\t\t\t\t<a data-elementor-open-lightbox=\"yes\" data-elementor-lightbox-slideshow=\"0e46b99\" data-elementor-lightbox-title=\"image-36\" data-e-action-hash=\"#elementor-action%3Aaction%3Dlightbox%26settings%3DeyJpZCI6ODg1MCwidXJsIjoiaHR0cHM6XC9cL2Fua2VyY2FuaXMuY29tXC93cC1jb250ZW50XC91cGxvYWRzXC8yMDI1XC8wOFwvaW1hZ2UtMzYud2VicCIsInNsaWRlc2hvdyI6IjBlNDZiOTkifQ%3D%3D\" href='https:\/\/ankercanis.com\/wp-content\/uploads\/2025\/08\/image-36.webp'><img loading=\"lazy\" decoding=\"async\" width=\"229\" height=\"300\" src=\"https:\/\/ankercanis.com\/wp-content\/uploads\/2025\/08\/image-36-229x300.webp\" class=\"attachment-medium size-medium\" alt=\"\" srcset=\"https:\/\/ankercanis.com\/wp-content\/uploads\/2025\/08\/image-36-229x300.webp 229w, https:\/\/ankercanis.com\/wp-content\/uploads\/2025\/08\/image-36.webp 573w\" sizes=\"(max-width: 229px) 100vw, 229px\" \/><\/a>\n\t\t\t<\/div><\/figure>\n\t\t<\/div>\n\t\t<\/div>\n\t\t\t\t\t\t<\/div>\n\t\t\t\t<\/div>\n\t\t\t\t\t<\/div>\n\t\t\t\t<\/div>\n\t\t\t\t<\/div>","protected":false},"excerpt":{"rendered":"<p>Dam: Inspired by Nature Alta EscuelaSire: Goldmali QuicksilverInbreeding coefficient is 0.0%This litter is 60% working, 40% show lines The pups were born on the 31\/03\/2025 &#8211; we had 2 females and 1 male who suddenly died at 6 days old. &#8221; girls are growing and doing very well. Both are in their new homes.The larger&#8230;<\/p>","protected":false},"author":3,"featured_media":0,"parent":5231,"menu_order":0,"comment_status":"closed","ping_status":"closed","template":"","meta":{"_kad_post_transparent":"","_kad_post_title":"","_kad_post_layout":"","_kad_post_sidebar_id":"","_kad_post_content_style":"","_kad_post_vertical_padding":"","_kad_post_feature":"","_kad_post_feature_position":"","_kad_post_header":false,"_kad_post_footer":false,"_kad_post_classname":"","footnotes":""},"class_list":["post-3273","page","type-page","status-publish","hentry"],"_links":{"self":[{"href":"https:\/\/ankercanis.com\/pl\/wp-json\/wp\/v2\/pages\/3273","targetHints":{"allow":["GET"]}}],"collection":[{"href":"https:\/\/ankercanis.com\/pl\/wp-json\/wp\/v2\/pages"}],"about":[{"href":"https:\/\/ankercanis.com\/pl\/wp-json\/wp\/v2\/types\/page"}],"author":[{"embeddable":true,"href":"https:\/\/ankercanis.com\/pl\/wp-json\/wp\/v2\/users\/3"}],"replies":[{"embeddable":true,"href":"https:\/\/ankercanis.com\/pl\/wp-json\/wp\/v2\/comments?post=3273"}],"version-history":[{"count":22,"href":"https:\/\/ankercanis.com\/pl\/wp-json\/wp\/v2\/pages\/3273\/revisions"}],"predecessor-version":[{"id":12894,"href":"https:\/\/ankercanis.com\/pl\/wp-json\/wp\/v2\/pages\/3273\/revisions\/12894"}],"up":[{"embeddable":true,"href":"https:\/\/ankercanis.com\/pl\/wp-json\/wp\/v2\/pages\/5231"}],"wp:attachment":[{"href":"https:\/\/ankercanis.com\/pl\/wp-json\/wp\/v2\/media?parent=3273"}],"curies":[{"name":"wp","href":"https:\/\/api.w.org\/{rel}","templated":true}]}}