{"id":3075,"date":"2023-04-20T09:16:27","date_gmt":"2023-04-20T08:16:27","guid":{"rendered":"https:\/\/ankercanismalinois.wordpress.com\/?page_id=3075"},"modified":"2025-09-01T14:52:07","modified_gmt":"2025-09-01T14:52:07","slug":"genetic-testing","status":"publish","type":"page","link":"https:\/\/ankercanis.com\/pl\/breeding-2\/genetic-testing\/","title":{"rendered":"Testy genetyczne"},"content":{"rendered":"<div data-elementor-type=\"wp-page\" data-elementor-id=\"3075\" class=\"elementor elementor-3075\">\n\t\t\t\t<div class=\"elementor-element elementor-element-1335b290 e-flex e-con-boxed e-con e-parent\" data-id=\"1335b290\" data-element_type=\"container\" data-e-type=\"container\">\n\t\t\t\t\t<div class=\"e-con-inner\">\n\t\t\t\t<div class=\"elementor-element elementor-element-f2a2bbb elementor-widget elementor-widget-text-editor\" data-id=\"f2a2bbb\" data-element_type=\"widget\" data-e-type=\"widget\" data-widget_type=\"text-editor.default\">\n\t\t\t\t\t\t\t\t\t<p>Uwa\u017camy, \u017ce testy genetyczne s\u0105 niezwykle wa\u017cne w ka\u017cdym programie hodowlanym, aby upewni\u0107 si\u0119, \u017ce rasa jest wolna od chor\u00f3b i niepo\u017c\u0105danych zachowa\u0144, umaszczenia lub innych czynnik\u00f3w, kt\u00f3re mo\u017cna zbada\u0107 genetycznie. To ogromna zaleta wsp\u00f3\u0142czesnego \u015bwiata, kt\u00f3r\u0105 naszym zdaniem nale\u017cy wykorzysta\u0107.<\/p>\n<p><!-- \/wp:paragraph --><!-- wp:paragraph --><\/p>\n<p>Wszystkie nasze psy s\u0105 badane pod k\u0105tem chor\u00f3b genetycznych, kt\u00f3re mog\u0105 mie\u0107 wp\u0142yw na ras\u0119.<\/p>\n<p><!-- \/wp:paragraph --><!-- wp:paragraph --><\/p>\n<p>Wa\u017cne jest, aby\u015bmy mieli pewno\u015b\u0107, \u017ce celowo nie krzy\u017cujemy dw\u00f3ch ps\u00f3w b\u0119d\u0105cych nosicielami tego samego wadliwego genu, ani nie wykorzystujemy w naszym programie hodowlanym ps\u00f3w dotkni\u0119tych t\u0105 chorob\u0105.<\/p>\n<p><!-- \/wp:paragraph --><!-- wp:paragraph --><\/p>\n<p>Poni\u017cej mo\u017cesz zobaczy\u0107, jak dzia\u0142a dziedziczenie. Zwykle, gdy pies jest nosicielem choroby, nie stanowi to problemu, o ile pies, z kt\u00f3rym go sparujemy, jest wolny od tej choroby.<\/p>\n<p><!-- \/wp:paragraph --><!-- wp:image {\"id\":3087,\"sizeSlug\":\"large\",\"linkDestination\":\"none\"} --><\/p>\n<figure class=\"wp-block-image size-large\"><\/figure>\t\t\t\t\t\t\t\t<\/div>\n\t\t\t\t<div class=\"elementor-element elementor-element-d27f647 elementor-widget elementor-widget-image\" data-id=\"d27f647\" data-element_type=\"widget\" data-e-type=\"widget\" data-widget_type=\"image.default\">\n\t\t\t\t\t\t\t\t\t\t\t\t\t\t\t<img fetchpriority=\"high\" decoding=\"async\" width=\"334\" height=\"453\" src=\"https:\/\/ankercanis.com\/wp-content\/uploads\/2025\/08\/Inheritance.png\" class=\"attachment-large size-large wp-image-8328\" alt=\"\" srcset=\"https:\/\/ankercanis.com\/wp-content\/uploads\/2025\/08\/Inheritance.png 334w, https:\/\/ankercanis.com\/wp-content\/uploads\/2025\/08\/Inheritance-221x300.png 221w\" sizes=\"(max-width: 334px) 100vw, 334px\" \/>\t\t\t\t\t\t\t\t\t\t\t\t\t\t\t<\/div>\n\t\t\t\t<div class=\"elementor-element elementor-element-286edcf3 elementor-widget elementor-widget-text-editor\" data-id=\"286edcf3\" data-element_type=\"widget\" data-e-type=\"widget\" data-widget_type=\"text-editor.default\">\n\t\t\t\t\t\t\t\t\t<!-- wp:paragraph -->\n<figure class=\"wp-block-image size-large\"><img decoding=\"async\" class=\"wp-image-3087\" src=\"https:\/\/ankercanis.com\/wp-content\/uploads\/2023\/04\/image-1.png?w=334\" alt=\"\" \/><\/figure>\n<!-- \/wp:image --><!-- wp:paragraph -->\n<p>Choroby, kt\u00f3re badamy u naszych ps\u00f3w to:<\/p>\n<!-- \/wp:paragraph --><!-- wp:paragraph -->\n<p><mark class=\"has-inline-color has-luminous-vivid-amber-color\" style=\"background-color: rgba(0, 0, 0, 0);\"><strong>SDCA1 and SDCA2<\/strong> \u2013 Zwyrodnienie g\u0105bczaste z ataksj\u0105 m\u00f3\u017cd\u017ckow\u0105<\/mark> To choroba dziedziczna dotykaj\u0105ca owczarki belgijskie. Jest to ci\u0119\u017cka choroba neurodegeneracyjna dziedziczona w spos\u00f3b monogenowy, autosomalny recesywny. Choroba charakteryzuje si\u0119 szybko post\u0119puj\u0105c\u0105 ataksj\u0105, kt\u00f3ra rozpoczyna si\u0119 oko\u0142o 5-8 tygodnia \u017cycia. Szczeni\u0119ta s\u0105 zazwyczaj usypiane w wieku 8-12 tygodni.<\/p>\n<!-- \/wp:paragraph --><!-- wp:paragraph -->\n<p><mark class=\"has-inline-color has-luminous-vivid-amber-color\" style=\"background-color: rgba(0, 0, 0, 0);\"><strong>CJM<\/strong> \u2013 Kardiomiopatia i \u015bmiertelno\u015b\u0107 w\u015br\u00f3d m\u0142odych ps\u00f3w <\/mark>to dziedziczna choroba dotykaj\u0105ca owczarki belgijskie. Dotkni\u0119te ni\u0105 szczeni\u0119ta umieraj\u0105 przy urodzeniu lub w wieku maksymalnie 6-8 tygodni. W tym drugim przypadku szczeni\u0119ta pocz\u0105tkowo rozwijaj\u0105 si\u0119 prawid\u0142owo, ale nast\u0119pnie zaczynaj\u0105 wykazywa niespecyficzne objawy, takie jak wymioty, nieskoordynowane ruchy, dr\u017cenie lub problemy ze oddychaniem i umieraj\u0105 kilka dni po wyst\u0105pieniu pierwszych objaw\u00f3w klinicznych, zazwyczaj z powodu niewydolno\u015bci serca. Analiza genetyczna CJM umo\u017cliwia selektywne krycie ps\u00f3w hodowlanych. Ze wzgl\u0119du na autosomaln\u0105 recesywn\u0105 cech\u0119 dziedziczenia, do wywo\u0142ania choroby wymagane s\u0105 dwie kopie mutacji, dlatego psy przebadane jako nosiciele nie powinny by\u0107 eliminowane z hodowli, lecz krzy\u017cowane wy\u0142\u0105cznie z psami zdrowymi, aby unikn\u0105\u0107 urodzenia dotkni\u0119tych chorob\u0105 szczeni\u0105t.<\/p>\n<!-- \/wp:paragraph --><!-- wp:paragraph -->\n<p><strong><mark class=\"has-inline-color has-luminous-vivid-amber-color\" style=\"background-color: rgba(0, 0, 0, 0);\">CACA<\/mark><\/strong> \u2013 Choroba neurologiczna zwana<mark class=\"has-inline-color has-luminous-vivid-amber-color\" style=\"background-color: rgba(0, 0, 0, 0);\"> zanikiem o\u015brodkowego uk\u0142adu nerwowego i ataksj\u0105 m\u00f3\u017cd\u017ckow\u0105<\/mark> u owczark\u00f3w belgijskich. Dotkni\u0119te chorob\u0105 szczeni\u0119ta wykazuj\u0105 nieskoordynowane ruchy, dr\u017cenie zamiarowe, kr\u00f3tkie epizody napad\u00f3w spastycznych, og\u00f3lnie podwy\u017cszone napi\u0119cia mi\u0119\u015bniowego i os\u0142abiony odruch po\u0142ykania. Ponadto, dotkni\u0119te chorob\u0105 szczeni\u0119ta wykazuj\u0105 mniejszy przyrost masy cia\u0142a ni\u017c ich zdrowe rodze\u0144stwo. Pierwsze objawy mo\u017cna zaobserwowa\u0107 w wieku oko\u0142o 2 tygodni. Jednak nasilenie objaw\u00f3w jest bardzo zr\u00f3\u017cnicowane. Wiele dotkni\u0119tych chorob\u0105 szczeni\u0105t musi zosta\u0107 u\u015bpionych kilka tygodni po wyst\u0105pieniu pierwszych objaw\u00f3w, podczas gdy dotkni\u0119te chorob\u0105 psy z mniej intensywnymi objawami osi\u0105gaj\u0105 wiek nawet 10 lat.<\/p>\n<!-- \/wp:paragraph --><!-- wp:paragraph -->\n<p><strong><mark class=\"has-inline-color has-luminous-vivid-amber-color\" style=\"background-color: rgba(0, 0, 0, 0);\">BP<\/mark><\/strong> \u2013 new test \u2013 <mark class=\"has-inline-color has-luminous-vivid-amber-color\" style=\"background-color: rgba(0, 0, 0, 0);\">Niekorzystne zachowania, takie jak napady padaczkowe, \u201ebycie nie na miejscu\u201d, epizodyczne gryzienie i og\u00f3lna utrata jasno\u015bci umys\u0142u<\/mark>, odnotowano u owczarka belgijskiego Malinois i przypisuje si\u0119 pewnym wariantom genetycznym w genie transportera dopaminy.<\/p>\n<!-- \/wp:paragraph --><!-- wp:paragraph -->\n<p>Test wykrywa pewne warianty genetyczne w genie SLC6A3, o kt\u00f3rych wiadomo, \u017ce s\u0105 powi\u0105zane z problemami behawioralnymi u maliniak\u00f3w. Polimorfizmy te s\u0105 ponadto powi\u0105zane ze zwi\u0119kszon\u0105 awersj\u0105 wobec ps\u00f3w ze strony opiekun\u00f3w oraz ze zwi\u0119kszonym stresem u ps\u00f3w w reakcji na opiekun\u00f3w. Zwi\u0105zek mi\u0119dzy tymi polimorfizmami a zachowaniem\/napadami padaczkowymi zosta\u0142 potwierdzony wy\u0142\u0105cznie u owczarka belgijskiego malinois. Ze wzgl\u0119du na z\u0142o\u017cony charakter zachowania, mo\u017cliwe jest, \u017ce czynniki \u015brodowiskowe, takie jak stres, przyczyniaj\u0105 si\u0119 do wyst\u0119powania niekorzystnych zachowa\u0144 zg\u0142aszanych przez w\u0142a\u015bcicieli.<\/p>\n<!-- \/wp:paragraph --><!-- wp:paragraph -->\n<p>Mutacja w genie (SLC6A3) jest cz\u0119\u015bciej obecna u ps\u00f3w wykazuj\u0105cych t\u0119 nieprzewidywaln\u0105 agresj\u0119. Zidentyfikowano trzy mo\u017cliwe warianty genu: allele A0 i A10 nie s\u0105 powi\u0105zane z zachowaniami niepo\u017c\u0105danymi, natomiast allel A22 jest powi\u0105zany z niepo\u017c\u0105dan\u0105 agresj\u0105. Psy heterozygotyczne pod wzgl\u0119dem genu A22 (A0\/A22 lub A10\/A22) wykazuj\u0105 zachowania uwa\u017cane przez niekt\u00f3rych w\u0142a\u015bcicieli za niekorzystne i\/lub potencjalnie niepo\u017c\u0105dane. Jednak psy o najbardziej skrajnych zachowaniach cz\u0119\u015bciej maj\u0105 genotyp homozygotyczny A22\/A22.<\/p>\n<!-- \/wp:paragraph --><!-- wp:paragraph -->\n<p>Nale\u017cy pami\u0119ta\u0107, \u017ce poza tym wariantem genetycznym, zachowanie psa jest powi\u0105zane z wieloma innymi czynnikami, kt\u00f3re mog\u0105 wp\u0142ywa\u0107 na agresywne zachowania lub je wywo\u0142ywa\u0107 (np. bolesne choroby, przewlek\u0142y stres \u015brodowiskowy lub niew\u0142a\u015bciwe metody edukacyjne). Co wi\u0119cej, niniejszy test dostarcza informacji jedynie o pojedynczej predyspozycji genetycznej psa. Wynik ten nie pozwala na \u017cadne domniemanie co do faktycznej podatno\u015bci psa na szkolenie lub jego komunikatywno\u015bci.<\/p>\n<!-- \/wp:paragraph -->\t\t\t\t\t\t\t\t<\/div>\n\t\t<div class=\"elementor-element elementor-element-2374979 e-con-full e-flex e-con e-child\" data-id=\"2374979\" data-element_type=\"container\" data-e-type=\"container\">\n\t\t\t\t<\/div>\n\t\t\t\t\t<\/div>\n\t\t\t\t<\/div>\n\t\t\t\t<\/div>","protected":false},"excerpt":{"rendered":"<p>We feel that genetic testing is very important for any breeding program to ensure that the breed is free of diseases and unwanted behaviour coat colour or anything else that can be tested genetically. This is a massive advantage of modern world that we believe that should be taken advantage of. All our dogs are&#8230;<\/p>","protected":false},"author":3,"featured_media":0,"parent":1535,"menu_order":0,"comment_status":"closed","ping_status":"closed","template":"","meta":{"_kad_post_transparent":"","_kad_post_title":"","_kad_post_layout":"","_kad_post_sidebar_id":"","_kad_post_content_style":"","_kad_post_vertical_padding":"","_kad_post_feature":"","_kad_post_feature_position":"","_kad_post_header":false,"_kad_post_footer":false,"_kad_post_classname":"","footnotes":""},"class_list":["post-3075","page","type-page","status-publish","hentry"],"_links":{"self":[{"href":"https:\/\/ankercanis.com\/pl\/wp-json\/wp\/v2\/pages\/3075","targetHints":{"allow":["GET"]}}],"collection":[{"href":"https:\/\/ankercanis.com\/pl\/wp-json\/wp\/v2\/pages"}],"about":[{"href":"https:\/\/ankercanis.com\/pl\/wp-json\/wp\/v2\/types\/page"}],"author":[{"embeddable":true,"href":"https:\/\/ankercanis.com\/pl\/wp-json\/wp\/v2\/users\/3"}],"replies":[{"embeddable":true,"href":"https:\/\/ankercanis.com\/pl\/wp-json\/wp\/v2\/comments?post=3075"}],"version-history":[{"count":7,"href":"https:\/\/ankercanis.com\/pl\/wp-json\/wp\/v2\/pages\/3075\/revisions"}],"predecessor-version":[{"id":8334,"href":"https:\/\/ankercanis.com\/pl\/wp-json\/wp\/v2\/pages\/3075\/revisions\/8334"}],"up":[{"embeddable":true,"href":"https:\/\/ankercanis.com\/pl\/wp-json\/wp\/v2\/pages\/1535"}],"wp:attachment":[{"href":"https:\/\/ankercanis.com\/pl\/wp-json\/wp\/v2\/media?parent=3075"}],"curies":[{"name":"wp","href":"https:\/\/api.w.org\/{rel}","templated":true}]}}