{"id":2383,"date":"2025-07-30T20:23:27","date_gmt":"2025-07-30T19:23:27","guid":{"rendered":"https:\/\/ankercanismalinois.wordpress.com\/?page_id=2383"},"modified":"2025-09-01T18:47:25","modified_gmt":"2025-09-01T18:47:25","slug":"daffodil-aka-daf","status":"publish","type":"page","link":"https:\/\/ankercanis.com\/pl\/our-dogs-2\/retired-from-breeding\/daffodil-aka-daf\/","title":{"rendered":"Daffodil aka Daf"},"content":{"rendered":"<div data-elementor-type=\"wp-page\" data-elementor-id=\"2383\" class=\"elementor elementor-2383\">\n\t\t\t\t<div class=\"elementor-element elementor-element-a4c8da4 e-flex e-con-boxed e-con e-parent\" data-id=\"a4c8da4\" data-element_type=\"container\" data-e-type=\"container\">\n\t\t\t\t\t<div class=\"e-con-inner\">\n\t\t<div class=\"elementor-element elementor-element-bf34cf3 e-con-full e-flex e-con e-child\" data-id=\"bf34cf3\" data-element_type=\"container\" data-e-type=\"container\">\n\t\t<div class=\"elementor-element elementor-element-406c943 e-con-full e-flex e-con e-child\" data-id=\"406c943\" data-element_type=\"container\" data-e-type=\"container\">\n\t\t\t\t<div class=\"elementor-element elementor-element-964abcd elementor-widget__width-initial elementor-widget elementor-widget-text-editor\" data-id=\"964abcd\" data-element_type=\"widget\" data-e-type=\"widget\" data-widget_type=\"text-editor.default\">\n\t\t\t\t\t\t\t\t\t<p style=\"text-align: center;\"><strong>AnkerCanis Daffodill \u2013 Daf 05\/02\/2022<\/strong><\/p>\n<p><!-- \/wp:paragraph --><!-- wp:paragraph --><!-- \/wp:paragraph --><\/p>\t\t\t\t\t\t\t\t<\/div>\n\t\t\t\t<div class=\"elementor-element elementor-element-e756146 elementor-widget elementor-widget-text-editor\" data-id=\"e756146\" data-element_type=\"widget\" data-e-type=\"widget\" data-widget_type=\"text-editor.default\">\n\t\t\t\t\t\t\t\t\t<p style=\"text-align: center;\"><a href=\"https:\/\/ankercanis.com\/pl\/litters\/d-litter\/purple-3\/\"><span style=\"text-decoration: underline;\">Daf strona Breed Archive<\/span><\/a><\/p>\n<p style=\"text-align: center;\"><span style=\"text-decoration: underline;\">Resultaty test\u00f3w zdrowotnych:<\/span><\/p>\t\t\t\t\t\t\t\t<\/div>\n\t\t\t\t<div class=\"elementor-element elementor-element-33bd5c8 elementor-widget elementor-widget-text-editor\" data-id=\"33bd5c8\" data-element_type=\"widget\" data-e-type=\"widget\" data-widget_type=\"text-editor.default\">\n\t\t\t\t\t\t\t\t\t<p>\u0141okcie: 0\/0<br \/>Biodra: 2\/3<br \/>Oczy: czyste<br \/>SDCA1: N\/N (czysta), SDCA2: N\/N (czysta), <br \/>CJM: N\/N (czysta), DM :N\/N (czysta), CACA: N\/N (czysta)<\/p>\t\t\t\t\t\t\t\t<\/div>\n\t\t<div class=\"elementor-element elementor-element-10fd758 e-con-full e-flex e-con e-child\" data-id=\"10fd758\" data-element_type=\"container\" data-e-type=\"container\">\n\t\t<div class=\"elementor-element elementor-element-cc9627d e-con-full e-flex e-con e-child\" data-id=\"cc9627d\" data-element_type=\"container\" data-e-type=\"container\">\n\t\t\t\t<div class=\"elementor-element elementor-element-9e62a48 elementor-arrows-position-outside elementor-widget__width-initial elementor-pagination-position-outside elementor-widget elementor-widget-image-carousel\" data-id=\"9e62a48\" data-element_type=\"widget\" data-e-type=\"widget\" data-settings=\"{&quot;slides_to_show&quot;:&quot;1&quot;,&quot;navigation&quot;:&quot;both&quot;,&quot;autoplay&quot;:&quot;yes&quot;,&quot;pause_on_hover&quot;:&quot;yes&quot;,&quot;pause_on_interaction&quot;:&quot;yes&quot;,&quot;autoplay_speed&quot;:5000,&quot;infinite&quot;:&quot;yes&quot;,&quot;effect&quot;:&quot;slide&quot;,&quot;speed&quot;:500}\" data-widget_type=\"image-carousel.default\">\n\t\t\t\t\t\t\t<div class=\"elementor-image-carousel-wrapper swiper\" role=\"region\" aria-roledescription=\"carousel\" aria-label=\"Image Carousel\" dir=\"ltr\">\n\t\t\t<div class=\"elementor-image-carousel swiper-wrapper\" aria-live=\"off\">\n\t\t\t\t\t\t\t\t<div class=\"swiper-slide\" role=\"group\" aria-roledescription=\"slide\" aria-label=\"1 of 3\"><figure class=\"swiper-slide-inner\"><img decoding=\"async\" class=\"swiper-slide-image\" src=\"https:\/\/ankercanis.com\/wp-content\/uploads\/2025\/08\/20230918_130140685_iOS-199x300.jpg\" alt=\"20230918_130140685_iOS\" \/><\/figure><\/div><div class=\"swiper-slide\" role=\"group\" aria-roledescription=\"slide\" aria-label=\"2 of 3\"><figure class=\"swiper-slide-inner\"><img decoding=\"async\" class=\"swiper-slide-image\" src=\"https:\/\/ankercanis.com\/wp-content\/uploads\/2025\/08\/20240104_153519000_iOS-225x300.jpg\" alt=\"20240104_153519000_iOS\" \/><\/figure><\/div><div class=\"swiper-slide\" role=\"group\" aria-roledescription=\"slide\" aria-label=\"3 of 3\"><figure class=\"swiper-slide-inner\"><img decoding=\"async\" class=\"swiper-slide-image\" src=\"https:\/\/ankercanis.com\/wp-content\/uploads\/2025\/08\/20240114_105519000_iOS-240x300.jpg\" alt=\"20240114_105519000_iOS\" \/><\/figure><\/div>\t\t\t<\/div>\n\t\t\t\t\t\t\t\t\t\t\t\t<div class=\"elementor-swiper-button elementor-swiper-button-prev\" role=\"button\" tabindex=\"0\">\n\t\t\t\t\t\t<svg aria-hidden=\"true\" class=\"e-font-icon-svg e-eicon-chevron-left\" viewbox=\"0 0 1000 1000\" xmlns=\"http:\/\/www.w3.org\/2000\/svg\"><path d=\"M646 125C629 125 613 133 604 142L308 442C296 454 292 471 292 487 292 504 296 521 308 533L604 854C617 867 629 875 646 875 663 875 679 871 692 858 704 846 713 829 713 812 713 796 708 779 692 767L438 487 692 225C700 217 708 204 708 187 708 171 704 154 692 142 675 129 663 125 646 125Z\"><\/path><\/svg>\t\t\t\t\t<\/div>\n\t\t\t\t\t<div class=\"elementor-swiper-button elementor-swiper-button-next\" role=\"button\" tabindex=\"0\">\n\t\t\t\t\t\t<svg aria-hidden=\"true\" class=\"e-font-icon-svg e-eicon-chevron-right\" viewbox=\"0 0 1000 1000\" xmlns=\"http:\/\/www.w3.org\/2000\/svg\"><path d=\"M696 533C708 521 713 504 713 487 713 471 708 454 696 446L400 146C388 133 375 125 354 125 338 125 325 129 313 142 300 154 292 171 292 187 292 204 296 221 308 233L563 492 304 771C292 783 288 800 288 817 288 833 296 850 308 863 321 871 338 875 354 875 371 875 388 867 400 854L696 533Z\"><\/path><\/svg>\t\t\t\t\t<\/div>\n\t\t\t\t\n\t\t\t\t\t\t\t\t\t<div class=\"swiper-pagination\"><\/div>\n\t\t\t\t\t\t\t\t\t<\/div>\n\t\t\t\t\t\t<\/div>\n\t\t\t\t<div class=\"elementor-element elementor-element-063c78a elementor-widget elementor-widget-text-editor\" data-id=\"063c78a\" data-element_type=\"widget\" data-e-type=\"widget\" data-widget_type=\"text-editor.default\">\n\t\t\t\t\t\t\t\t\t<p>Daf to c\u00f3rka Mali, jedna z 9 suczek i nasz wyb\u00f3r z miotu. Ma niesamowity charakter. Podr\u00f3\u017cuje jak marzenie, a nasza podr\u00f3\u017c do Pragi by\u0142a bardzo przyjemna. Daf trenuje troch\u0119 agility i du\u017co czasu sp\u0119dza w towarzystwie koni. To ma\u0142a kieszonkowa rakieta!<\/p>\n<p>Matka <a href=\"https:\/\/ankercanis.com\/pl\/litters\/h-litter\/\">Miot H<\/a><\/p>\t\t\t\t\t\t\t\t<\/div>\n\t\t\t\t<div class=\"elementor-element elementor-element-46b195b elementor-widget elementor-widget-image-gallery\" data-id=\"46b195b\" data-element_type=\"widget\" data-e-type=\"widget\" data-widget_type=\"image-gallery.default\">\n\t\t\t\t\t\t\t<div class=\"elementor-image-gallery\">\n\t\t\t<div id='gallery-1' class='gallery galleryid-2383 gallery-columns-1 gallery-size-full'><figure class='gallery-item'>\n\t\t\t<div class='gallery-icon landscape'>\n\t\t\t\t<a data-elementor-open-lightbox=\"yes\" data-elementor-lightbox-slideshow=\"46b195b\" data-elementor-lightbox-title=\"dafped\" data-e-action-hash=\"#elementor-action%3Aaction%3Dlightbox%26settings%3DeyJpZCI6ODgxMywidXJsIjoiaHR0cHM6XC9cL2Fua2VyY2FuaXMuY29tXC93cC1jb250ZW50XC91cGxvYWRzXC8yMDI1XC8wOFwvZGFmcGVkLnBuZyIsInNsaWRlc2hvdyI6IjQ2YjE5NWIifQ%3D%3D\" href='https:\/\/ankercanis.com\/wp-content\/uploads\/2025\/08\/dafped.png'><img fetchpriority=\"high\" decoding=\"async\" width=\"815\" height=\"662\" src=\"https:\/\/ankercanis.com\/wp-content\/uploads\/2025\/08\/dafped.png\" class=\"attachment-full size-full\" alt=\"\" srcset=\"https:\/\/ankercanis.com\/wp-content\/uploads\/2025\/08\/dafped.png 815w, https:\/\/ankercanis.com\/wp-content\/uploads\/2025\/08\/dafped-300x244.png 300w, https:\/\/ankercanis.com\/wp-content\/uploads\/2025\/08\/dafped-768x624.png 768w\" sizes=\"(max-width: 815px) 100vw, 815px\" \/><\/a>\n\t\t\t<\/div><\/figure>\n\t\t<\/div>\n\t\t<\/div>\n\t\t\t\t\t\t<\/div>\n\t\t\t\t<\/div>\n\t\t\t\t<\/div>\n\t\t\t\t<\/div>\n\t\t\t\t<\/div>\n\t\t\t\t\t<\/div>\n\t\t\t\t<\/div>\n\t\t\t\t<\/div>","protected":false},"excerpt":{"rendered":"<p>AnkerCanis Daffodill \u2013 Daf DOB: 05.02.2022 Daf&#8217;s page Health testing results: Elbows: 0\/0Hips: 2\/3Eyes: clearSDCA1: N\/N (clear), SDCA2: N\/N (clear), CJM: N\/N (clear), DM :N\/N (clear), CACA: N\/N (clear) Daf is a daughter of Mali, one of 9 girls and our pick of the litter. Such an amazing personality. She travels like a dream and&#8230;<\/p>","protected":false},"author":3,"featured_media":0,"parent":2013,"menu_order":0,"comment_status":"closed","ping_status":"closed","template":"","meta":{"_kad_post_transparent":"","_kad_post_title":"","_kad_post_layout":"","_kad_post_sidebar_id":"","_kad_post_content_style":"","_kad_post_vertical_padding":"","_kad_post_feature":"","_kad_post_feature_position":"","_kad_post_header":false,"_kad_post_footer":false,"_kad_post_classname":"","footnotes":""},"class_list":["post-2383","page","type-page","status-publish","hentry"],"_links":{"self":[{"href":"https:\/\/ankercanis.com\/pl\/wp-json\/wp\/v2\/pages\/2383","targetHints":{"allow":["GET"]}}],"collection":[{"href":"https:\/\/ankercanis.com\/pl\/wp-json\/wp\/v2\/pages"}],"about":[{"href":"https:\/\/ankercanis.com\/pl\/wp-json\/wp\/v2\/types\/page"}],"author":[{"embeddable":true,"href":"https:\/\/ankercanis.com\/pl\/wp-json\/wp\/v2\/users\/3"}],"replies":[{"embeddable":true,"href":"https:\/\/ankercanis.com\/pl\/wp-json\/wp\/v2\/comments?post=2383"}],"version-history":[{"count":14,"href":"https:\/\/ankercanis.com\/pl\/wp-json\/wp\/v2\/pages\/2383\/revisions"}],"predecessor-version":[{"id":10996,"href":"https:\/\/ankercanis.com\/pl\/wp-json\/wp\/v2\/pages\/2383\/revisions\/10996"}],"up":[{"embeddable":true,"href":"https:\/\/ankercanis.com\/pl\/wp-json\/wp\/v2\/pages\/2013"}],"wp:attachment":[{"href":"https:\/\/ankercanis.com\/pl\/wp-json\/wp\/v2\/media?parent=2383"}],"curies":[{"name":"wp","href":"https:\/\/api.w.org\/{rel}","templated":true}]}}