{"id":1687,"date":"2024-03-18T08:03:12","date_gmt":"2024-03-18T08:03:12","guid":{"rendered":"https:\/\/ankercanismalinois.wordpress.com\/?page_id=1687"},"modified":"2026-01-18T17:05:32","modified_gmt":"2026-01-18T17:05:32","slug":"useful-links","status":"publish","type":"page","link":"https:\/\/ankercanis.com\/pl\/useful-links\/","title":{"rendered":"Przydatne linki"},"content":{"rendered":"<div data-elementor-type=\"wp-page\" data-elementor-id=\"1687\" class=\"elementor elementor-1687\">\n\t\t\t\t<div class=\"elementor-element elementor-element-568782b9 e-flex e-con-boxed e-con e-parent\" data-id=\"568782b9\" data-element_type=\"container\" data-e-type=\"container\">\n\t\t\t\t\t<div class=\"e-con-inner\">\n\t\t\t\t<div class=\"elementor-element elementor-element-46b8b86 elementor-widget elementor-widget-text-editor\" data-id=\"46b8b86\" data-element_type=\"widget\" data-e-type=\"widget\" data-widget_type=\"text-editor.default\">\n\t\t\t\t\t\t\t\t\t\n<h4><span style=\"text-decoration: underline;\"><span style=\"color: #ffffff; text-decoration: underline;\">Kluby Owczarka Belgijskiego i innych stron w UK<\/span><\/span><\/h4>\n\n<ul>\n<li><strong><span style=\"color: #000000;\"><span style=\"text-decoration: underline;\"><a style=\"color: #000000; text-decoration: underline;\" href=\"https:\/\/www.bsdaofgb.co.uk\/\">Klub Owczarka Belgisjkiego w UK<\/a> <\/span><\/span><\/strong><\/li>\n<li><strong><span style=\"color: #ffcc00;\"><span style=\"text-decoration: underline;\"><a style=\"color: #ffcc00; text-decoration: underline;\" href=\"http:\/\/www.nbsdc.co.uk\/\">P\u00f3\u0142nocny Klub Owczarka Belgijskiego<\/a><\/span><\/span><\/strong><\/li>\n<li><strong><span style=\"color: #ff0000;\"><span style=\"text-decoration: underline;\"><a style=\"color: #ff0000; text-decoration: underline;\" href=\"https:\/\/malinois.uk\/index.html\">Malinois UK<\/a><\/span><\/span><\/strong><\/li>\n<\/ul>\n<p>\u00a0<\/p>\n\t\t\t\t\t\t\t\t<\/div>\n\t\t\t\t<div class=\"elementor-element elementor-element-7879867 elementor-widget elementor-widget-text-editor\" data-id=\"7879867\" data-element_type=\"widget\" data-e-type=\"widget\" data-widget_type=\"text-editor.default\">\n\t\t\t\t\t\t\t\t\t<p><span style=\"text-decoration: underline;\"><span style=\"color: #ffffff;\"><strong>Istnieje wiele r\u00f3\u017cnych rodzaj\u00f3w aktywno\u015bci i sport\u00f3w, kt\u00f3re mo\u017cna uprawia\u0107 z maliakami \u2013 poni\u017cej przedstawiamy niekt\u00f3re z dost\u0119pnych w Wielkiej Brytanii:<\/strong><\/span><\/span><\/p>\n<p><!-- \/wp:paragraph --><!-- wp:paragraph {\"style\":{\"elements\":{\"link\":{\"color\":{\"text\":\"var:preset|color|white\"}}},\"color\":{\"background\":\"#535659\"}},\"textColor\":\"white\"} --><\/p>\n<p class=\"has-white-color has-text-color has-background has-link-color\" style=\"background-color: #535659;\"><strong>Pos\u0142usze\u0144stwo:<\/strong><br \/><a href=\"https:\/\/www.thekennelclub.org.uk\/events-and-activities\/competitive-obedience\/\"><mark class=\"has-inline-color has-vivid-green-cyan-color\" style=\"background-color: rgba(0, 0, 0, 0);\">Zawody pos\u0142usze\u0144stwa<\/mark><\/a> jak pokazywane na Crufts<br \/><a href=\"https:\/\/www.thekennelclub.org.uk\/events-and-activities\/rally\/\"><mark class=\"has-inline-color has-vivid-green-cyan-color\" style=\"background-color: rgba(0, 0, 0, 0);\">Rally<\/mark><\/a> jak pokazywane na Crufts<br \/><a href=\"https:\/\/www.thekennelclub.org.uk\/events-and-activities\/heelwork-to-music\/\"><mark class=\"has-inline-color has-vivid-green-cyan-color\" style=\"background-color: rgba(0, 0, 0, 0);\">Heelwork to music<\/mark><\/a> jak pokazywane na Crufts<br \/><a href=\"https:\/\/caninefreestylegb.uk\/\"><mark class=\"has-inline-color has-light-green-cyan-color\" style=\"background-color: rgba(0, 0, 0, 0);\">Wolny taniec przy muzyce<\/mark><\/a><br \/><a href=\"https:\/\/www.rallyonline.org\/\"><mark class=\"has-inline-color has-light-green-cyan-color\" style=\"background-color: rgba(0, 0, 0, 0);\">Rally online<\/mark><\/a><br \/><a href=\"http:\/\/www.trickdogsuk.com\/\"><mark class=\"has-inline-color has-light-green-cyan-color\" style=\"background-color: rgba(0, 0, 0, 0);\">Trick dog titles<\/mark><\/a><\/p>\n<p><!-- \/wp:paragraph --><!-- wp:paragraph {\"style\":{\"color\":{\"background\":\"#535659\"},\"elements\":{\"link\":{\"color\":{\"text\":\"var:preset|color|white\"}}}},\"textColor\":\"white\"} --><\/p>\n<p class=\"has-white-color has-text-color has-background has-link-color\" style=\"background-color: #535659;\"><strong>Sport i biegi:<\/strong><br \/><a href=\"https:\/\/www.thekennelclub.org.uk\/events-and-activities\/agility\/\"><mark class=\"has-inline-color has-vivid-green-cyan-color\" style=\"background-color: rgba(0, 0, 0, 0);\">Agility<\/mark><\/a> jak pokazywane na Crufts<br \/><a href=\"https:\/\/www.flyball.org.uk\/\"><mark class=\"has-inline-color has-vivid-green-cyan-color\" style=\"background-color: rgba(0, 0, 0, 0);\">Flyball <\/mark><\/a>jak pokazywane na Crufts<br \/><a href=\"https:\/\/www.caninehoopersuk.co.uk\/\"><mark class=\"has-inline-color has-light-green-cyan-color\" style=\"background-color: rgba(0, 0, 0, 0);\">Hoopers<\/mark><\/a><br \/><mark class=\"has-inline-color has-light-green-cyan-color\" style=\"background-color: rgba(0, 0, 0, 0);\">Canicross<\/mark><br \/><mark class=\"has-inline-color has-light-green-cyan-color\" style=\"background-color: rgba(0, 0, 0, 0);\">Lure coursing<\/mark><\/p>\n<p><!-- \/wp:paragraph --><!-- wp:paragraph {\"style\":{\"elements\":{\"link\":{\"color\":{\"text\":\"var:preset|color|white\"}}},\"color\":{\"background\":\"#535659\"}},\"textColor\":\"white\"} --><\/p>\n<p class=\"has-white-color has-text-color has-background has-link-color\" style=\"background-color: #535659;\"><strong>Pasterstwo:<\/strong><br \/><a href=\"https:\/\/sheepdog-school.co.uk\/\"><mark class=\"has-inline-color has-light-green-cyan-color\" style=\"background-color: rgba(0, 0, 0, 0);\">Pasterstwo<\/mark><\/a><br \/><a href=\"https:\/\/uktreibball.com\/\"><mark class=\"has-inline-color has-light-green-cyan-color\" style=\"background-color: rgba(0, 0, 0, 0);\">Treibball<\/mark><\/a><\/p>\n<p><!-- \/wp:paragraph --><!-- wp:paragraph {\"style\":{\"elements\":{\"link\":{\"color\":{\"text\":\"var:preset|color|white\"}}},\"color\":{\"background\":\"#535659\"}},\"textColor\":\"white\"} --><\/p>\n<p class=\"has-white-color has-text-color has-background has-link-color\" style=\"background-color: #535659;\"><strong>Praca z nosem:<\/strong><br \/><a href=\"https:\/\/www.uktrackingdog.com\/\"><mark class=\"has-inline-color has-light-green-cyan-color\" style=\"background-color: rgba(0, 0, 0, 0);\">Tracking<\/mark><\/a><br \/><a href=\"https:\/\/www.mantrailingglobal.com\/\"><mark class=\"has-inline-color has-light-green-cyan-color\" style=\"background-color: rgba(0, 0, 0, 0);\">Mantrailing<\/mark><\/a><br \/><a href=\"https:\/\/scentworkuk.com\/\"><mark class=\"has-inline-color has-light-green-cyan-color\" style=\"background-color: rgba(0, 0, 0, 0);\">Scent work<\/mark><\/a><br \/><a href=\"https:\/\/www.uksnifferdogs.com\/\"><mark class=\"has-inline-color has-light-green-cyan-color\" style=\"background-color: rgba(0, 0, 0, 0);\">UK sniffer dogs<\/mark><\/a><\/p>\n<p><!-- \/wp:paragraph --><!-- wp:paragraph {\"style\":{\"color\":{\"background\":\"#535659\"},\"elements\":{\"link\":{\"color\":{\"text\":\"var:preset|color|white\"}}}},\"textColor\":\"white\"} --><\/p>\n<p class=\"has-white-color has-text-color has-background has-link-color\" style=\"background-color: #535659;\"><strong>Sporty ci\u0105gn\u0105ce:<\/strong><br \/><a href=\"https:\/\/thebssf.org.uk\/try-bikejor-or-scooter\/\"><mark class=\"has-inline-color has-light-green-cyan-color\" style=\"background-color: rgba(0, 0, 0, 0);\">Bikejoring<\/mark> or Scootering<\/a><br \/><a href=\"https:\/\/thebssf.org.uk\/\"><mark class=\"has-inline-color has-light-green-cyan-color\" style=\"background-color: rgba(0, 0, 0, 0);\">Sledding<\/mark><\/a><\/p>\n<p><!-- \/wp:paragraph --><!-- wp:paragraph {\"style\":{\"color\":{\"background\":\"#535659\"},\"elements\":{\"link\":{\"color\":{\"text\":\"var:preset|color|white\"}}}},\"textColor\":\"white\"} --><\/p>\n<p class=\"has-white-color has-text-color has-background has-link-color\" style=\"background-color: #535659;\"><strong>Sport wodne:<\/strong><br \/><a href=\"https:\/\/www.dockdiving.uk\/\"><mark class=\"has-inline-color has-light-green-cyan-color\" style=\"background-color: rgba(0, 0, 0, 0);\">Dock diving<\/mark><\/a><br \/><a href=\"https:\/\/pawsonboard.co.uk\/surfing-dog\/\"><mark class=\"has-inline-color has-light-green-cyan-color\" style=\"background-color: rgba(0, 0, 0, 0);\">Dog sup\/ surfing<\/mark><\/a><\/p>\n<p><!-- \/wp:paragraph --><!-- wp:paragraph {\"style\":{\"color\":{\"background\":\"#535659\"},\"elements\":{\"link\":{\"color\":{\"text\":\"var:preset|color|white\"}}}},\"textColor\":\"white\"} --><\/p>\n<p class=\"has-white-color has-text-color has-background has-link-color\" style=\"background-color: #535659;\"><strong>Obrona:<\/strong><br \/><a href=\"https:\/\/www.fordogtrainers.co.uk\/igp-dog-training-clubs-uk-ezp-106.html\"><mark class=\"has-inline-color has-light-green-cyan-color\" style=\"background-color: rgba(0, 0, 0, 0);\">IGP<\/mark><\/a><br \/><a href=\"https:\/\/psak9-as.org\/psa\/\"><mark class=\"has-inline-color has-light-green-cyan-color\" style=\"background-color: rgba(0, 0, 0, 0);\">PSA<\/mark><\/a><br \/><a href=\"https:\/\/britishmondioring.com\/\"><mark class=\"has-inline-color has-light-green-cyan-color\" style=\"background-color: rgba(0, 0, 0, 0);\">Mondioring<\/mark><\/a><\/p>\n<p><!-- \/wp:paragraph --><!-- wp:paragraph {\"style\":{\"color\":{\"background\":\"#535659\"},\"elements\":{\"link\":{\"color\":{\"text\":\"var:preset|color|white\"}}}},\"textColor\":\"white\"} --><\/p>\n<p class=\"has-white-color has-text-color has-background has-link-color\" style=\"background-color: #535659;\"><strong>Inne:<\/strong><br \/><a href=\"https:\/\/www.thekennelclub.org.uk\/events-and-activities\/working-trials\/\"><mark class=\"has-inline-color has-vivid-green-cyan-color\" style=\"background-color: rgba(0, 0, 0, 0);\">Working trials<\/mark><\/a><br \/><a href=\"https:\/\/www.ukdogsport.co.uk\/\"><mark class=\"has-inline-color has-light-green-cyan-color\" style=\"background-color: rgba(0, 0, 0, 0);\">UK dog sport<\/mark><\/a><br \/><a href=\"https:\/\/www.catchthespirit.co.uk\/about-disc-sports\/frisbee-dog\"><mark class=\"has-inline-color has-light-green-cyan-color\" style=\"background-color: rgba(0, 0, 0, 0);\">Disc dog<\/mark><\/a><br \/><a href=\"https:\/\/www.thekennelclub.org.uk\/events-and-activities\/dog-showing\/\"><mark class=\"has-inline-color has-vivid-green-cyan-color\" style=\"background-color: rgba(0, 0, 0, 0);\">Conformation showing<\/mark><\/a><br \/><a href=\"https:\/\/www.dogparkouruk.com\/\"><mark class=\"has-inline-color has-light-green-cyan-color\" style=\"background-color: rgba(0, 0, 0, 0);\">Parkour<\/mark><\/a><\/p>\n<p><!-- \/wp:paragraph --><!-- wp:paragraph {\"style\":{\"typography\":{\"textDecoration\":\"underline\"},\"elements\":{\"link\":{\"color\":{\"text\":\"var:preset|color|black\"}}}},\"textColor\":\"black\",\"fontSize\":\"medium\"} --><\/p>\n<p>\u00a0<\/p>\t\t\t\t\t\t\t\t<\/div>\n\t\t\t\t<div class=\"elementor-element elementor-element-5edeff7 elementor-widget elementor-widget-image-gallery\" data-id=\"5edeff7\" data-element_type=\"widget\" data-e-type=\"widget\" data-widget_type=\"image-gallery.default\">\n\t\t\t\t\t\t\t<div class=\"elementor-image-gallery\">\n\t\t\t<div id='gallery-1' class='gallery galleryid-1687 gallery-columns-3 gallery-size-medium'><figure class='gallery-item'>\n\t\t\t<div class='gallery-icon portrait'>\n\t\t\t\t<a data-elementor-open-lightbox=\"yes\" data-elementor-lightbox-slideshow=\"5edeff7\" data-elementor-lightbox-title=\"rs=w_138,h_200,cg_true\" data-e-action-hash=\"#elementor-action%3Aaction%3Dlightbox%26settings%3DeyJpZCI6ODM0MSwidXJsIjoiaHR0cHM6XC9cL2Fua2VyY2FuaXMuY29tXC93cC1jb250ZW50XC91cGxvYWRzXC8yMDI1XC8wOFwvcnN3XzEzOGhfMjAwY2dfdHJ1ZS53ZWJwIiwic2xpZGVzaG93IjoiNWVkZWZmNyJ9\" href='https:\/\/ankercanis.com\/wp-content\/uploads\/2025\/08\/rsw_138h_200cg_true.webp'><img decoding=\"async\" width=\"138\" height=\"200\" src=\"https:\/\/ankercanis.com\/wp-content\/uploads\/2025\/08\/rsw_138h_200cg_true.webp\" class=\"attachment-medium size-medium\" alt=\"\" \/><\/a>\n\t\t\t<\/div><\/figure><figure class='gallery-item'>\n\t\t\t<div class='gallery-icon portrait'>\n\t\t\t\t<a data-elementor-open-lightbox=\"yes\" data-elementor-lightbox-slideshow=\"5edeff7\" data-elementor-lightbox-title=\"rs=w_181,h_200,cg_true\" data-e-action-hash=\"#elementor-action%3Aaction%3Dlightbox%26settings%3DeyJpZCI6ODM0MiwidXJsIjoiaHR0cHM6XC9cL2Fua2VyY2FuaXMuY29tXC93cC1jb250ZW50XC91cGxvYWRzXC8yMDI1XC8wOFwvcnN3XzE4MWhfMjAwY2dfdHJ1ZS53ZWJwIiwic2xpZGVzaG93IjoiNWVkZWZmNyJ9\" href='https:\/\/ankercanis.com\/wp-content\/uploads\/2025\/08\/rsw_181h_200cg_true.webp'><img decoding=\"async\" width=\"181\" height=\"200\" src=\"https:\/\/ankercanis.com\/wp-content\/uploads\/2025\/08\/rsw_181h_200cg_true.webp\" class=\"attachment-medium size-medium\" alt=\"\" \/><\/a>\n\t\t\t<\/div><\/figure><figure class='gallery-item'>\n\t\t\t<div class='gallery-icon landscape'>\n\t\t\t\t<a data-elementor-open-lightbox=\"yes\" data-elementor-lightbox-slideshow=\"5edeff7\" data-elementor-lightbox-title=\"rs=w_303,h_200,cg_true\" data-e-action-hash=\"#elementor-action%3Aaction%3Dlightbox%26settings%3DeyJpZCI6ODM0MywidXJsIjoiaHR0cHM6XC9cL2Fua2VyY2FuaXMuY29tXC93cC1jb250ZW50XC91cGxvYWRzXC8yMDI1XC8wOFwvcnN3XzMwM2hfMjAwY2dfdHJ1ZS53ZWJwIiwic2xpZGVzaG93IjoiNWVkZWZmNyJ9\" href='https:\/\/ankercanis.com\/wp-content\/uploads\/2025\/08\/rsw_303h_200cg_true.webp'><img fetchpriority=\"high\" decoding=\"async\" width=\"300\" height=\"198\" src=\"https:\/\/ankercanis.com\/wp-content\/uploads\/2025\/08\/rsw_303h_200cg_true-300x198.webp\" class=\"attachment-medium size-medium\" alt=\"\" srcset=\"https:\/\/ankercanis.com\/wp-content\/uploads\/2025\/08\/rsw_303h_200cg_true-300x198.webp 300w, https:\/\/ankercanis.com\/wp-content\/uploads\/2025\/08\/rsw_303h_200cg_true.webp 303w\" sizes=\"(max-width: 300px) 100vw, 300px\" \/><\/a>\n\t\t\t<\/div><\/figure>\n\t\t<\/div>\n\t\t<\/div>\n\t\t\t\t\t\t<\/div>\n\t\t\t\t<div class=\"elementor-element elementor-element-e8f9f19 elementor-widget elementor-widget-text-editor\" data-id=\"e8f9f19\" data-element_type=\"widget\" data-e-type=\"widget\" data-widget_type=\"text-editor.default\">\n\t\t\t\t\t\t\t\t\t<h3 style=\"text-align: center;\"><span style=\"color: #000000;\"><b>Find a dog trainer:<\/b><\/span><\/h3>\n<p><span style=\"font-weight: 400;\">APDT to organizacja, kt\u00f3ra zrzesza<\/span><span style=\"text-decoration: underline;\"><a href=\"https:\/\/www.apdt.co.uk\/apdt-dog-trainer\"> <b>akredytowanych trener\u00f3w ps\u00f3w<\/b><\/a> <\/span><span style=\"font-weight: 400;\">kt\u00f3rzy przesz\u0142y obszerne testy.<\/span><\/p>\n<p><span style=\"text-decoration: underline;\"><a href=\"https:\/\/dogsthat.com\/\"><b>Susan Garret<\/b><\/a><\/span><span style=\"font-weight: 400;\"> ma ogromn\u0105 wiedz\u0119, rywalizuje na najwy\u017cszym poziomie sportowym i dzieli si\u0119 wskaz\u00f3wkami i informacjami w Internecie.<\/span><\/p>\n<p><span style=\"text-decoration: underline;\"><a href=\"https:\/\/www.youtube.com\/channel\/UC-qnqaajTk6bfs3UZuue6IQ\"><b>Kikopup<\/b><\/a><\/span><span style=\"font-weight: 400;\"> Zawiera wiele poradnik\u00f3w dotycz\u0105cych nauki sztuczek i umiej\u0119tno\u015bci \u017cyciowych.<\/span><\/p>\n<p><span style=\"text-decoration: underline;\"><a href=\"https:\/\/karenpryoracademy.com\/\"><b>Karen Pryor<\/b><\/a><\/span><span style=\"font-weight: 400;\"> to kolejna fenomenalna trenerka, kt\u00f3ra pracowa\u0142a z delfinami, zanim zacz\u0119\u0142a pracowa\u0107 z psami. \u015awietn\u0105 lektur\u0105 jest <span style=\"text-decoration: underline;\">&#8220;<\/span><\/span><span style=\"text-decoration: underline;\"><a href=\"https:\/\/www.worldofbooks.com\/en-gb\/products\/don-t-shoot-the-dog-book-karen-pryor-9781860542381?sku=GOR001351363&amp;gad_source=4&amp;gad_campaignid=19545755187&amp;gbraid=0AAAAADZzAIA0VVMKWKMwY3p8_TB7tjlse&amp;gclid=Cj0KCQjwndHEBhDVARIsAGh0g3DOn9i3g-rLGgx5euuWTIY5Nxrsr7wZ7kU6bMAl1VwMs0Enx6nUXoEaAvoxEALw_wcB\"><b>Don&#8217;t shoot the dog<\/b><\/a><span style=\"font-weight: 400;\">&#8220;.<\/span><\/span><\/p>\n<p><span style=\"font-weight: 400;\">Paul z <\/span><span style=\"text-decoration: underline;\"><a href=\"https:\/\/bowlandk9training.com\/overview-of-services\"><b>Bowland<\/b><\/a><\/span><span style=\"font-weight: 400;\"> posiada dyplom 4. stopnia w zakresie dobrostanu ps\u00f3w, szkolenia i zachowania, jest instruktorem profesjonalnego szkolenia ps\u00f3w stowarzyszenia Guild of Dog Trainers oraz RCDTBP i przestrzega kodeksu post\u0119powania CAWC.<\/span><\/p>\t\t\t\t\t\t\t\t<\/div>\n\t\t\t\t<div class=\"elementor-element elementor-element-86278b6 elementor-widget elementor-widget-text-editor\" data-id=\"86278b6\" data-element_type=\"widget\" data-e-type=\"widget\" data-widget_type=\"text-editor.default\">\n\t\t\t\t\t\t\t\t\t<p><span style=\"color: #808080;\"><!-- \/wp:paragraph --><!-- wp:paragraph --><\/span><\/p>\n<p><span style=\"text-decoration: underline;\"><span style=\"color: #808080;\"><strong><span class=\"uppercase\"><mark class=\"has-inline-color has-black-color\" style=\"background-color: rgba(0, 0, 0, 0);\">Kaga\u0144ce:<\/mark><\/span><\/strong><\/span><\/span><br \/><a href=\"https:\/\/www.themuzzlemovement.com\/collections\/muzzles?srsltid=AfmBOooP_WRq2VUn9SpfJdaK45o_qc0cPpiKcZgz4US8V6c0me--j8Rf\">The muzzle movement<\/a><br \/><strong><span class=\"uppercase\"><mark class=\"has-inline-color has-black-color\" style=\"background-color: rgba(0, 0, 0, 0);\">Psie zabawki:<\/mark><\/span><\/strong><br \/><a href=\"https:\/\/tug-e-nuff.com\/?srsltid=AfmBOopWXh1p-Fvh8aUwv80Jpyi9Wd9EXh6LHAaEmjng2-2JCsNmZ1YG\">Tug-e-nuff<\/a><br \/><a href=\"https:\/\/www.kongcompany.com\/catalogue\/\">Kong<\/a><br \/><strong><span class=\"uppercase\"><mark class=\"has-inline-color has-black-color\" style=\"background-color: rgba(0, 0, 0, 0);\">Solidne obro\u017ce i psie szelki:<\/mark><\/span><\/strong><br \/><a href=\"https:\/\/www.bullybillows.com\/collections\/dog-collars?srsltid=AfmBOornnGna8S4k7cTWlFr4YamjqUm7q14f7O6kkPEHVz_axZDOgIut&amp;country=GB\">Bully billows<\/a>\u00a0&#8211; grab handles<br \/><a href=\"https:\/\/ruffwear.co.uk\/collections\/dog-collars\">Ruffwear<\/a><br \/><a href=\"https:\/\/www.theshowdogcompany.co.uk\/show-dog-leads-leashes\">Smycze i obro\u017ce pokazowe<\/a><br \/><a href=\"https:\/\/www.petcetera.co.uk\/showing\/show-leads-chains.html?srsltid=AfmBOooaBphfpyeRQ8d3vAjVB9jG5w719S1GUw0rprWAz6TwMrj1rbIJ\">Petcetera<\/a><br \/><strong><span class=\"uppercase\"><mark class=\"has-inline-color has-black-color\" style=\"background-color: rgba(0, 0, 0, 0);\">Sprz\u0119t sportowy:<\/mark><\/span><\/strong><br \/><a href=\"https:\/\/sportypaws.co.uk\/?srsltid=AfmBOoonVKWn_cEjf7BhG5SO99S67A_d8mUhP9eGBv26pydL4kzf862g\">Sporty paws<\/a><br \/><a href=\"https:\/\/k9store.co.uk\/product-category\/balls-igp-ipo-dumbbells\/\">k9 store<\/a><br \/><a href=\"https:\/\/galican.co.uk\/shop\/\">Galican<\/a><\/p>\n<p><!-- \/wp:paragraph --><!-- wp:paragraph {\"style\":{\"typography\":{\"textDecoration\":\"underline\"},\"elements\":{\"link\":{\"color\":{\"text\":\"var:preset|color|black\"}}}},\"textColor\":\"black\",\"fontSize\":\"medium\"} --><\/p>\n<p class=\"has-black-color has-text-color has-link-color has-medium-font-size\" style=\"text-decoration: underline;\"><strong>Podr\u00f3\u017cowanie: <\/strong><\/p>\n<p><!-- \/wp:paragraph --><!-- wp:paragraph --><\/p>\n<p>Aby uzyska\u0107 Certyfikat Zdrowia Zwierz\u0105t polecamy<a href=\"https:\/\/www.animalhealthcertificates.com\/\"> Easy Pet Travel.<\/a> S\u0105 naprawd\u0119 \u0142atwi w kontakcie i bardzo tani w por\u00f3wnaniu z innymi. Znajduj\u0105 si\u0119 26 minut jazdy od terminalu promowego w Dover.<\/p>\n<p><!-- \/wp:paragraph --><!-- wp:paragraph --><\/p>\n<p>\u00a0<\/p>\n<p><!-- \/wp:paragraph --><!-- wp:paragraph {\"style\":{\"typography\":{\"textDecoration\":\"underline\"},\"elements\":{\"link\":{\"color\":{\"text\":\"var:preset|color|black\"}}}},\"textColor\":\"black\",\"fontSize\":\"medium\"} --><\/p>\n<p>\u00a0<\/p>\t\t\t\t\t\t\t\t<\/div>\n\t\t\t\t<div class=\"elementor-element elementor-element-bc79149 elementor-widget elementor-widget-text-editor\" data-id=\"bc79149\" data-element_type=\"widget\" data-e-type=\"widget\" data-widget_type=\"text-editor.default\">\n\t\t\t\t\t\t\t\t\t<p class=\"has-black-color has-text-color has-link-color has-medium-font-size\" style=\"text-decoration: underline;\"><span style=\"text-decoration: underline;\"><span style=\"color: #999999;\"><strong>Psi pokarm<\/strong><\/span><\/span><\/p>\n<p><!-- \/wp:paragraph --><!-- wp:paragraph --><\/p>\n<p>U nas w AnkerCanis karmimy psy surowym mi\u0119sem, jednak rozumiemy, \u017ce nie ka\u017cdy mo\u017ce karmi\u0107 surowym mi\u0119sem, a istnieje wiele r\u00f3\u017cnych marek i rodzaj\u00f3w karmy dla ps\u00f3w. Wa\u017cne jest, aby psy mia\u0142y zbilansowan\u0105 diet\u0119. Karmy t\u0142oczone na zimno s\u0105 najbardziej zbli\u017cone do surowego mi\u0119sa, jakie mo\u017cna dosta\u0107 \u2013 s\u0105 zwarte, ale p\u0119czniej\u0105 w wodzie. Zach\u0119camy do podawania zbilansowanej, surowej karmy, kiedy tylko jest to mo\u017cliwe. Ch\u0119tnie pomo\u017cemy wam zacz\u0105\u0107 i wska\u017cemy w\u0142a\u015bciwy kierunek do karmienia surowym mi\u0119sem<\/p>\n<p><!-- \/wp:paragraph --><!-- wp:paragraph --><\/p>\n<p>Aby dowiedzie\u0107 si\u0119, czy \u017cywno\u015b\u0107 jest dobrej jako\u015bci, mo\u017cesz skorzysta\u0107 z tej strony internetowej o nazwie<a href=\"https:\/\/www.allaboutdogfood.co.uk\/\"><mark class=\"has-inline-color has-luminous-vivid-amber-color\" style=\"background-color: rgba(0, 0, 0, 0);\"> \u201eWszystko o karmie dla ps\u00f3w.\u201d<\/mark><\/a><br \/><a href=\"https:\/\/www.allaboutdogfood.co.uk\/calorie-calculator\"><mark class=\"has-inline-color has-luminous-vivid-amber-color\" style=\"background-color: rgba(0, 0, 0, 0);\">Kalkulator kalorii to przydatne narz\u0119dzie<\/mark> aby obliczy\u0107, ile jedzenia powiniene\u015b dawa\u0107 swojemu psu.<\/a><br \/><a href=\"https:\/\/www.rawpetsupplies.co.uk\/raw-feeding-calculator\"><mark class=\"has-inline-color has-luminous-vivid-amber-color\" style=\"background-color: rgba(0, 0, 0, 0);\">Kalkulatory karmienia BARF<\/mark><\/a> nadaj\u0105 si\u0119 r\u00f3wnie\u017c do karmienia surowym mi\u0119sem.<\/p>\n<p>Pami\u0119taj, \u017ce wskaz\u00f3wki dotycz\u0105ce karmienia to tylko wskaz\u00f3wki. Ka\u017cdy pies jest inny i jeden mo\u017ce potrzebowa\u0107 troch\u0119 wi\u0119cej, a drugi troch\u0119 mniej jedzenia. Bior\u0105c pod uwag\u0119 wygl\u0105d psa, najlepiej sprawdzi si\u0119 atletyczna sylwetka z lekko widocznymi \u017cebrami.<\/p>\n<p><!-- \/wp:paragraph --><!-- wp:paragraph --><\/p>\n<p>\u00a0<\/p>\t\t\t\t\t\t\t\t<\/div>\n\t\t\t\t\t<\/div>\n\t\t\t\t<\/div>\n\t\t\t\t<\/div>","protected":false},"excerpt":{"rendered":"<p>Belgian shepherd clubs and sites in the UK BSD association of Great Britain Northern BSD club Malinois UK \u00a0 There are many different kinds of activities and sports you can do with a malinois &#8211; below are some that are in the uk: Obedience:Competition obedience as seen in Crufts.Rally as seen in CruftsHeelwork to music&#8230;<\/p>","protected":false},"author":3,"featured_media":0,"parent":0,"menu_order":0,"comment_status":"closed","ping_status":"closed","template":"","meta":{"_kad_post_transparent":"","_kad_post_title":"","_kad_post_layout":"","_kad_post_sidebar_id":"","_kad_post_content_style":"","_kad_post_vertical_padding":"","_kad_post_feature":"","_kad_post_feature_position":"","_kad_post_header":false,"_kad_post_footer":false,"_kad_post_classname":"","footnotes":""},"class_list":["post-1687","page","type-page","status-publish","hentry"],"_links":{"self":[{"href":"https:\/\/ankercanis.com\/pl\/wp-json\/wp\/v2\/pages\/1687","targetHints":{"allow":["GET"]}}],"collection":[{"href":"https:\/\/ankercanis.com\/pl\/wp-json\/wp\/v2\/pages"}],"about":[{"href":"https:\/\/ankercanis.com\/pl\/wp-json\/wp\/v2\/types\/page"}],"author":[{"embeddable":true,"href":"https:\/\/ankercanis.com\/pl\/wp-json\/wp\/v2\/users\/3"}],"replies":[{"embeddable":true,"href":"https:\/\/ankercanis.com\/pl\/wp-json\/wp\/v2\/comments?post=1687"}],"version-history":[{"count":24,"href":"https:\/\/ankercanis.com\/pl\/wp-json\/wp\/v2\/pages\/1687\/revisions"}],"predecessor-version":[{"id":12851,"href":"https:\/\/ankercanis.com\/pl\/wp-json\/wp\/v2\/pages\/1687\/revisions\/12851"}],"wp:attachment":[{"href":"https:\/\/ankercanis.com\/pl\/wp-json\/wp\/v2\/media?parent=1687"}],"curies":[{"name":"wp","href":"https:\/\/api.w.org\/{rel}","templated":true}]}}