{"id":1538,"date":"2024-06-20T12:37:04","date_gmt":"2024-06-20T11:37:04","guid":{"rendered":"https:\/\/ankercanismalinois.wordpress.com\/?page_id=1319"},"modified":"2026-01-22T19:06:06","modified_gmt":"2026-01-22T19:06:06","slug":"c-litter","status":"publish","type":"page","link":"https:\/\/ankercanis.com\/pl\/litters\/c-litter\/","title":{"rendered":"Miot C"},"content":{"rendered":"<div data-elementor-type=\"wp-page\" data-elementor-id=\"1538\" class=\"elementor elementor-1538\">\n\t\t\t\t<div class=\"elementor-element elementor-element-60fdea78 e-flex e-con-boxed e-con e-parent\" data-id=\"60fdea78\" data-element_type=\"container\" data-e-type=\"container\">\n\t\t\t\t\t<div class=\"e-con-inner\">\n\t\t\t\t<div class=\"elementor-element elementor-element-1c47aa9 elementor-widget elementor-widget-text-editor\" data-id=\"1c47aa9\" data-element_type=\"widget\" data-e-type=\"widget\" data-widget_type=\"text-editor.default\">\n\t\t\t\t\t\t\t\t\t<p><\/p>\n<p>Ojciec: <a href=\"https:\/\/ankercanis.com\/pl\/studs\/dexter-2\/\">Gaston from Deerpark (IKC)<\/a><br>Matka: <a href=\"https:\/\/ankercanis.com\/pl\/our-dogs-2\/rainbow-bridge\/belle-3\/\">Avonwolf Belissima<\/a><br>Wsp\u00f3\u0142czynnik inbredu 0,5%<br>65% linii pracuj\u0105cych, 35% linii wystawowych<\/p>\n<p><\/p>\n<figure class=\"wp-block-image size-large\"><img decoding=\"async\" class=\"wp-image-1528\" src=\"https:\/\/ankercanis.com\/wp-content\/uploads\/2021\/01\/img_2332.jpg?w=640\" alt=\"\"><\/figure>\n<p><\/p>\t\t\t\t\t\t\t\t<\/div>\n\t\t\t\t<div class=\"elementor-element elementor-element-5885dad elementor-widget elementor-widget-image-gallery\" data-id=\"5885dad\" data-element_type=\"widget\" data-e-type=\"widget\" data-widget_type=\"image-gallery.default\">\n\t\t\t\t\t\t\t<div class=\"elementor-image-gallery\">\n\t\t\t<div id='gallery-1' class='gallery galleryid-1538 gallery-columns-1 gallery-size-medium_large'><figure class='gallery-item'>\n\t\t\t<div class='gallery-icon landscape'>\n\t\t\t\t<a data-elementor-open-lightbox=\"yes\" data-elementor-lightbox-slideshow=\"5885dad\" data-elementor-lightbox-title=\"cped\" data-e-action-hash=\"#elementor-action%3Aaction%3Dlightbox%26settings%3DeyJpZCI6ODc4MSwidXJsIjoiaHR0cHM6XC9cL2Fua2VyY2FuaXMuY29tXC93cC1jb250ZW50XC91cGxvYWRzXC8yMDI1XC8wOFwvY3BlZC5wbmciLCJzbGlkZXNob3ciOiI1ODg1ZGFkIn0%3D\" href='https:\/\/ankercanis.com\/wp-content\/uploads\/2025\/08\/cped.png'><img fetchpriority=\"high\" decoding=\"async\" width=\"768\" height=\"418\" src=\"https:\/\/ankercanis.com\/wp-content\/uploads\/2025\/08\/cped-768x418.png\" class=\"attachment-medium_large size-medium_large\" alt=\"\" srcset=\"https:\/\/ankercanis.com\/wp-content\/uploads\/2025\/08\/cped-768x418.png 768w, https:\/\/ankercanis.com\/wp-content\/uploads\/2025\/08\/cped-300x163.png 300w, https:\/\/ankercanis.com\/wp-content\/uploads\/2025\/08\/cped.png 874w\" sizes=\"(max-width: 768px) 100vw, 768px\" \/><\/a>\n\t\t\t<\/div><\/figure>\n\t\t<\/div>\n\t\t<\/div>\n\t\t\t\t\t\t<\/div>\n\t\t\t\t<div class=\"elementor-element elementor-element-5171fbe elementor-widget elementor-widget-text-editor\" data-id=\"5171fbe\" data-element_type=\"widget\" data-e-type=\"widget\" data-widget_type=\"text-editor.default\">\n\t\t\t\t\t\t\t\t\t<p>\u00a0<\/p>\n<p><!-- \/wp:paragraph --><!-- wp:image {\"id\":3697,\"sizeSlug\":\"large\",\"linkDestination\":\"none\"} --><\/p>\n<figure class=\"wp-block-image size-large\"><img decoding=\"async\" class=\"wp-image-3697\" src=\"https:\/\/ankercanis.com\/wp-content\/uploads\/2024\/06\/c-litter-1.png?w=932\" alt=\"\" \/><span style=\"letter-spacing: 0.008em;\">Szczeni\u0119ta urodzi\u0142y si\u0119 30.12.2020. Mieli\u015bmy 5 suczek i 4 piesk\u00f3w, ale niestety stracili\u015bmy jedn\u0105 suczk\u0119 w wieku 3 dni. Reszta ma si\u0119 \u015bwietnie!<\/span><\/figure>\n<p><!-- \/wp:image --><!-- wp:paragraph --><\/p>\n<p><!-- \/wp:paragraph --><!-- wp:image {\"id\":1527,\"sizeSlug\":\"large\",\"linkDestination\":\"none\"} --><\/p>\n<p><!-- \/wp:image --><!-- wp:image {\"id\":1528,\"sizeSlug\":\"large\",\"linkDestination\":\"none\"} --><\/p>\n<figure class=\"wp-block-image size-large\"><\/figure>\t\t\t\t\t\t\t\t<\/div>\n\t\t\t\t\t<\/div>\n\t\t\t\t<\/div>\n\t\t\t\t<\/div>","protected":false},"excerpt":{"rendered":"<p>Sire: Gaston from Deerpark (IKC)Dam: Avonwolf BelissimaInbreeding Coefficient 0.5%65% working lines, 35% show lines \u00a0 Puppies were born 30\/12\/2020. We had 5 girls and 4 boys, but sadly lost one girl at 3 days old. Rest are doing just fine!<\/p>","protected":false},"author":2,"featured_media":0,"parent":5231,"menu_order":0,"comment_status":"closed","ping_status":"closed","template":"","meta":{"_kad_post_transparent":"","_kad_post_title":"","_kad_post_layout":"","_kad_post_sidebar_id":"","_kad_post_content_style":"","_kad_post_vertical_padding":"","_kad_post_feature":"","_kad_post_feature_position":"","_kad_post_header":false,"_kad_post_footer":false,"_kad_post_classname":"","footnotes":""},"class_list":["post-1538","page","type-page","status-publish","hentry"],"_links":{"self":[{"href":"https:\/\/ankercanis.com\/pl\/wp-json\/wp\/v2\/pages\/1538","targetHints":{"allow":["GET"]}}],"collection":[{"href":"https:\/\/ankercanis.com\/pl\/wp-json\/wp\/v2\/pages"}],"about":[{"href":"https:\/\/ankercanis.com\/pl\/wp-json\/wp\/v2\/types\/page"}],"author":[{"embeddable":true,"href":"https:\/\/ankercanis.com\/pl\/wp-json\/wp\/v2\/users\/2"}],"replies":[{"embeddable":true,"href":"https:\/\/ankercanis.com\/pl\/wp-json\/wp\/v2\/comments?post=1538"}],"version-history":[{"count":13,"href":"https:\/\/ankercanis.com\/pl\/wp-json\/wp\/v2\/pages\/1538\/revisions"}],"predecessor-version":[{"id":12876,"href":"https:\/\/ankercanis.com\/pl\/wp-json\/wp\/v2\/pages\/1538\/revisions\/12876"}],"up":[{"embeddable":true,"href":"https:\/\/ankercanis.com\/pl\/wp-json\/wp\/v2\/pages\/5231"}],"wp:attachment":[{"href":"https:\/\/ankercanis.com\/pl\/wp-json\/wp\/v2\/media?parent=1538"}],"curies":[{"name":"wp","href":"https:\/\/api.w.org\/{rel}","templated":true}]}}