{"id":1536,"date":"2024-03-18T08:26:55","date_gmt":"2024-03-18T08:26:55","guid":{"rendered":"https:\/\/ankercanismalinois.wordpress.com\/?page_id=1304"},"modified":"2025-10-18T20:43:44","modified_gmt":"2025-10-18T20:43:44","slug":"mats","status":"publish","type":"page","link":"https:\/\/ankercanis.com\/pl\/studs\/mats\/","title":{"rendered":"Miot D, F - Mats"},"content":{"rendered":"<div data-elementor-type=\"wp-page\" data-elementor-id=\"1536\" class=\"elementor elementor-1536\">\n\t\t\t\t<div class=\"elementor-element elementor-element-60394e4 e-flex e-con-boxed e-con e-parent\" data-id=\"60394e4\" data-element_type=\"container\" data-e-type=\"container\">\n\t\t\t\t\t<div class=\"e-con-inner\">\n\t\t\t\t<div class=\"elementor-element elementor-element-1b2f0ff elementor-widget elementor-widget-text-editor\" data-id=\"1b2f0ff\" data-element_type=\"widget\" data-e-type=\"widget\" data-widget_type=\"text-editor.default\">\n\t\t\t\t\t\t\t\t\t<p><span style=\"text-decoration: underline;\"><strong><span style=\"font-weight: 400;\">Mats Van De Vaardekenshoeve at Goldmali &#8211; Mats<\/span><\/strong><\/span><\/p>\n<p><a href=\"https:\/\/belgianshepherd.breedarchive.com\/animal\/view\/mats-vd-vaardekenshoeve-at-goldmali-142d391a-9295-4241-824d-fe8c6cfadf3d\">Strona Breed Archive Ripa<\/a><\/p>\n<p><span style=\"font-weight: 400;\"><span style=\"text-decoration: underline;\"><strong><a href=\"https:\/\/www.goldmali.co.uk\/santee.html\">Strona Goldmali<\/a><\/strong><\/span><br>Urodzony: 07.04.2013<\/span><\/p>\n<p><span style=\"font-weight: 400;\">\u0141okcie: 0\/0<br>Hips: 4\/8<br>Oczy: czyste<br>SDCA1, SDCA2, CJM, DM \u2013 czyste<br><\/span><\/p>\n<ul>\n<li><span style=\"font-weight: 400;\">1 CC i BOB w wieku zaledwie 13 miesi\u0119cy,<\/span><span style=\"font-weight: 400;\">po 2 miesi\u0105cach w Wielkiej Brytanii. <\/span><\/li>\n<li><span style=\"font-weight: 400;\">Najlepszy Malinois 2014 \u2013 Brytyjskie Stowarzyszenie Owczark\u00f3w Bejgijskich. <\/span><\/li>\n<li><span style=\"font-weight: 400;\">RCC crufts 2020, 2022<\/span><span style=\"font-weight: 400;\"><br><\/span><span style=\"font-weight: 400;\"><br><\/span><span style=\"font-weight: 400;\">Mats jest niewielkim psem, ale mie\u015bci w sobie wiele \u2013 ma mn\u00f3stwo energii. To pies pracuj\u0105cy w kostiumie psa wystawowego.<\/span><\/li>\n<\/ul>\n<p><span style=\"font-weight: 400;\">Mats jest ojcem wspania\u0142ego miotu Goldmali K, w kt\u00f3rym jest zwyci\u0119zca CC, kilka ps\u00f3w uprawiaj\u0105cych flyball, w tym Kaylee, kt\u00f3r\u0105 mo\u017cna by\u0142o zobaczy\u0107 w telewizji na Crufts 2020, Fen - pies asystuj\u0105cy, Wish - pies \u015bwiatowej klasy specjalizuj\u0105cy si\u0119 w frisbee itp., a tak\u017ce miotu O ze szczeniakami bior\u0105cymi udzia\u0142 w zawodach agility, poszukiwaniach i ratownictwie oraz Championem.<\/span><\/p>\n<p><span style=\"font-weight: 400;\">Ojciec miot\u00f3w D i F.<\/span><\/p>\t\t\t\t\t\t\t\t<\/div>\n\t\t\t\t<div class=\"elementor-element elementor-element-7c51dfe elementor-arrows-position-outside elementor-pagination-position-outside elementor-widget elementor-widget-image-carousel\" data-id=\"7c51dfe\" data-element_type=\"widget\" data-e-type=\"widget\" data-settings=\"{&quot;slides_to_show&quot;:&quot;1&quot;,&quot;navigation&quot;:&quot;both&quot;,&quot;autoplay&quot;:&quot;yes&quot;,&quot;pause_on_hover&quot;:&quot;yes&quot;,&quot;pause_on_interaction&quot;:&quot;yes&quot;,&quot;autoplay_speed&quot;:5000,&quot;infinite&quot;:&quot;yes&quot;,&quot;effect&quot;:&quot;slide&quot;,&quot;speed&quot;:500}\" data-widget_type=\"image-carousel.default\">\n\t\t\t\t\t\t\t<div class=\"elementor-image-carousel-wrapper swiper\" role=\"region\" aria-roledescription=\"carousel\" aria-label=\"Image Carousel\" dir=\"ltr\">\n\t\t\t<div class=\"elementor-image-carousel swiper-wrapper\" aria-live=\"off\">\n\t\t\t\t\t\t\t\t<div class=\"swiper-slide\" role=\"group\" aria-roledescription=\"slide\" aria-label=\"1 z 6\"><figure class=\"swiper-slide-inner\"><img decoding=\"async\" class=\"swiper-slide-image\" src=\"https:\/\/ankercanis.com\/wp-content\/uploads\/2025\/08\/mats_crufts2015by_kim_brown_smaller.jpg\" alt=\"2015 crufts\" \/><figcaption class=\"elementor-image-carousel-caption\">2015 crufts<\/figcaption><\/figure><\/div><div class=\"swiper-slide\" role=\"group\" aria-roledescription=\"slide\" aria-label=\"2 z 6\"><figure class=\"swiper-slide-inner\"><img decoding=\"async\" class=\"swiper-slide-image\" src=\"https:\/\/ankercanis.com\/wp-content\/uploads\/2025\/08\/mats_crufts2022by_ydavis1small.jpg\" alt=\"2022 crufts\" \/><figcaption class=\"elementor-image-carousel-caption\">2022 crufts<\/figcaption><\/figure><\/div><div class=\"swiper-slide\" role=\"group\" aria-roledescription=\"slide\" aria-label=\"3 z 6\"><figure class=\"swiper-slide-inner\"><img decoding=\"async\" class=\"swiper-slide-image\" src=\"https:\/\/ankercanis.com\/wp-content\/uploads\/2025\/08\/mats140302.jpg\" alt=\"mats140302\" \/><\/figure><\/div><div class=\"swiper-slide\" role=\"group\" aria-roledescription=\"slide\" aria-label=\"4 z 6\"><figure class=\"swiper-slide-inner\"><img decoding=\"async\" class=\"swiper-slide-image\" src=\"https:\/\/ankercanis.com\/wp-content\/uploads\/2025\/08\/matshead140614best.jpg\" alt=\"matshead140614best\" \/><\/figure><\/div><div class=\"swiper-slide\" role=\"group\" aria-roledescription=\"slide\" aria-label=\"5 z 6\"><figure class=\"swiper-slide-inner\"><img decoding=\"async\" class=\"swiper-slide-image\" src=\"https:\/\/ankercanis.com\/wp-content\/uploads\/2025\/08\/matshead140824best.jpg\" alt=\"matshead140824best\" \/><\/figure><\/div><div class=\"swiper-slide\" role=\"group\" aria-roledescription=\"slide\" aria-label=\"6 z 6\"><figure class=\"swiper-slide-inner\"><img decoding=\"async\" class=\"swiper-slide-image\" src=\"https:\/\/ankercanis.com\/wp-content\/uploads\/2025\/08\/mats_crufts2022by_ydavis3small.jpg\" alt=\"mats_crufts2022by_ydavis(3)small\" \/><\/figure><\/div>\t\t\t<\/div>\n\t\t\t\t\t\t\t\t\t\t\t\t<div class=\"elementor-swiper-button elementor-swiper-button-prev\" role=\"button\" tabindex=\"0\">\n\t\t\t\t\t\t<svg aria-hidden=\"true\" class=\"e-font-icon-svg e-eicon-chevron-left\" viewbox=\"0 0 1000 1000\" xmlns=\"http:\/\/www.w3.org\/2000\/svg\"><path d=\"M646 125C629 125 613 133 604 142L308 442C296 454 292 471 292 487 292 504 296 521 308 533L604 854C617 867 629 875 646 875 663 875 679 871 692 858 704 846 713 829 713 812 713 796 708 779 692 767L438 487 692 225C700 217 708 204 708 187 708 171 704 154 692 142 675 129 663 125 646 125Z\"><\/path><\/svg>\t\t\t\t\t<\/div>\n\t\t\t\t\t<div class=\"elementor-swiper-button elementor-swiper-button-next\" role=\"button\" tabindex=\"0\">\n\t\t\t\t\t\t<svg aria-hidden=\"true\" class=\"e-font-icon-svg e-eicon-chevron-right\" viewbox=\"0 0 1000 1000\" xmlns=\"http:\/\/www.w3.org\/2000\/svg\"><path d=\"M696 533C708 521 713 504 713 487 713 471 708 454 696 446L400 146C388 133 375 125 354 125 338 125 325 129 313 142 300 154 292 171 292 187 292 204 296 221 308 233L563 492 304 771C292 783 288 800 288 817 288 833 296 850 308 863 321 871 338 875 354 875 371 875 388 867 400 854L696 533Z\"><\/path><\/svg>\t\t\t\t\t<\/div>\n\t\t\t\t\n\t\t\t\t\t\t\t\t\t<div class=\"swiper-pagination\"><\/div>\n\t\t\t\t\t\t\t\t\t<\/div>\n\t\t\t\t\t\t<\/div>\n\t\t\t\t\t<\/div>\n\t\t\t\t<\/div>\n\t\t\t\t<\/div>","protected":false},"excerpt":{"rendered":"<p>Mats Van De Vaardekenshoeve at Goldmali &#8211; Mats Breed archive page On the Goldmali siteDOB: 07.04.2013 Elbows: 0\/0Hips: 4\/8Eyes: &#8211; clearSDCA1, SDCA2, CJM, DM &#8211; clear 1 CC and BOB at just 13 months of age, after 2 months in the UK. Top Malinois 2014 Belgian Shepherd Dog Association of GB. RCC crufts 2020, 2022&#8230;<\/p>","protected":false},"author":2,"featured_media":0,"parent":1502,"menu_order":0,"comment_status":"closed","ping_status":"closed","template":"","meta":{"_kad_post_transparent":"","_kad_post_title":"","_kad_post_layout":"","_kad_post_sidebar_id":"","_kad_post_content_style":"","_kad_post_vertical_padding":"","_kad_post_feature":"","_kad_post_feature_position":"","_kad_post_header":false,"_kad_post_footer":false,"_kad_post_classname":"","footnotes":""},"class_list":["post-1536","page","type-page","status-publish","hentry"],"_links":{"self":[{"href":"https:\/\/ankercanis.com\/pl\/wp-json\/wp\/v2\/pages\/1536","targetHints":{"allow":["GET"]}}],"collection":[{"href":"https:\/\/ankercanis.com\/pl\/wp-json\/wp\/v2\/pages"}],"about":[{"href":"https:\/\/ankercanis.com\/pl\/wp-json\/wp\/v2\/types\/page"}],"author":[{"embeddable":true,"href":"https:\/\/ankercanis.com\/pl\/wp-json\/wp\/v2\/users\/2"}],"replies":[{"embeddable":true,"href":"https:\/\/ankercanis.com\/pl\/wp-json\/wp\/v2\/comments?post=1536"}],"version-history":[{"count":14,"href":"https:\/\/ankercanis.com\/pl\/wp-json\/wp\/v2\/pages\/1536\/revisions"}],"predecessor-version":[{"id":11711,"href":"https:\/\/ankercanis.com\/pl\/wp-json\/wp\/v2\/pages\/1536\/revisions\/11711"}],"up":[{"embeddable":true,"href":"https:\/\/ankercanis.com\/pl\/wp-json\/wp\/v2\/pages\/1502"}],"wp:attachment":[{"href":"https:\/\/ankercanis.com\/pl\/wp-json\/wp\/v2\/media?parent=1536"}],"curies":[{"name":"wp","href":"https:\/\/api.w.org\/{rel}","templated":true}]}}