{"id":1535,"date":"2020-01-24T07:13:04","date_gmt":"2020-01-24T07:13:04","guid":{"rendered":"https:\/\/ankercanismalinois.wordpress.com\/?page_id=804"},"modified":"2025-09-01T20:14:44","modified_gmt":"2025-09-01T20:14:44","slug":"breeding-2","status":"publish","type":"page","link":"https:\/\/ankercanis.com\/pl\/breeding-2\/","title":{"rendered":"Hodowla"},"content":{"rendered":"<div data-elementor-type=\"wp-page\" data-elementor-id=\"1535\" class=\"elementor elementor-1535\">\n\t\t\t\t<div class=\"elementor-element elementor-element-33d6f316 e-flex e-con-boxed e-con e-parent\" data-id=\"33d6f316\" data-element_type=\"container\" data-e-type=\"container\">\n\t\t\t\t\t<div class=\"e-con-inner\">\n\t\t\t\t<div class=\"elementor-element elementor-element-2491f655 elementor-widget elementor-widget-text-editor\" data-id=\"2491f655\" data-element_type=\"widget\" data-e-type=\"widget\" data-widget_type=\"text-editor.default\">\n\t\t\t\t\t\t\t\t\t<p><\/p>\n<p>Naszym celem hodowlanym jest uzyskanie ps\u00f3w zgodnych ze standardem rasy, o podw\u00f3jnym przeznaczeniu, zdrowych i bez wad. D\u0105\u017cymy do tego, aby psy by\u0142y zar\u00f3wno do pracy, jak i do domu, dlatego wa\u017cne jest dla nas, aby by\u0142y pewne siebie i towarzyskie.<\/p>\n<p><\/p>\n<p>Nie rozmna\u017camy ps\u00f3w poni\u017cej 2 roku \u017cycia, chyba \u017ce krycie nast\u0105pi tu\u017c przed uko\u0144czeniem 2 roku \u017cycia, a suka jest dojrza\u0142a. Uwa\u017camy, \u017ce malinois nie osi\u0105gaj\u0105 pe\u0142nej dojrza\u0142o\u015bci przed uko\u0144czeniem 2 roku \u017cycia i \u017ce rozmna\u017canie si\u0119 ich i przysz\u0142ych szczeni\u0105t by\u0142oby niehumanitarne ani niezdrowe.<\/p>\n<p><\/p>\n<p>Przeprowadzamy testy genetyczne, aby zapewni\u0107 wysok\u0105 jako\u015b\u0107 zdrowia szczeni\u0105t. Je\u015bli kt\u00f3rykolwiek z naszych ps\u00f3w jest nosicielem jakiejkolwiek choroby (takiej jak SDCA1 lub 2, CJM, DM, CACA), upewnimy si\u0119, \u017ce pies, z kt\u00f3rym zostanie pokryty, jest od niej wolny, co oznacza, \u017ce \u200b\u200b50% szczeni\u0105t mo\u017ce by\u0107 nosicielami, ale nie zachoruje. Prosimy o zapoznanie si\u0119 z <a href=\"http:\/\/www.laboklin.co.uk\/laboklin\/showGeneticTest.jsp?testID=8610.\">Laboklin.<\/a>\u00a0<br \/>Nigdy nie b\u0119dziemy krzy\u017cowa\u0107 chorych ps\u00f3w, dlatego planowana w 2021 roku hodowla Ivy i Enzo (AnkerCanis Aslan) nie dosz\u0142a do skutku, poniewa\u017c oboje s\u0105 nosicielami SDCA2.<\/p>\n<p><\/p>\n<p>We are aiming to breed dogs that can easily switch on and off and can be kept both at home around children and other animals. <br \/>Od 2023 roku podzielili\u015bmy nasze linie na linie bardziej u\u017cytkowe (min. 75% linii u\u017cytkowych) i linie wystawowe (min. 75% linii wystawowych).<\/p>\n<p><\/p>\n<p>Socjalizujemy nasze szczeni\u0119ta od pierwszego dnia \u017cycia, zapewniaj\u0105c im kontakt z jak najwi\u0119ksz\u0105 liczb\u0105 r\u00f3\u017cnych \u015brodowisk i ludzi:<\/p>\n<p><\/p>\n<ul class=\"wp-block-list\">\n<li style=\"list-style-type: none;\">\n<ul><\/ul>\n<\/li>\n<\/ul>\n<p>\u00a0<\/p>\n<ul>\n<li style=\"list-style-type: none;\">\n<ul>\n<li>r\u00f3\u017cny typ pod\u0142o\u017ca, po kt\u00f3rym chodz\u0105 szczeni\u0119ta<\/li>\n<\/ul>\n<\/li>\n<\/ul>\n<p><\/p>\n<ul>\n<li style=\"list-style-type: none;\">\n<ul>\n<li>codzienny dotyk i zabawa<\/li>\n<\/ul>\n<\/li>\n<\/ul>\n<p><\/p>\n<ul>\n<li style=\"list-style-type: none;\">\n<ul>\n<li>Dotyk przez dzieci i zachowanie w ich otoczeniu<\/li>\n<\/ul>\n<\/li>\n<\/ul>\n<p><\/p>\n<ul>\n<li style=\"list-style-type: none;\">\n<ul>\n<li>osoby starsze i niepe\u0142nosprawne<\/li>\n<\/ul>\n<\/li>\n<\/ul>\n<p><\/p>\n<ul>\n<li style=\"list-style-type: none;\">\n<ul>\n<li>podr\u00f3\u017cowanie samochodem<\/li>\n<\/ul>\n<\/li>\n<\/ul>\n<p><\/p>\n<ul>\n<li style=\"list-style-type: none;\">\n<ul>\n<li>Kratka i na zewn\u0105trz kratki<\/li>\n<\/ul>\n<\/li>\n<\/ul>\n<p><\/p>\n<ul>\n<li style=\"list-style-type: none;\">\n<ul>\n<li>piel\u0119gnacja i k\u0105piele<\/li>\n<\/ul>\n<\/li>\n<\/ul>\n<p><\/p>\n<ul>\n<li style=\"list-style-type: none;\">\n<ul>\n<li>mn\u00f3stwo r\u00f3\u017cnych ludzi i zapach\u00f3w<\/li>\n<\/ul>\n<\/li>\n<\/ul>\n<p><\/p>\n<ul>\n<li style=\"list-style-type: none;\">\n<ul>\n<li>odg\u0142osy domowe<\/li>\n<\/ul>\n<\/li>\n<\/ul>\n<p><\/p>\n<ul>\n<li style=\"list-style-type: none;\">\n<ul>\n<li>odczulanie na fajerwerki i g\u0142o\u015bne d\u017awi\u0119ki<\/li>\n<\/ul>\n<\/li>\n<\/ul>\n<p><\/p>\n<ul>\n<li style=\"list-style-type: none;\">\n<ul>\n<li>i wiele innych<\/li>\n<\/ul>\n<\/li>\n<\/ul>\n<p><\/p>\n<p><\/p>\n<p>Naszym celem jest hodowla przyjaznych ps\u00f3w, kt\u00f3re charakteryzuj\u0105 si\u0119 wysok\u0105 etyk\u0105 pracy, ale mog\u0105 by\u0107 r\u00f3wnie\u017c pupilami aktywnej rodziny. Z nowymi w\u0142a\u015bcicielami podpisujemy umow\u0119, \u017ce nigdy nie odsprzedaj\u0105 psa z naszej hodowli. Szczycimy si\u0119 tym, \u017ce znajdujemy naszym szczeni\u0119tom odpowiednie domy i dopasowujemy je do potencjalnych w\u0142a\u015bcicieli, jednak nie zawsze jest to mo\u017cliwe, gdy ludzie nie s\u0105 wobec nas szczerzy. Wa\u017cne jest, aby\u015bmy znali Twoje wyzwania, \u017cycie rodzinne i to, w czym chcesz pracowa\u0107 ze swoim psem, aby\u015bmy mogli wybra\u0107 dla Ciebie odpowiedniego psa.<\/p>\n<p><\/p>\n<p>G\u0142\u0119boko wierzymy w r\u00f3\u017cnorodno\u015b\u0107 genetyczn\u0105, dlatego nie stosujemy krzy\u017cowania liniowego ani inbredu, ale chcemy wnie\u015b\u0107 \u201e\u015bwie\u017c\u0105 krew\u201d do naszego programu. Rozumiemy, \u017ce zar\u00f3wno krzy\u017cowanie liniowe, jak i inbred mog\u0105 mie\u0107 pewne zalety, ale naszym zdaniem w d\u0142u\u017cszej perspektywie stwarzaj\u0105 znacznie wi\u0119cej problem\u00f3w ni\u017c korzy\u015bci.<\/p>\n<p><em>\u201eTo fundamentalna, podstawowa genetyka. Ch\u00f3w wsobny zwi\u0119ksza ekspresj\u0119 chor\u00f3b genetycznych i ma negatywny wp\u0142yw na zdrowie w og\u00f3le. To s\u0105 fakty. Je\u015bli kto\u015b pr\u00f3buje ci\u0119 przekona\u0107, \u017ce jest inaczej, musisz znale\u017a\u0107 innego mentora\u201d. <\/em><span style=\"text-decoration: underline;\">(The Institute of Canine Biology).<\/span><\/p>\n<p><\/p>\t\t\t\t\t\t\t\t<\/div>\n\t\t\t\t\t<\/div>\n\t\t\t\t<\/div>\n\t\t\t\t<\/div>","protected":false},"excerpt":{"rendered":"<p>Our breeding goal is to produce breed standard, dual purpose, healthy dogs with no defects. We aim for both working and home environments, therefore it is important for us that our dogs are confident and social. We do not breed of dogs that are under 2 years old, unless the mating is done close to&#8230;<\/p>","protected":false},"author":2,"featured_media":0,"parent":0,"menu_order":0,"comment_status":"closed","ping_status":"closed","template":"","meta":{"_kad_post_transparent":"","_kad_post_title":"","_kad_post_layout":"","_kad_post_sidebar_id":"","_kad_post_content_style":"","_kad_post_vertical_padding":"","_kad_post_feature":"","_kad_post_feature_position":"","_kad_post_header":false,"_kad_post_footer":false,"_kad_post_classname":"","footnotes":""},"class_list":["post-1535","page","type-page","status-publish","hentry"],"_links":{"self":[{"href":"https:\/\/ankercanis.com\/pl\/wp-json\/wp\/v2\/pages\/1535","targetHints":{"allow":["GET"]}}],"collection":[{"href":"https:\/\/ankercanis.com\/pl\/wp-json\/wp\/v2\/pages"}],"about":[{"href":"https:\/\/ankercanis.com\/pl\/wp-json\/wp\/v2\/types\/page"}],"author":[{"embeddable":true,"href":"https:\/\/ankercanis.com\/pl\/wp-json\/wp\/v2\/users\/2"}],"replies":[{"embeddable":true,"href":"https:\/\/ankercanis.com\/pl\/wp-json\/wp\/v2\/comments?post=1535"}],"version-history":[{"count":12,"href":"https:\/\/ankercanis.com\/pl\/wp-json\/wp\/v2\/pages\/1535\/revisions"}],"predecessor-version":[{"id":11054,"href":"https:\/\/ankercanis.com\/pl\/wp-json\/wp\/v2\/pages\/1535\/revisions\/11054"}],"wp:attachment":[{"href":"https:\/\/ankercanis.com\/pl\/wp-json\/wp\/v2\/media?parent=1535"}],"curies":[{"name":"wp","href":"https:\/\/api.w.org\/{rel}","templated":true}]}}