{"id":1531,"date":"2019-11-07T20:20:28","date_gmt":"2019-11-07T20:20:28","guid":{"rendered":"https:\/\/ankercanismalinois.wordpress.com\/?page_id=534"},"modified":"2025-09-01T18:00:24","modified_gmt":"2025-09-01T18:00:24","slug":"on-breeding-contract","status":"publish","type":"page","link":"https:\/\/ankercanis.com\/pl\/our-dogs-2\/on-breeding-contract\/","title":{"rendered":"Na kontrakcie hodowlanym"},"content":{"rendered":"<div data-elementor-type=\"wp-page\" data-elementor-id=\"1531\" class=\"elementor elementor-1531\">\n\t\t\t\t<div class=\"elementor-element elementor-element-71431d8 e-flex e-con-boxed e-con e-parent\" data-id=\"71431d8\" data-element_type=\"container\" data-e-type=\"container\">\n\t\t\t\t\t<div class=\"e-con-inner\">\n\t\t\t\t<div class=\"elementor-element elementor-element-582d95b elementor-widget elementor-widget-text-editor\" data-id=\"582d95b\" data-element_type=\"widget\" data-e-type=\"widget\" data-widget_type=\"text-editor.default\">\n\t\t\t\t\t\t\t\t\t<p>Umowa hodowlana to umowa, na mocy kt\u00f3rej wybieramy szczeni\u0119 z miotu, kt\u00f3re wraca do nas w celu krycia. Pokrywamy wszystkie koszty bada\u0144 zdrowotnych.<\/p>\n<p>Szczeniak b\u0119dzie wsp\u00f3\u0142w\u0142asno\u015bci\u0105 do czasu, a\u017c u nas urodzi si\u0119 miot. Nast\u0119pnie pies zostanie przekazany osobie, z kt\u00f3r\u0105 mieszka.&nbsp;<\/p>\n<p>Je\u015bli w\u0142a\u015bciciel b\u0119dzie chcia\u0142 mie\u0107 w\u0142asny miot od tego psa, zwr\u00f3ci mu po\u0142ow\u0119 koszt\u00f3w bada\u0144 zdrowotnych.<\/p>\n<p>Wszystkie warunki zostan\u0105 dok\u0142adnie wyja\u015bnione, a nast\u0119pnie konieczne b\u0119dzie podpisanie prawnie wi\u0105\u017c\u0105cej umowy.<\/p>\t\t\t\t\t\t\t\t<\/div>\n\t\t\t\t\t<\/div>\n\t\t\t\t<\/div>\n\t\t\t\t<\/div>","protected":false},"excerpt":{"rendered":"<p>A breeding contract is where we pick a puppy from a litter to come back to us to be mated. We pay for all health testing. The pup will be co-owned until they have had a litter with us. Then the dog will be signed over to the person the dog lives with.&nbsp; If the&#8230;<\/p>","protected":false},"author":3,"featured_media":0,"parent":1501,"menu_order":0,"comment_status":"closed","ping_status":"closed","template":"","meta":{"_kad_post_transparent":"","_kad_post_title":"hide","_kad_post_layout":"left","_kad_post_sidebar_id":"","_kad_post_content_style":"unboxed","_kad_post_vertical_padding":"hide","_kad_post_feature":"hide","_kad_post_feature_position":"","_kad_post_header":false,"_kad_post_footer":false,"_kad_post_classname":"","footnotes":""},"class_list":["post-1531","page","type-page","status-publish","hentry"],"_links":{"self":[{"href":"https:\/\/ankercanis.com\/pl\/wp-json\/wp\/v2\/pages\/1531","targetHints":{"allow":["GET"]}}],"collection":[{"href":"https:\/\/ankercanis.com\/pl\/wp-json\/wp\/v2\/pages"}],"about":[{"href":"https:\/\/ankercanis.com\/pl\/wp-json\/wp\/v2\/types\/page"}],"author":[{"embeddable":true,"href":"https:\/\/ankercanis.com\/pl\/wp-json\/wp\/v2\/users\/3"}],"replies":[{"embeddable":true,"href":"https:\/\/ankercanis.com\/pl\/wp-json\/wp\/v2\/comments?post=1531"}],"version-history":[{"count":12,"href":"https:\/\/ankercanis.com\/pl\/wp-json\/wp\/v2\/pages\/1531\/revisions"}],"predecessor-version":[{"id":10923,"href":"https:\/\/ankercanis.com\/pl\/wp-json\/wp\/v2\/pages\/1531\/revisions\/10923"}],"up":[{"embeddable":true,"href":"https:\/\/ankercanis.com\/pl\/wp-json\/wp\/v2\/pages\/1501"}],"wp:attachment":[{"href":"https:\/\/ankercanis.com\/pl\/wp-json\/wp\/v2\/media?parent=1531"}],"curies":[{"name":"wp","href":"https:\/\/api.w.org\/{rel}","templated":true}]}}