{"id":1523,"date":"2019-11-07T20:16:32","date_gmt":"2019-11-07T20:16:32","guid":{"rendered":"https:\/\/ankercanismalinois.wordpress.com\/?page_id=505"},"modified":"2025-10-21T19:44:22","modified_gmt":"2025-10-21T19:44:22","slug":"bellatrix-aka-yellow","status":"publish","type":"page","link":"https:\/\/ankercanis.com\/pl\/litters\/b-litter\/bellatrix-aka-yellow\/","title":{"rendered":"Black Trix aka Bella"},"content":{"rendered":"<div data-elementor-type=\"wp-page\" data-elementor-id=\"1523\" class=\"elementor elementor-1523\">\n\t\t\t\t<div class=\"elementor-element elementor-element-05adaee e-flex e-con-boxed e-con e-parent\" data-id=\"05adaee\" data-element_type=\"container\" data-e-type=\"container\">\n\t\t\t\t\t<div class=\"e-con-inner\">\n\t\t<div class=\"elementor-element elementor-element-e35dcde e-con-full e-flex e-con e-child\" data-id=\"e35dcde\" data-element_type=\"container\" data-e-type=\"container\">\n\t\t\t\t<div class=\"elementor-element elementor-element-341d2e2 elementor-widget elementor-widget-heading\" data-id=\"341d2e2\" data-element_type=\"widget\" data-e-type=\"widget\" data-widget_type=\"heading.default\">\n\t\t\t\t\t<h2 class=\"elementor-heading-title elementor-size-default\">Black Trix aka Bella - Yellow girl\n<\/h2>\t\t\t\t<\/div>\n\t\t<div class=\"elementor-element elementor-element-172dc98 e-con-full e-flex e-con e-child\" data-id=\"172dc98\" data-element_type=\"container\" data-e-type=\"container\">\n\t\t\t\t<div class=\"elementor-element elementor-element-3605922 elementor-arrows-position-outside elementor-widget__width-auto elementor-pagination-position-outside elementor-widget elementor-widget-image-carousel\" data-id=\"3605922\" data-element_type=\"widget\" data-e-type=\"widget\" data-settings=\"{&quot;slides_to_show&quot;:&quot;1&quot;,&quot;navigation&quot;:&quot;both&quot;,&quot;autoplay&quot;:&quot;yes&quot;,&quot;pause_on_hover&quot;:&quot;yes&quot;,&quot;pause_on_interaction&quot;:&quot;yes&quot;,&quot;autoplay_speed&quot;:5000,&quot;infinite&quot;:&quot;yes&quot;,&quot;effect&quot;:&quot;slide&quot;,&quot;speed&quot;:500}\" data-widget_type=\"image-carousel.default\">\n\t\t\t\t\t\t\t<div class=\"elementor-image-carousel-wrapper swiper\" role=\"region\" aria-roledescription=\"carousel\" aria-label=\"Image Carousel\" dir=\"ltr\">\n\t\t\t<div class=\"elementor-image-carousel swiper-wrapper\" aria-live=\"off\">\n\t\t\t\t\t\t\t\t<div class=\"swiper-slide\" role=\"group\" aria-roledescription=\"slide\" aria-label=\"1 z 6\"><figure class=\"swiper-slide-inner\"><img decoding=\"async\" class=\"swiper-slide-image\" src=\"https:\/\/ankercanis.com\/wp-content\/uploads\/2025\/08\/4-2.jpg\" alt=\"4\" \/><\/figure><\/div><div class=\"swiper-slide\" role=\"group\" aria-roledescription=\"slide\" aria-label=\"2 z 6\"><figure class=\"swiper-slide-inner\"><img decoding=\"async\" class=\"swiper-slide-image\" src=\"https:\/\/ankercanis.com\/wp-content\/uploads\/2025\/08\/1-5-768x1024.webp\" alt=\"1\" \/><\/figure><\/div><div class=\"swiper-slide\" role=\"group\" aria-roledescription=\"slide\" aria-label=\"3 z 6\"><figure class=\"swiper-slide-inner\"><img decoding=\"async\" class=\"swiper-slide-image\" src=\"https:\/\/ankercanis.com\/wp-content\/uploads\/2025\/08\/2-13-768x1024.webp\" alt=\"2\" \/><\/figure><\/div><div class=\"swiper-slide\" role=\"group\" aria-roledescription=\"slide\" aria-label=\"4 z 6\"><figure class=\"swiper-slide-inner\"><img decoding=\"async\" class=\"swiper-slide-image\" src=\"https:\/\/ankercanis.com\/wp-content\/uploads\/2025\/08\/3-11.webp\" alt=\"3\" \/><\/figure><\/div><div class=\"swiper-slide\" role=\"group\" aria-roledescription=\"slide\" aria-label=\"5 z 6\"><figure class=\"swiper-slide-inner\"><img decoding=\"async\" class=\"swiper-slide-image\" src=\"https:\/\/ankercanis.com\/wp-content\/uploads\/2025\/08\/5-2.jpg\" alt=\"5\" \/><\/figure><\/div><div class=\"swiper-slide\" role=\"group\" aria-roledescription=\"slide\" aria-label=\"6 z 6\"><figure class=\"swiper-slide-inner\"><img decoding=\"async\" class=\"swiper-slide-image\" src=\"https:\/\/ankercanis.com\/wp-content\/uploads\/2025\/08\/6-2-712x1024.jpg\" alt=\"6\" \/><\/figure><\/div>\t\t\t<\/div>\n\t\t\t\t\t\t\t\t\t\t\t\t<div class=\"elementor-swiper-button elementor-swiper-button-prev\" role=\"button\" tabindex=\"0\">\n\t\t\t\t\t\t<svg aria-hidden=\"true\" class=\"e-font-icon-svg e-eicon-chevron-left\" viewbox=\"0 0 1000 1000\" xmlns=\"http:\/\/www.w3.org\/2000\/svg\"><path d=\"M646 125C629 125 613 133 604 142L308 442C296 454 292 471 292 487 292 504 296 521 308 533L604 854C617 867 629 875 646 875 663 875 679 871 692 858 704 846 713 829 713 812 713 796 708 779 692 767L438 487 692 225C700 217 708 204 708 187 708 171 704 154 692 142 675 129 663 125 646 125Z\"><\/path><\/svg>\t\t\t\t\t<\/div>\n\t\t\t\t\t<div class=\"elementor-swiper-button elementor-swiper-button-next\" role=\"button\" tabindex=\"0\">\n\t\t\t\t\t\t<svg aria-hidden=\"true\" class=\"e-font-icon-svg e-eicon-chevron-right\" viewbox=\"0 0 1000 1000\" xmlns=\"http:\/\/www.w3.org\/2000\/svg\"><path d=\"M696 533C708 521 713 504 713 487 713 471 708 454 696 446L400 146C388 133 375 125 354 125 338 125 325 129 313 142 300 154 292 171 292 187 292 204 296 221 308 233L563 492 304 771C292 783 288 800 288 817 288 833 296 850 308 863 321 871 338 875 354 875 371 875 388 867 400 854L696 533Z\"><\/path><\/svg>\t\t\t\t\t<\/div>\n\t\t\t\t\n\t\t\t\t\t\t\t\t\t<div class=\"swiper-pagination\"><\/div>\n\t\t\t\t\t\t\t\t\t<\/div>\n\t\t\t\t\t\t<\/div>\n\t\t\t\t<div class=\"elementor-element elementor-element-03cb904 elementor-widget__width-initial elementor-widget-mobile__width-initial elementor-widget elementor-widget-text-editor\" data-id=\"03cb904\" data-element_type=\"widget\" data-e-type=\"widget\" data-widget_type=\"text-editor.default\">\n\t\t\t\t\t\t\t\t\t<ul>\n<li>Urodzona: 2019.11.03<\/li>\n<li>Czas: 01:37<\/li>\n<li>Waga: 440g<\/li>\n<\/ul>\t\t\t\t\t\t\t\t<\/div>\n\t\t\t\t<div class=\"elementor-element elementor-element-cc91f7f elementor-widget elementor-widget-text-editor\" data-id=\"cc91f7f\" data-element_type=\"widget\" data-e-type=\"widget\" data-widget_type=\"text-editor.default\">\n\t\t\t\t\t\t\t\t\t<p class=\"has-urbanist-font-family\" style=\"font-size: 18px;\"><strong><a href=\"https:\/\/belgianshepherd.breedarchive.com\/animal\/view\/ankercanis-black-trix-66fd0420-aa76-4686-9da9-3ed1cfdbf010\"><mark class=\"has-inline-color has-pale-cyan-blue-color\" style=\"background-color: rgba(0, 0, 0, 0);\">Strona Breed Archive Belli<\/mark><\/a><\/strong><\/p>\n<p><!-- \/wp:paragraph --><!-- wp:paragraph --><\/p>\n<p>Wygl\u0105da dok\u0142adnie jak jej mama w tym wieku. Ma\u0142ej wojowniczce nadano imi\u0119 \u2013 Bellatrix (Le Strange), ale by\u0142o ono ju\u017c zaj\u0119te jako imi\u0119 hodowlane, wi\u0119c musieli\u015bmy wykaza\u0107 si\u0119 kreatywno\u015bci\u0105.<br \/>Bella mieszka z Nikit\u0105, Danielem i ich dzie\u0107mi i jest przeszkolona w zakresie ochrony. Teraz w domu s\u0105 jeszcze dwa malinois.<\/p>\t\t\t\t\t\t\t\t<\/div>\n\t\t\t\t<\/div>\n\t\t\t\t<\/div>\n\t\t\t\t\t<\/div>\n\t\t\t\t<\/div>\n\t\t\t\t<\/div>","protected":false},"excerpt":{"rendered":"<p>Black Trix aka Bella &#8211; Yellow girl Born: 2019.11.03 Time: 01:37 Weight: 440g Breed archive page for Bella She looks exactly as her mum at this age. Little fighter was given a name &#8211; Bellatrix (Le Strange) but it was already taken as Kennel Name so we had to be creative.Bella lives with Nikita, Daniel&#8230;<\/p>","protected":false},"author":3,"featured_media":0,"parent":5233,"menu_order":0,"comment_status":"closed","ping_status":"closed","template":"","meta":{"_kad_post_transparent":"","_kad_post_title":"","_kad_post_layout":"","_kad_post_sidebar_id":"","_kad_post_content_style":"","_kad_post_vertical_padding":"","_kad_post_feature":"","_kad_post_feature_position":"","_kad_post_header":false,"_kad_post_footer":false,"_kad_post_classname":"","footnotes":""},"class_list":["post-1523","page","type-page","status-publish","hentry"],"_links":{"self":[{"href":"https:\/\/ankercanis.com\/pl\/wp-json\/wp\/v2\/pages\/1523","targetHints":{"allow":["GET"]}}],"collection":[{"href":"https:\/\/ankercanis.com\/pl\/wp-json\/wp\/v2\/pages"}],"about":[{"href":"https:\/\/ankercanis.com\/pl\/wp-json\/wp\/v2\/types\/page"}],"author":[{"embeddable":true,"href":"https:\/\/ankercanis.com\/pl\/wp-json\/wp\/v2\/users\/3"}],"replies":[{"embeddable":true,"href":"https:\/\/ankercanis.com\/pl\/wp-json\/wp\/v2\/comments?post=1523"}],"version-history":[{"count":22,"href":"https:\/\/ankercanis.com\/pl\/wp-json\/wp\/v2\/pages\/1523\/revisions"}],"predecessor-version":[{"id":11887,"href":"https:\/\/ankercanis.com\/pl\/wp-json\/wp\/v2\/pages\/1523\/revisions\/11887"}],"up":[{"embeddable":true,"href":"https:\/\/ankercanis.com\/pl\/wp-json\/wp\/v2\/pages\/5233"}],"wp:attachment":[{"href":"https:\/\/ankercanis.com\/pl\/wp-json\/wp\/v2\/media?parent=1523"}],"curies":[{"name":"wp","href":"https:\/\/api.w.org\/{rel}","templated":true}]}}