{"id":1515,"date":"2019-06-05T21:52:06","date_gmt":"2019-06-05T20:52:06","guid":{"rendered":"https:\/\/ankercanismalinois.wordpress.com\/?page_id=225"},"modified":"2026-02-12T20:51:13","modified_gmt":"2026-02-12T20:51:13","slug":"services","status":"publish","type":"page","link":"https:\/\/ankercanis.com\/pl\/services\/","title":{"rendered":"Us\u0142ugi"},"content":{"rendered":"<div data-elementor-type=\"wp-page\" data-elementor-id=\"1515\" class=\"elementor elementor-1515\">\n\t\t\t\t<div class=\"elementor-element elementor-element-44b8a276 e-flex e-con-boxed e-con e-parent\" data-id=\"44b8a276\" data-element_type=\"container\" data-e-type=\"container\">\n\t\t\t\t\t<div class=\"e-con-inner\">\n\t\t\t\t<div class=\"elementor-element elementor-element-2be6cfe3 elementor-widget elementor-widget-text-editor\" data-id=\"2be6cfe3\" data-element_type=\"widget\" data-e-type=\"widget\" data-widget_type=\"text-editor.default\">\n\t\t\t\t\t\t\t\t\t<p><\/p>\n<p>Oferujemy wiele r\u00f3\u017cnych us\u0142ug zwi\u0105zanych z porodem i hodowl\u0105.<span style=\"letter-spacing: 0.008em;\">Nale\u017c\u0105 do nich mi\u0119dzy innymi:<\/span><\/p><p><span style=\"letter-spacing: 0.008em;\">\u2013 Mikrochipowanie<\/span><\/p><p><span style=\"letter-spacing: 0.008em;\">\u2013 Mentoring hodowlany<\/span><\/p><p>\u2013 Us\u0142ugi porodowe<\/p>\n<p><\/p>\t\t\t\t\t\t\t\t<\/div>\n\t\t\t\t\t<\/div>\n\t\t\t\t<\/div>\n\t\t\t\t<\/div>","protected":false},"excerpt":{"rendered":"<p>We are providing lots of different services around whelping and breeding. Those include but are not limited to: &#8211; Microchipping &#8211; Breeding mentoring &#8211; Whelping services<\/p>","protected":false},"author":2,"featured_media":0,"parent":0,"menu_order":0,"comment_status":"closed","ping_status":"closed","template":"","meta":{"_kad_post_transparent":"","_kad_post_title":"","_kad_post_layout":"","_kad_post_sidebar_id":"","_kad_post_content_style":"","_kad_post_vertical_padding":"","_kad_post_feature":"","_kad_post_feature_position":"","_kad_post_header":false,"_kad_post_footer":false,"_kad_post_classname":"","footnotes":""},"class_list":["post-1515","page","type-page","status-publish","hentry"],"_links":{"self":[{"href":"https:\/\/ankercanis.com\/pl\/wp-json\/wp\/v2\/pages\/1515","targetHints":{"allow":["GET"]}}],"collection":[{"href":"https:\/\/ankercanis.com\/pl\/wp-json\/wp\/v2\/pages"}],"about":[{"href":"https:\/\/ankercanis.com\/pl\/wp-json\/wp\/v2\/types\/page"}],"author":[{"embeddable":true,"href":"https:\/\/ankercanis.com\/pl\/wp-json\/wp\/v2\/users\/2"}],"replies":[{"embeddable":true,"href":"https:\/\/ankercanis.com\/pl\/wp-json\/wp\/v2\/comments?post=1515"}],"version-history":[{"count":6,"href":"https:\/\/ankercanis.com\/pl\/wp-json\/wp\/v2\/pages\/1515\/revisions"}],"predecessor-version":[{"id":12975,"href":"https:\/\/ankercanis.com\/pl\/wp-json\/wp\/v2\/pages\/1515\/revisions\/12975"}],"wp:attachment":[{"href":"https:\/\/ankercanis.com\/pl\/wp-json\/wp\/v2\/media?parent=1515"}],"curies":[{"name":"wp","href":"https:\/\/api.w.org\/{rel}","templated":true}]}}