{"id":1503,"date":"2019-06-05T15:49:56","date_gmt":"2019-06-05T15:49:56","guid":{"rendered":"https:\/\/ankercanismalinois.wordpress.com\/?page_id=92"},"modified":"2025-12-08T07:55:43","modified_gmt":"2025-12-08T07:55:43","slug":"malinois-breed","status":"publish","type":"page","link":"https:\/\/ankercanis.com\/pl\/malinois-breed\/","title":{"rendered":"Rasa malinois"},"content":{"rendered":"<div data-elementor-type=\"wp-page\" data-elementor-id=\"1503\" class=\"elementor elementor-1503\">\n\t\t\t\t<div class=\"elementor-element elementor-element-30338562 e-flex e-con-boxed e-con e-parent\" data-id=\"30338562\" data-element_type=\"container\" data-e-type=\"container\">\n\t\t\t\t\t<div class=\"e-con-inner\">\n\t\t\t\t<div class=\"elementor-element elementor-element-1b71a35e elementor-widget elementor-widget-text-editor\" data-id=\"1b71a35e\" data-element_type=\"widget\" data-e-type=\"widget\" data-widget_type=\"text-editor.default\">\n\t\t\t\t\t\t\t\t\t\n<h2 class=\"wp-block-heading\" style=\"text-align: center;\"><span style=\"text-decoration: underline;\"><span style=\"color: #999999; text-decoration: underline;\">Belgian Shepherd Dog<\/span><\/span><\/h2>\n<p><span style=\"text-decoration: underline;\"><span style=\"color: #999999; text-decoration: underline;\"><\/span><\/span><\/p>\n<h1 class=\"wp-block-heading\" style=\"text-align: center;\"><span style=\"text-decoration: underline;\"><span style=\"color: #999999; text-decoration: underline;\">Opis rasy<\/span><\/span><\/h1>\n\n<p>Owczarki tego typu znane by\u0142y w Belgii ju\u017c od \u015bredniowiecza. Istniej\u0105 cztery odmiany tej rasy o podobnych cechach fizycznych, r\u00f3\u017cni\u0105ce si\u0119 jedynie szat\u0105 i umaszczeniem: Groenendael: czarna i d\u0142uga sier\u015b\u0107; Tervueren: d\u0142uga sier\u015b\u0107, wyst\u0119puj\u0105ca w kolorze rudym, p\u0142owym lub szarym, cz\u0119sto z czarn\u0105 mask\u0105 i nalotem; Malinois: g\u0119sta, kr\u00f3tka sier\u015b\u0107 i takie samo umaszczenie jak Tervueren; Laekenois: szorstka, szorstka szata, rudo-p\u0142owa z lekkimi czarnymi odcieniami.<\/p>\n\n<p>Jednak dopiero w 1891 roku powsta\u0142 pierwszy klub tej rasy, a profesor Adolphe Reul z belgijskiej szko\u0142y weterynaryjnej zbada\u0142 117 okaz\u00f3w rasy i sklasyfikowa\u0142 odmiany, kt\u00f3rym nadano nazwy wed\u0142ug regionu Belgii, z kt\u00f3rego pochodzi\u0142y. Nazwa rasy Laekenois pochodzi od zamku Laeken \u2013 kr\u00f3lewskiej rezydencji kr\u00f3lowej Marii Henrietty, kt\u00f3ra faworyzowa\u0142a t\u0119 odmian\u0119.<\/p>\n\n<p>Ich fizyczne cechy pomagaj\u0105 im by\u0107 doskona\u0142ymi psami pasterskimi: s\u0105 zwinne, szybkie i lekkie, a jednocze\u015bnie wytrzyma\u0142e, ale rasa udowodni\u0142a r\u00f3wnie\u017c swoj\u0105 wszechstronno\u015b\u0107 jako pies s\u0142u\u017cbowy, szeroko wykorzystywany przez policj\u0119 i si\u0142y zbrojne. Maj\u0105 apetyt na prac\u0119, s\u0105 czujne, czujne i niezwykle inteligentne.<\/p>\n\n<figure class=\"wp-block-image\"><img decoding=\"async\" class=\"wp-image-93\" src=\"https:\/\/ankercanis.com\/wp-content\/uploads\/2019\/06\/image.png\" alt=\"\" \/><\/figure>\n\n<p>\u00a0<\/p>\n\t\t\t\t\t\t\t\t<\/div>\n\t\t\t\t<div class=\"elementor-element elementor-element-8d91164 elementor-widget elementor-widget-image\" data-id=\"8d91164\" data-element_type=\"widget\" data-e-type=\"widget\" data-widget_type=\"image.default\">\n\t\t\t\t\t\t\t\t\t\t\t\t<figure class=\"wp-caption\">\n\t\t\t\t\t\t\t\t\t\t<img fetchpriority=\"high\" decoding=\"async\" width=\"1024\" height=\"576\" src=\"https:\/\/ankercanis.com\/wp-content\/uploads\/2025\/08\/D1N8R6-1024x576.jpg\" class=\"attachment-large size-large wp-image-8320\" alt=\"\" srcset=\"https:\/\/ankercanis.com\/wp-content\/uploads\/2025\/08\/D1N8R6-1024x576.jpg 1024w, https:\/\/ankercanis.com\/wp-content\/uploads\/2025\/08\/D1N8R6-300x169.jpg 300w, https:\/\/ankercanis.com\/wp-content\/uploads\/2025\/08\/D1N8R6-768x432.jpg 768w, https:\/\/ankercanis.com\/wp-content\/uploads\/2025\/08\/D1N8R6.jpg 1400w\" sizes=\"(max-width: 1024px) 100vw, 1024px\" \/>\t\t\t\t\t\t\t\t\t\t\t<figcaption class=\"widget-image-caption wp-caption-text\">Four varieties of Belgian shepherd: Laekenois, Groenendael, Malinois, Tervuren.<\/figcaption>\n\t\t\t\t\t\t\t\t\t\t<\/figure>\n\t\t\t\t\t\t\t\t\t<\/div>\n\t\t\t\t<div class=\"elementor-element elementor-element-f552a4f elementor-widget elementor-widget-text-editor\" data-id=\"f552a4f\" data-element_type=\"widget\" data-e-type=\"widget\" data-widget_type=\"text-editor.default\">\n\t\t\t\t\t\t\t\t\t<p style=\"text-align: center;\"><span style=\"text-decoration: underline;\"><strong>Belgian Shepherd Malinois variety<\/strong><\/span><\/p>\n<p>UK Kennel Club accepts only some colours of the Malinois; Mahogany\/Red, Fawn or Grey with black overlay and mask.\u00a0 However, below are all that can occur.\u00a0<\/p>\t\t\t\t\t\t\t\t<\/div>\n\t\t\t\t<div class=\"elementor-element elementor-element-17a79e1 elementor-widget elementor-widget-image\" data-id=\"17a79e1\" data-element_type=\"widget\" data-e-type=\"widget\" data-widget_type=\"image.default\">\n\t\t\t\t\t\t\t\t\t\t\t\t\t\t\t<img decoding=\"async\" width=\"735\" height=\"565\" src=\"https:\/\/ankercanis.com\/wp-content\/uploads\/2025\/08\/1d708dc2920a37efc253f4de07ab6194.jpg\" class=\"attachment-large size-large wp-image-8321\" alt=\"\" srcset=\"https:\/\/ankercanis.com\/wp-content\/uploads\/2025\/08\/1d708dc2920a37efc253f4de07ab6194.jpg 735w, https:\/\/ankercanis.com\/wp-content\/uploads\/2025\/08\/1d708dc2920a37efc253f4de07ab6194-300x231.jpg 300w\" sizes=\"(max-width: 735px) 100vw, 735px\" \/>\t\t\t\t\t\t\t\t\t\t\t\t\t\t\t<\/div>\n\t\t\t\t<div class=\"elementor-element elementor-element-f77af1f elementor-widget elementor-widget-text-editor\" data-id=\"f77af1f\" data-element_type=\"widget\" data-e-type=\"widget\" data-widget_type=\"text-editor.default\">\n\t\t\t\t\t\t\t\t\t<p><!-- \/wp:image --><!-- wp:paragraph --><\/p>\n<p><!-- \/wp:paragraph --><!-- wp:paragraph --><\/p>\n<p>Within a Malinois litter you can have Laekenois or Tervurens born as well. Usually if that happens the dog is registered as the variety they are, and not the variety of the parents. Belgian Shepherds used to be the same breed and in some countries are still bred together &#8211; like Malinois with Tervuren or Tervurens with Groenendael.<\/p>\n<p><a href=\"https:\/\/www.thekennelclub.org.uk\/services\/public\/breed\/display.aspx?id=5112\">KC Breed standard<\/a><\/p>\t\t\t\t\t\t\t\t<\/div>\n\t\t<div class=\"elementor-element elementor-element-d983e93 e-con-full e-flex e-con e-child\" data-id=\"d983e93\" data-element_type=\"container\" data-e-type=\"container\">\n\t\t\t\t<\/div>\n\t\t\t\t\t<\/div>\n\t\t\t\t<\/div>\n\t\t\t\t<\/div>","protected":false},"excerpt":{"rendered":"<p>Belgian Shepherd Dog Description Sheepdogs of this type date back in Belgium to the Middle Ages. Four varieties of the breed exist sharing the same physical attributes and alluded only by coat and colour &#8211; Groenendael: black and long coat; Tervueren: long coated and seen in red, fawn or grey, often with a black mask&#8230;<\/p>","protected":false},"author":2,"featured_media":0,"parent":0,"menu_order":0,"comment_status":"closed","ping_status":"closed","template":"","meta":{"_kad_post_transparent":"","_kad_post_title":"","_kad_post_layout":"","_kad_post_sidebar_id":"","_kad_post_content_style":"","_kad_post_vertical_padding":"","_kad_post_feature":"","_kad_post_feature_position":"","_kad_post_header":false,"_kad_post_footer":false,"_kad_post_classname":"","footnotes":""},"class_list":["post-1503","page","type-page","status-publish","hentry"],"_links":{"self":[{"href":"https:\/\/ankercanis.com\/pl\/wp-json\/wp\/v2\/pages\/1503","targetHints":{"allow":["GET"]}}],"collection":[{"href":"https:\/\/ankercanis.com\/pl\/wp-json\/wp\/v2\/pages"}],"about":[{"href":"https:\/\/ankercanis.com\/pl\/wp-json\/wp\/v2\/types\/page"}],"author":[{"embeddable":true,"href":"https:\/\/ankercanis.com\/pl\/wp-json\/wp\/v2\/users\/2"}],"replies":[{"embeddable":true,"href":"https:\/\/ankercanis.com\/pl\/wp-json\/wp\/v2\/comments?post=1503"}],"version-history":[{"count":21,"href":"https:\/\/ankercanis.com\/pl\/wp-json\/wp\/v2\/pages\/1503\/revisions"}],"predecessor-version":[{"id":12720,"href":"https:\/\/ankercanis.com\/pl\/wp-json\/wp\/v2\/pages\/1503\/revisions\/12720"}],"wp:attachment":[{"href":"https:\/\/ankercanis.com\/pl\/wp-json\/wp\/v2\/media?parent=1503"}],"curies":[{"name":"wp","href":"https:\/\/api.w.org\/{rel}","templated":true}]}}