{"id":1502,"date":"2019-06-05T14:27:51","date_gmt":"2019-06-05T14:27:51","guid":{"rendered":"https:\/\/ankercanismalinois.wordpress.com\/?page_id=41"},"modified":"2025-09-01T20:04:18","modified_gmt":"2025-09-01T20:04:18","slug":"studs","status":"publish","type":"page","link":"https:\/\/ankercanis.com\/pl\/studs\/","title":{"rendered":"Reproduktory"},"content":{"rendered":"<div data-elementor-type=\"wp-page\" data-elementor-id=\"1502\" class=\"elementor elementor-1502\">\n\t\t\t\t<div class=\"elementor-element elementor-element-6b6ad3e6 e-flex e-con-boxed e-con e-parent\" data-id=\"6b6ad3e6\" data-element_type=\"container\" data-e-type=\"container\">\n\t\t\t\t\t<div class=\"e-con-inner\">\n\t\t\t\t<div class=\"elementor-element elementor-element-725ed8f elementor-widget elementor-widget-text-editor\" data-id=\"725ed8f\" data-element_type=\"widget\" data-e-type=\"widget\" data-widget_type=\"text-editor.default\">\n\t\t\t\t\t\t\t\t\t<p><\/p>\n<p>Ta cz\u0119\u015b\u0107 naszej strony b\u0119dzie po\u015bwi\u0119cona reproduktorom, kt\u00f3rych u\u017cyli\u015bmy lub b\u0119dziemy u\u017cywa\u0107 w naszym programie hodowlanym.<\/p>\n<p><\/p>\n<p>Zgodnie z naszymi celami hodowlanymi, bierzemy pod uwag\u0119 zar\u00f3wno najlepszy wygl\u0105d zewn\u0119trzny, jak i najlepsze zachowanie przysz\u0142ych ojc\u00f3w naszych miot\u00f3w. Potencjalny ojciec musi by\u0107 zr\u00f3wnowa\u017cony, dobrze dogaduj\u0105cy si\u0119 z lud\u017ami (i najlepiej z innymi zwierz\u0119tami) oraz \u0142atwy w tresurze.<\/p>\n<p><\/p>\n<p>Starannie dobieramy reproduktory i spotykamy si\u0119 z ich w\u0142a\u015bcicielami przed kryciem (je\u015bli to mo\u017cliwe) lub przeprowadzamy d\u0142ugie rozmowy, aby upewni\u0107 si\u0119, \u017ce to, co nam powiedziano o zachowaniu psa, jest prawd\u0105. Cz\u0119sto przeprowadzamy dodatkowe badania i pytamy innych ludzi pracuj\u0105cych\/wystawowiaj\u0105cych o zachowanie i umiej\u0119tno\u015bci psa.<\/p><p>Jednym z naszych cel\u00f3w hodowlanych jest wyhodowanie psa, kt\u00f3ry mo\u017ce zosta\u0107 Najlepszy w Rasie (Best Of Breed), a jednocze\u015bnie b\u0119dzie zdolny do pracy i nie b\u0119dzie ba\u0142 si\u0119 w\u0142asnego cienia. D\u0105\u017cymy do uzyskania ps\u00f3w o perfekcyjnym i wszechstronnym przeznaczeniu \u2013 dok\u0142adnie takich, jakie powinny by\u0107 psy tej rasy!<\/p>\n<p><\/p>\t\t\t\t\t\t\t\t<\/div>\n\t\t\t\t\t<\/div>\n\t\t\t\t<\/div>\n\t\t\t\t<\/div>","protected":false},"excerpt":{"rendered":"<p>This part of our page will be dedicated to studs we used or will be using in our breeding programme. As per our breeding goals we look at both &#8211; the best exterior and the best behaviour of future fathers of our litters. The potential father needs to be level headed, good around people (and&#8230;<\/p>","protected":false},"author":2,"featured_media":0,"parent":0,"menu_order":0,"comment_status":"closed","ping_status":"closed","template":"","meta":{"_kad_post_transparent":"","_kad_post_title":"","_kad_post_layout":"","_kad_post_sidebar_id":"","_kad_post_content_style":"","_kad_post_vertical_padding":"","_kad_post_feature":"","_kad_post_feature_position":"","_kad_post_header":false,"_kad_post_footer":false,"_kad_post_classname":"","footnotes":""},"class_list":["post-1502","page","type-page","status-publish","hentry"],"_links":{"self":[{"href":"https:\/\/ankercanis.com\/pl\/wp-json\/wp\/v2\/pages\/1502","targetHints":{"allow":["GET"]}}],"collection":[{"href":"https:\/\/ankercanis.com\/pl\/wp-json\/wp\/v2\/pages"}],"about":[{"href":"https:\/\/ankercanis.com\/pl\/wp-json\/wp\/v2\/types\/page"}],"author":[{"embeddable":true,"href":"https:\/\/ankercanis.com\/pl\/wp-json\/wp\/v2\/users\/2"}],"replies":[{"embeddable":true,"href":"https:\/\/ankercanis.com\/pl\/wp-json\/wp\/v2\/comments?post=1502"}],"version-history":[{"count":6,"href":"https:\/\/ankercanis.com\/pl\/wp-json\/wp\/v2\/pages\/1502\/revisions"}],"predecessor-version":[{"id":11045,"href":"https:\/\/ankercanis.com\/pl\/wp-json\/wp\/v2\/pages\/1502\/revisions\/11045"}],"wp:attachment":[{"href":"https:\/\/ankercanis.com\/pl\/wp-json\/wp\/v2\/media?parent=1502"}],"curies":[{"name":"wp","href":"https:\/\/api.w.org\/{rel}","templated":true}]}}