{"id":1501,"date":"2024-03-18T08:32:57","date_gmt":"2024-03-18T08:32:57","guid":{"rendered":"https:\/\/ankercanismalinois.wordpress.com\/?page_id=40"},"modified":"2025-09-01T17:49:49","modified_gmt":"2025-09-01T17:49:49","slug":"our-dogs-2","status":"publish","type":"page","link":"https:\/\/ankercanis.com\/pl\/our-dogs-2\/","title":{"rendered":"Nasze psy"},"content":{"rendered":"<div data-elementor-type=\"wp-page\" data-elementor-id=\"1501\" class=\"elementor elementor-1501\">\n\t\t\t\t<div class=\"elementor-element elementor-element-4c210488 e-flex e-con-boxed e-con e-parent\" data-id=\"4c210488\" data-element_type=\"container\" data-e-type=\"container\">\n\t\t\t\t\t<div class=\"e-con-inner\">\n\t\t\t\t<div class=\"elementor-element elementor-element-2083dc54 elementor-widget elementor-widget-text-editor\" data-id=\"2083dc54\" data-element_type=\"widget\" data-e-type=\"widget\" data-widget_type=\"text-editor.default\">\n\t\t\t\t\t\t\t\t\t\n<p>Zawsze mamy psa, kt\u00f3ry mieszka z nami \u2013 staramy si\u0119 nie mie\u0107 ich zbyt wielu (co czasami jest bardzo trudne!), dlatego tmamy suki na<span style=\"text-decoration: underline;\"><strong><a href=\"https:\/\/ankercanis.com\/pl\/our-dogs-2\/on-breeding-contract\/\"> kontrakcie hodowlanym<\/a> <\/strong><\/span>kt\u00f3re mieszkaj\u0105 z innymi lud\u017ami i przychodz\u0105 do nas tylko po jeden miot szczeni\u0105t. Pozwala nam to kontynuowa\u0107 prac\u0119 z ras\u0105, zapewniaj\u0105c psom r\u00f3wnie\u017c pe\u0142ne zaanga\u017cowanie ze strony opiekun\u00f3w.<\/p>\n\n<figure class=\"wp-block-image size-large\"><img decoding=\"async\" class=\"wp-image-1037\" src=\"https:\/\/ankercanis.com\/wp-content\/uploads\/2020\/04\/belle-and-ivy.jpg?w=441\" alt=\"\" \/><\/figure>\n\n<div class=\"wp-block-jetpack-tiled-gallery aligncenter is-style-rectangular\">\n<div class=\"tiled-gallery__gallery\">\n<div class=\"tiled-gallery__row\">\n<div class=\"tiled-gallery__col\" style=\"flex-basis: 36.09501%;\">\n<figure class=\"tiled-gallery__item\"><img decoding=\"async\" src=\"https:\/\/ankercanis.com\/wp-content\/uploads\/2019\/06\/img_2523.jpg\" alt=\"\" data-height=\"4032\" data-id=\"254\" data-link=\"https:\/\/ankercanis.com\/img_2523\/\" data-url=\"https:\/\/ankercanis.com\/wp-content\/uploads\/2019\/06\/img_2523.jpg\" data-width=\"3024\" \/><\/figure>\n<\/div>\n<div class=\"tiled-gallery__col\" style=\"flex-basis: 63.90499%;\">\n<figure class=\"tiled-gallery__item\"><img decoding=\"async\" src=\"https:\/\/ankercanis.com\/wp-content\/uploads\/2019\/06\/62050605_2757448130992924_5784355000977195008_n.jpg\" alt=\"\" data-height=\"720\" data-id=\"219\" data-link=\"https:\/\/ankercanis.com\/62050605_2757448130992924_5784355000977195008_n\/\" data-url=\"https:\/\/ankercanis.com\/wp-content\/uploads\/2019\/06\/62050605_2757448130992924_5784355000977195008_n.jpg\" data-width=\"960\" \/><\/figure>\n<\/div>\n<\/div>\n<\/div>\n<\/div>\n\t\t\t\t\t\t\t\t<\/div>\n\t\t\t\t<div class=\"elementor-element elementor-element-c5b2133 elementor-widget elementor-widget-text-editor\" data-id=\"c5b2133\" data-element_type=\"widget\" data-e-type=\"widget\" data-widget_type=\"text-editor.default\">\n\t\t\t\t\t\t\t\t\t<ul>\n<li><a href=\"https:\/\/ankercanis.com\/pl\/our-dogs-2\/rainbow-bridge\/belle-3\/\"><b>Belle<\/b><\/a><span style=\"font-weight: 400;\"><span style=\"font-weight: 400;\"> nasza pierwsza suka malinois pochodz\u0105ca z linii u\u017cytkowej z hodowli Avonwolf w Anglii kt\u00f3ra zamieszka\u0142a z nami w 2016 roku. Niestety, w 2022 roku przekroczy\u0142a T\u0119czowy Most.<br><\/span><\/span>\n<p><\/p>\n<\/li>\n<li><a href=\"https:\/\/ankercanis.com\/pl\/our-dogs-2\/ivy-2\/\"><b>Ivy<\/b><\/a> <span style=\"font-weight: 400;\"><span style=\"font-weight: 400;\">linia u\u017cytkowa, z hodowli Alta Escuela w Polsce, trafi\u0142a do nas w 2019 roku.<\/span><\/span>\n<p><\/p>\n<\/li>\n<li><a href=\"https:\/\/ankercanis.com\/pl\/our-dogs-2\/pretty-elba-padija-aka-raven\/\"><b>Raven<\/b><\/a><span style=\"font-weight: 400;\"> linia wystawowa pochodz\u0105ca z hodowli Elba Padjia ze S\u0142owacji, do\u0142\u0105czy\u0142a w 2023 roku.<\/span><\/li>\n<li style=\"list-style-type: none;\">&nbsp;<\/li>\n<\/ul>\n<p><!-- \/wp:paragraph --><!-- wp:image {\"id\":1037,\"sizeSlug\":\"large\"} --><\/p>\n<figure class=\"wp-block-image size-large\"><\/figure>\t\t\t\t\t\t\t\t<\/div>\n\t\t\t\t<div class=\"elementor-element elementor-element-905a079 gallery-spacing-custom elementor-widget elementor-widget-image-gallery\" data-id=\"905a079\" data-element_type=\"widget\" data-e-type=\"widget\" data-widget_type=\"image-gallery.default\">\n\t\t\t\t\t\t\t<div class=\"elementor-image-gallery\">\n\t\t\t<div id='gallery-1' class='gallery galleryid-1501 gallery-columns-3 gallery-size-medium'><figure class='gallery-item'>\n\t\t\t<div class='gallery-icon portrait'>\n\t\t\t\t<a data-elementor-open-lightbox=\"yes\" data-elementor-lightbox-slideshow=\"905a079\" data-elementor-lightbox-title=\"photo.a3974e0e62ff39cd\" data-e-action-hash=\"#elementor-action%3Aaction%3Dlightbox%26settings%3DeyJpZCI6ODI5NiwidXJsIjoiaHR0cHM6XC9cL2Fua2VyY2FuaXMuY29tXC93cC1jb250ZW50XC91cGxvYWRzXC8yMDI1XC8wOFwvcGhvdG8uYTM5NzRlMGU2MmZmMzljZC5qcGciLCJzbGlkZXNob3ciOiI5MDVhMDc5In0%3D\" href='https:\/\/ankercanis.com\/wp-content\/uploads\/2025\/08\/photo.a3974e0e62ff39cd.jpg'><img decoding=\"async\" width=\"121\" height=\"300\" src=\"https:\/\/ankercanis.com\/wp-content\/uploads\/2025\/08\/photo.a3974e0e62ff39cd-121x300.jpg\" class=\"attachment-medium size-medium\" alt=\"\" aria-describedby=\"gallery-1-8296\" srcset=\"https:\/\/ankercanis.com\/wp-content\/uploads\/2025\/08\/photo.a3974e0e62ff39cd-121x300.jpg 121w, https:\/\/ankercanis.com\/wp-content\/uploads\/2025\/08\/photo.a3974e0e62ff39cd.jpg 348w\" sizes=\"(max-width: 121px) 100vw, 121px\" \/><\/a>\n\t\t\t<\/div>\n\t\t\t\t<figcaption class='wp-caption-text gallery-caption' id='gallery-1-8296'>\n\t\t\t\tBelle\n\t\t\t\t<\/figcaption><\/figure><figure class='gallery-item'>\n\t\t\t<div class='gallery-icon portrait'>\n\t\t\t\t<a data-elementor-open-lightbox=\"yes\" data-elementor-lightbox-slideshow=\"905a079\" data-elementor-lightbox-title=\"photo.b45e36577952e788\" data-e-action-hash=\"#elementor-action%3Aaction%3Dlightbox%26settings%3DeyJpZCI6ODExNiwidXJsIjoiaHR0cHM6XC9cL2Fua2VyY2FuaXMuY29tXC93cC1jb250ZW50XC91cGxvYWRzXC8yMDI1XC8wOFwvcGhvdG8uYjQ1ZTM2NTc3OTUyZTc4OC5qcGciLCJzbGlkZXNob3ciOiI5MDVhMDc5In0%3D\" href='https:\/\/ankercanis.com\/wp-content\/uploads\/2025\/08\/photo.b45e36577952e788.jpg'><img decoding=\"async\" width=\"144\" height=\"300\" src=\"https:\/\/ankercanis.com\/wp-content\/uploads\/2025\/08\/photo.b45e36577952e788-144x300.jpg\" class=\"attachment-medium size-medium\" alt=\"\" aria-describedby=\"gallery-1-8116\" srcset=\"https:\/\/ankercanis.com\/wp-content\/uploads\/2025\/08\/photo.b45e36577952e788-144x300.jpg 144w, https:\/\/ankercanis.com\/wp-content\/uploads\/2025\/08\/photo.b45e36577952e788.jpg 370w\" sizes=\"(max-width: 144px) 100vw, 144px\" \/><\/a>\n\t\t\t<\/div>\n\t\t\t\t<figcaption class='wp-caption-text gallery-caption' id='gallery-1-8116'>\n\t\t\t\tIvy\n\t\t\t\t<\/figcaption><\/figure><figure class='gallery-item'>\n\t\t\t<div class='gallery-icon portrait'>\n\t\t\t\t<a data-elementor-open-lightbox=\"yes\" data-elementor-lightbox-slideshow=\"905a079\" data-elementor-lightbox-title=\"Messenger_creation_638CA36E-AB8F-4C1B-868F-155F306C180E\" data-e-action-hash=\"#elementor-action%3Aaction%3Dlightbox%26settings%3DeyJpZCI6ODEyNywidXJsIjoiaHR0cHM6XC9cL2Fua2VyY2FuaXMuY29tXC93cC1jb250ZW50XC91cGxvYWRzXC8yMDI1XC8wOFwvTWVzc2VuZ2VyX2NyZWF0aW9uXzYzOENBMzZFLUFCOEYtNEMxQi04NjhGLTE1NUYzMDZDMTgwRS5qcGVnIiwic2xpZGVzaG93IjoiOTA1YTA3OSJ9\" href='https:\/\/ankercanis.com\/wp-content\/uploads\/2025\/08\/Messenger_creation_638CA36E-AB8F-4C1B-868F-155F306C180E.jpeg'><img fetchpriority=\"high\" decoding=\"async\" width=\"225\" height=\"300\" src=\"https:\/\/ankercanis.com\/wp-content\/uploads\/2025\/08\/Messenger_creation_638CA36E-AB8F-4C1B-868F-155F306C180E-225x300.jpeg\" class=\"attachment-medium size-medium\" alt=\"\" aria-describedby=\"gallery-1-8127\" srcset=\"https:\/\/ankercanis.com\/wp-content\/uploads\/2025\/08\/Messenger_creation_638CA36E-AB8F-4C1B-868F-155F306C180E-225x300.jpeg 225w, https:\/\/ankercanis.com\/wp-content\/uploads\/2025\/08\/Messenger_creation_638CA36E-AB8F-4C1B-868F-155F306C180E-768x1024.jpeg 768w, https:\/\/ankercanis.com\/wp-content\/uploads\/2025\/08\/Messenger_creation_638CA36E-AB8F-4C1B-868F-155F306C180E-1152x1536.jpeg 1152w, https:\/\/ankercanis.com\/wp-content\/uploads\/2025\/08\/Messenger_creation_638CA36E-AB8F-4C1B-868F-155F306C180E.jpeg 1536w\" sizes=\"(max-width: 225px) 100vw, 225px\" \/><\/a>\n\t\t\t<\/div>\n\t\t\t\t<figcaption class='wp-caption-text gallery-caption' id='gallery-1-8127'>\n\t\t\t\tRaven\n\t\t\t\t<\/figcaption><\/figure>\n\t\t<\/div>\n\t\t<\/div>\n\t\t\t\t\t\t<\/div>\n\t\t\t\t\t<\/div>\n\t\t\t\t<\/div>\n\t\t\t\t<\/div>","protected":false},"excerpt":{"rendered":"<p>We always have a dog that lives with us &#8211; we try not to have too many (which is very difficult sometimes!) so we keep females on a breeding contract that live with other people and only come to us to have one litter of pups. This allows us to continue our work with the&#8230;<\/p>","protected":false},"author":3,"featured_media":0,"parent":0,"menu_order":0,"comment_status":"closed","ping_status":"closed","template":"","meta":{"_kad_post_transparent":"","_kad_post_title":"","_kad_post_layout":"","_kad_post_sidebar_id":"","_kad_post_content_style":"","_kad_post_vertical_padding":"","_kad_post_feature":"","_kad_post_feature_position":"","_kad_post_header":false,"_kad_post_footer":false,"_kad_post_classname":"","footnotes":""},"class_list":["post-1501","page","type-page","status-publish","hentry"],"_links":{"self":[{"href":"https:\/\/ankercanis.com\/pl\/wp-json\/wp\/v2\/pages\/1501","targetHints":{"allow":["GET"]}}],"collection":[{"href":"https:\/\/ankercanis.com\/pl\/wp-json\/wp\/v2\/pages"}],"about":[{"href":"https:\/\/ankercanis.com\/pl\/wp-json\/wp\/v2\/types\/page"}],"author":[{"embeddable":true,"href":"https:\/\/ankercanis.com\/pl\/wp-json\/wp\/v2\/users\/3"}],"replies":[{"embeddable":true,"href":"https:\/\/ankercanis.com\/pl\/wp-json\/wp\/v2\/comments?post=1501"}],"version-history":[{"count":21,"href":"https:\/\/ankercanis.com\/pl\/wp-json\/wp\/v2\/pages\/1501\/revisions"}],"predecessor-version":[{"id":10913,"href":"https:\/\/ankercanis.com\/pl\/wp-json\/wp\/v2\/pages\/1501\/revisions\/10913"}],"wp:attachment":[{"href":"https:\/\/ankercanis.com\/pl\/wp-json\/wp\/v2\/media?parent=1501"}],"curies":[{"name":"wp","href":"https:\/\/api.w.org\/{rel}","templated":true}]}}