{"id":12445,"date":"2025-11-20T21:00:05","date_gmt":"2025-11-20T21:00:05","guid":{"rendered":"https:\/\/ankercanis.com\/?page_id=12445"},"modified":"2025-11-20T21:27:02","modified_gmt":"2025-11-20T21:27:02","slug":"whelping-services","status":"publish","type":"page","link":"https:\/\/ankercanis.com\/pl\/whelping-services\/","title":{"rendered":"Polo\u017cnictwo"},"content":{"rendered":"<p>Rozumiemy, \u017ce sprowadzenie na ten \u015bwiat nowego \u017cycia mo\u017ce by\u0107 przera\u017caj\u0105ce.<\/p>\n\n\n\n<p>Oferujemy lata naszej wiedzy, pocz\u0105wszy od krycia, a\u017c po bezpieczne sprowadzenie miotu na \u015bwiat. Oferta ta jest skierowana wy\u0142\u0105cznie do w\u0142a\u015bcicieli i hodowc\u00f3w ps\u00f3w rasowych, poniewa\u017c nie zach\u0119camy do krzy\u017cowania ras. \u015awiat jest pe\u0142en miesza\u0144c\u00f3w i nie musimy sprowadza\u0107 kolejnych, wype\u0142niaj\u0105c nimi schroniska.<\/p>\n\n\n\n<p>Mamy du\u017ce do\u015bwiadczenie w opiece nad szczeni\u0119tami \u2013 oczywi\u015bcie malinois od 2018 roku, ale tak\u017ce owczarki niemieckie, charty afga\u0144skie, border collie, pinczery miniaturowe itp. R\u00f3\u017cne rasy stawiaj\u0105 przed sob\u0105 r\u00f3\u017cne wyzwania \u2013 pocz\u0105wszy od krycia, przez ci\u0105\u017c\u0119, zmian\u0119 diety i zachowania, a\u017c po narodziny tych ma\u0142ych istot, kt\u00f3re pozostan\u0105 w twoim \u017cyciu na zawsze. Wiemy, \u017ce niekt\u00f3re sytuacje s\u0105 przera\u017caj\u0105ce i mamy do\u015bwiadczenie w wielu z nich, w tym w przywracaniu do \u017cycia szczeni\u0105t (i koci\u0105t), kt\u00f3re urodzi\u0142y si\u0119 bez oddechu. W niekt\u00f3rych sytuacjach mo\u017cna pom\u00f3c, je\u015bli wiesz, jak to zrobi\u0107.<\/p>\n\n\n\n<p>Je\u015bli chcesz, pomo\u017cemy Ci r\u00f3wnie\u017c w wychowaniu szczeni\u0105t. Skontaktuj si\u0119 z nami, aby uzyska\u0107 wi\u0119cej informacji.<\/p>","protected":false},"excerpt":{"rendered":"<p>We understand that bringing new life into this world might be scary. We are offering years of our knowledge starting from mating and ending on bringing your litter safely to this world. This offer is limited to owners and breeders of pure breed dogs only as we do not encourage cross breeding. the world is&#8230;<\/p>","protected":false},"author":1,"featured_media":0,"parent":0,"menu_order":0,"comment_status":"closed","ping_status":"closed","template":"","meta":{"_kad_post_transparent":"","_kad_post_title":"","_kad_post_layout":"","_kad_post_sidebar_id":"","_kad_post_content_style":"","_kad_post_vertical_padding":"","_kad_post_feature":"","_kad_post_feature_position":"","_kad_post_header":false,"_kad_post_footer":false,"_kad_post_classname":"","footnotes":""},"class_list":["post-12445","page","type-page","status-publish","hentry"],"_links":{"self":[{"href":"https:\/\/ankercanis.com\/pl\/wp-json\/wp\/v2\/pages\/12445","targetHints":{"allow":["GET"]}}],"collection":[{"href":"https:\/\/ankercanis.com\/pl\/wp-json\/wp\/v2\/pages"}],"about":[{"href":"https:\/\/ankercanis.com\/pl\/wp-json\/wp\/v2\/types\/page"}],"author":[{"embeddable":true,"href":"https:\/\/ankercanis.com\/pl\/wp-json\/wp\/v2\/users\/1"}],"replies":[{"embeddable":true,"href":"https:\/\/ankercanis.com\/pl\/wp-json\/wp\/v2\/comments?post=12445"}],"version-history":[{"count":3,"href":"https:\/\/ankercanis.com\/pl\/wp-json\/wp\/v2\/pages\/12445\/revisions"}],"predecessor-version":[{"id":12459,"href":"https:\/\/ankercanis.com\/pl\/wp-json\/wp\/v2\/pages\/12445\/revisions\/12459"}],"wp:attachment":[{"href":"https:\/\/ankercanis.com\/pl\/wp-json\/wp\/v2\/media?parent=12445"}],"curies":[{"name":"wp","href":"https:\/\/api.w.org\/{rel}","templated":true}]}}