{"id":11308,"date":"2025-09-26T14:46:30","date_gmt":"2025-09-26T14:46:30","guid":{"rendered":"https:\/\/ankercanis.com\/?page_id=11308"},"modified":"2026-01-18T18:35:08","modified_gmt":"2026-01-18T18:35:08","slug":"k-purple","status":"publish","type":"page","link":"https:\/\/ankercanis.com\/pl\/litters\/k-litter-planned-spring-2025\/k-purple\/","title":{"rendered":"k purple"},"content":{"rendered":"<h2>Krishna -aka-Karma-  purple girl<\/h2>\n<ul>\n<li>Urodzona: 2025.09.15<\/li>\n<li>Czas: 09:52<\/li>\n<li>Waga: 355g<\/li>\n<\/ul>\n<p><a href=\"https:\/\/belgianshepherd.breedarchive.com\/animal\/view\/ankercanis-krishna-afd2225d-f628-4c3b-8753-67d0dc899aea\"><b>Strona Breed Archive Karmy<\/b><\/a><\/p>\n<p>W\u0142a\u015bciciele Karmy r\u00f3wnie\u017c musieli d\u0142ugo na ni\u0105 czeka\u0107. Okoliczno\u015bci czasami si\u0119 zmieniaj\u0105 i potrzebny jest odpowiedni pies. Karma ma w nowym domu ca\u0142\u0105 sfor\u0119 ps\u00f3w i b\u0119dzie szkolona w zakresie ochrony.<\/p>\n<figure><img decoding=\"async\" src=\"https:\/\/ankercanis.com\/wp-content\/uploads\/2025\/09\/549148546_1670748540810966_7687951916605302247_n-1024x768.jpg\" alt=\"549148546_1670748540810966_7687951916605302247_n\" \/><\/figure>\n<figure><img decoding=\"async\" src=\"https:\/\/ankercanis.com\/wp-content\/uploads\/2025\/10\/IMG_3498-1024x768.jpeg\" alt=\"IMG_3498\" \/><\/figure>\n<figure><img decoding=\"async\" src=\"https:\/\/ankercanis.com\/wp-content\/uploads\/2025\/10\/IMG_3582-768x1024.jpeg\" alt=\"IMG_3582\" \/><\/figure>\n<figure><img decoding=\"async\" src=\"https:\/\/ankercanis.com\/wp-content\/uploads\/2025\/10\/IMG_4012-768x1024.jpeg\" alt=\"IMG_4012\" \/><\/figure>\n<p>\t\t\t\t\t\t<svg aria-hidden=\"true\" viewbox=\"0 0 1000 1000\" xmlns=\"http:\/\/www.w3.org\/2000\/svg\"><path d=\"M646 125C629 125 613 133 604 142L308 442C296 454 292 471 292 487 292 504 296 521 308 533L604 854C617 867 629 875 646 875 663 875 679 871 692 858 704 846 713 829 713 812 713 796 708 779 692 767L438 487 692 225C700 217 708 204 708 187 708 171 704 154 692 142 675 129 663 125 646 125Z\"><\/path><\/svg><br \/>\n\t\t\t\t\t\t<svg aria-hidden=\"true\" viewbox=\"0 0 1000 1000\" xmlns=\"http:\/\/www.w3.org\/2000\/svg\"><path d=\"M696 533C708 521 713 504 713 487 713 471 708 454 696 446L400 146C388 133 375 125 354 125 338 125 325 129 313 142 300 154 292 171 292 187 292 204 296 221 308 233L563 492 304 771C292 783 288 800 288 817 288 833 296 850 308 863 321 871 338 875 354 875 371 875 388 867 400 854L696 533Z\"><\/path><\/svg><\/p>","protected":false},"excerpt":{"rendered":"<p>Krishna -aka-Karma- purple girl Date: 2025.09.15 Time: 09:52 Weight: 355g Breed archive page for Karma Karma&#8217;s owner was another long wait. Circumstances change sometimes and the right dog needs to come along too. Karma has full pack of dogs living in her new home and she will be trained in Protection.<\/p>","protected":false},"author":3,"featured_media":0,"parent":3277,"menu_order":0,"comment_status":"closed","ping_status":"closed","template":"","meta":{"_kad_post_transparent":"","_kad_post_title":"hide","_kad_post_layout":"left","_kad_post_sidebar_id":"","_kad_post_content_style":"unboxed","_kad_post_vertical_padding":"hide","_kad_post_feature":"hide","_kad_post_feature_position":"","_kad_post_header":false,"_kad_post_footer":false,"_kad_post_classname":"","footnotes":""},"class_list":["post-11308","page","type-page","status-publish","hentry"],"_links":{"self":[{"href":"https:\/\/ankercanis.com\/pl\/wp-json\/wp\/v2\/pages\/11308","targetHints":{"allow":["GET"]}}],"collection":[{"href":"https:\/\/ankercanis.com\/pl\/wp-json\/wp\/v2\/pages"}],"about":[{"href":"https:\/\/ankercanis.com\/pl\/wp-json\/wp\/v2\/types\/page"}],"author":[{"embeddable":true,"href":"https:\/\/ankercanis.com\/pl\/wp-json\/wp\/v2\/users\/3"}],"replies":[{"embeddable":true,"href":"https:\/\/ankercanis.com\/pl\/wp-json\/wp\/v2\/comments?post=11308"}],"version-history":[{"count":29,"href":"https:\/\/ankercanis.com\/pl\/wp-json\/wp\/v2\/pages\/11308\/revisions"}],"predecessor-version":[{"id":12667,"href":"https:\/\/ankercanis.com\/pl\/wp-json\/wp\/v2\/pages\/11308\/revisions\/12667"}],"up":[{"embeddable":true,"href":"https:\/\/ankercanis.com\/pl\/wp-json\/wp\/v2\/pages\/3277"}],"wp:attachment":[{"href":"https:\/\/ankercanis.com\/pl\/wp-json\/wp\/v2\/media?parent=11308"}],"curies":[{"name":"wp","href":"https:\/\/api.w.org\/{rel}","templated":true}]}}