{"id":10236,"date":"2025-09-13T12:01:25","date_gmt":"2025-09-13T12:01:25","guid":{"rendered":"https:\/\/ankercanis.com\/?page_id=10236"},"modified":"2025-09-01T19:08:36","modified_gmt":"2025-09-01T19:08:36","slug":"ankercanis-finch","status":"publish","type":"page","link":"https:\/\/ankercanis.com\/pl\/ankercanis-finch\/","title":{"rendered":"AnkerCanis Finch"},"content":{"rendered":"<div data-elementor-type=\"wp-page\" data-elementor-id=\"10236\" class=\"elementor elementor-10236\">\n\t\t\t\t<div class=\"elementor-element elementor-element-2469647 e-flex e-con-boxed e-con e-parent\" data-id=\"2469647\" data-element_type=\"container\" data-e-type=\"container\">\n\t\t\t\t\t<div class=\"e-con-inner\">\n\t\t\t\t<div class=\"elementor-element elementor-element-e846286 elementor-widget elementor-widget-text-editor\" data-id=\"e846286\" data-element_type=\"widget\" data-e-type=\"widget\" data-widget_type=\"text-editor.default\">\n\t\t\t\t\t\t\t\t\t<p><strong><a href=\"https:\/\/ankercanis.com\/pl\/litters\/d-litter\/light-blue-boy\/\">AnkerCanis Finch aka Dave<\/a> &nbsp;<\/strong><\/p>\n<p><!-- \/wp:paragraph --><!-- wp:paragraph --><\/p>\n<p>pollo, urodzony 05.05.2022, wr\u00f3ci\u0142 do nas maj\u0105c prawie 16 miesi\u0119cy (koniec sierpnia 2023) po bardzo nieprzewidzianych okoliczno\u015bciach (bardzo kochany i zadbany pies w swoim pierwszym domu).<br>Niestety, potem dwukrotnie trafia\u0142 do nowych niestety nieodpowiednich dom\u00f3w, p\u00f3\u017aniej trafi\u0142 do domu tymczasowego, w kt\u00f3rym przebywa\u0142 od ko\u0144ca wrze\u015bnia 2023. <br>Znalaz\u0142 nowy dom w marcu 2024 roku. Niestety historia Dave'a nie sko\u0144czy\u0142a si\u0119 dobrze, poniewa\u017c wygl\u0105da na to, \u017ce cierpia\u0142 na zesp\u00f3\u0142 stresu pourazowego (PTSD) i zacz\u0105\u0142 zachowywa\u0107 si\u0119 coraz agresywniej, mimo pracy w niego w\u0142o\u017conej. Niestety, 27.06.2024 roku zosta\u0142 u\u015bpiony bez mojej wiedzy. Kilka dni p\u00f3\u017aniej poinformowano mnie o tym, \u017ce nic nie mo\u017cna by\u0142o zrobi\u0107.<\/p>\t\t\t\t\t\t\t\t<\/div>\n\t\t\t\t\t<\/div>\n\t\t\t\t<\/div>\n\t\t\t\t<\/div>","protected":false},"excerpt":{"rendered":"<p>AnkerCanis Finch aka Dave &nbsp; Born 05.05.2022, Apollo came back to us at almost 16 months old (end of August 2023) after very unforeseen circumstances (very loved and cared for dog in his first home).Unfortunately then he was rehomed twice and it didn&#8217;t work out and then landed in foster home where he was since&#8230;<\/p>","protected":false},"author":3,"featured_media":0,"parent":0,"menu_order":0,"comment_status":"closed","ping_status":"closed","template":"","meta":{"_kad_post_transparent":"","_kad_post_title":"hide","_kad_post_layout":"left","_kad_post_sidebar_id":"","_kad_post_content_style":"unboxed","_kad_post_vertical_padding":"hide","_kad_post_feature":"hide","_kad_post_feature_position":"","_kad_post_header":false,"_kad_post_footer":false,"_kad_post_classname":"","footnotes":""},"class_list":["post-10236","page","type-page","status-publish","hentry"],"_links":{"self":[{"href":"https:\/\/ankercanis.com\/pl\/wp-json\/wp\/v2\/pages\/10236","targetHints":{"allow":["GET"]}}],"collection":[{"href":"https:\/\/ankercanis.com\/pl\/wp-json\/wp\/v2\/pages"}],"about":[{"href":"https:\/\/ankercanis.com\/pl\/wp-json\/wp\/v2\/types\/page"}],"author":[{"embeddable":true,"href":"https:\/\/ankercanis.com\/pl\/wp-json\/wp\/v2\/users\/3"}],"replies":[{"embeddable":true,"href":"https:\/\/ankercanis.com\/pl\/wp-json\/wp\/v2\/comments?post=10236"}],"version-history":[{"count":17,"href":"https:\/\/ankercanis.com\/pl\/wp-json\/wp\/v2\/pages\/10236\/revisions"}],"predecessor-version":[{"id":11026,"href":"https:\/\/ankercanis.com\/pl\/wp-json\/wp\/v2\/pages\/10236\/revisions\/11026"}],"wp:attachment":[{"href":"https:\/\/ankercanis.com\/pl\/wp-json\/wp\/v2\/media?parent=10236"}],"curies":[{"name":"wp","href":"https:\/\/api.w.org\/{rel}","templated":true}]}}